{"id":14920,"date":"2024-12-20T11:07:59","date_gmt":"2024-12-20T10:07:59","guid":{"rendered":"https:\/\/drugi-krog.si\/pogoji-poslovanja\/"},"modified":"2025-01-14T11:48:51","modified_gmt":"2025-01-14T10:48:51","slug":"uvjeti-poslovanja","status":"publish","type":"page","link":"https:\/\/drugi-krog.si\/hr\/uvjeti-poslovanja\/","title":{"rendered":"Uvjeti poslovanja"},"content":{"rendered":"<section data-bb-version=\"5.2.5\" id=\"servis\" class=\"bt_bb_section bt_bb_layout_wide bt_bb_vertical_align_top bt_bb_top_spacing_large bt_bb_bottom_spacing_medium\"  data-bt-override-class=\"{&quot;bt_bb_top_spacing_&quot;:{&quot;current_class&quot;:&quot;bt_bb_top_spacing_large&quot;,&quot;def&quot;:&quot;large&quot;},&quot;bt_bb_bottom_spacing_&quot;:{&quot;current_class&quot;:&quot;bt_bb_bottom_spacing_medium&quot;,&quot;def&quot;:&quot;medium&quot;},&quot;bt_bb_animation_&quot;:{&quot;current_class&quot;:&quot;bt_bb_animation_no_animation&quot;,&quot;def&quot;:&quot;no_animation&quot;}}\"><div class=\"bt_bb_background_image_holder_wrapper\"><div class=\"bt_bb_background_image_holder btLazyLoadBackground bt_bb_parallax\"  data-background_image_src=\"https:\/\/drugi-krog.si\/wp-content\/uploads\/2021\/05\/background_04_01.jpg\" data-parallax=\"0.6\" data-parallax-offset=\"0\" data-parallax-zoom-start=\"1\" data-parallax-zoom-end=\"1\" data-parallax-blur-start=\"0\" data-parallax-blur-end=\"0\" data-parallax-opacity-start=\"1\" data-parallax-opacity-end=\"1\" style=\" background-image: url(&#039;https:\/\/drugi-krog.si\/wp-content\/plugins\/bold-page-builder\/img\/blank.gif&#039;);\"><\/div><\/div><div class=\"bt_bb_port\"><div class=\"bt_bb_cell\"><div class=\"bt_bb_cell_inner\"><div class=\"bt_bb_row bt_bb_row_width_boxed_1200 bt_bb_row_width_boxed  bt_bb_column_gap_0\" style=\"; --column-gap:0px;\" data-bt-override-class=\"{}\"><div class=\"bt_bb_row_holder\" ><div data-bb-version=\"5.2.5\"  class=\"bt_bb_column col-xxl-12 col-xl-12 col-xs-12 col-sm-12 col-md-12 col-lg-12 bt_bb_vertical_align_top bt_bb_align_left bt_bb_padding_normal\" style=\"; --column-width:12;\" data-width=\"12\" data-bt-override-class=\"{&quot;bt_bb_align_&quot;:{&quot;current_class&quot;:&quot;bt_bb_align_left&quot;,&quot;def&quot;:&quot;left&quot;},&quot;bt_bb_padding_&quot;:{&quot;current_class&quot;:&quot;bt_bb_padding_normal&quot;,&quot;def&quot;:&quot;normal&quot;},&quot;bt_bb_animation_&quot;:{&quot;current_class&quot;:&quot;bt_bb_animation_no_animation&quot;,&quot;def&quot;:&quot;no_animation&quot;}}\"><div class=\"bt_bb_column_content\"><div class=\"bt_bb_column_content_inner\"><div  class=\"bt_bb_text\" ><\/p>\n<h3><span style=\"font-weight: 400;\">Uvjeti poslovanja<\/span><\/h3>\n<p><span style=\"font-weight: 400;\">Op\u0107i uvjeti poslovanja internet trgovine<\/span> <a href=\"https:\/\/drugi-krog.si\/hr\/\"><span style=\"font-weight: 400;\">https:\/\/drugi-krog.si<\/span><\/a> <span style=\"font-weight: 400;\">odre\u0111uju uvjete kupoprodaje proizvoda koju obavlja tvrtka Drugi krog, Alen Haber sp Op\u0107i uvjeti poslovanja internet trgovine<\/span> <a href=\"https:\/\/drugi-krog.si\/hr\/\"><span style=\"font-weight: 400;\">https:\/\/ drugi-krog.si<\/span><\/a><span style=\"font-weight: 400;\"> (u daljnjem tekstu Internet trgovina) sastavljeni su u skladu sa Zakonom o za\u0161titi potro\u0161a\u010da i me\u0111unarodnim kodeksima za e-poslovanje. Internet trgovina je informacijski sustav namijenjen predstavljanju i prodaji proizvoda korisnicima. Njime upravlja tvrtka Drugi krog, Alen Haber sp (u daljnjem tekstu davatelj). Korisnik je osoba koja koristi na\u0161 sustav, odnosno kupac u online trgovini. <\/span><span style=\"font-weight: 400;\"><br \/>\n<\/span><span style=\"font-weight: 400;\"><br \/>\n<\/span><span style=\"font-weight: 400;\">Ponuditelj i kupac ovim Op\u0107im uvjetima ure\u0111uju me\u0111usobne obveze kupnje putem internet trgovine. Svaki korisnik usluge internet trgovine ima svoje korisni\u010dko ime i lozinku, kojima se predstavlja. Lozinka je tajna i poznata samo korisniku te se dobiva putem e-maila. Korisnik se ovime obvezuje osigurati da samo on ili osoba ovla\u0161tena za postupanje u njegovo ime postupa u njegovo ime i uz njegovu lozinku. <\/span><span style=\"font-weight: 400;\"><br \/>\n<\/span><span style=\"font-weight: 400;\"><br \/>\n<\/span><span style=\"font-weight: 400;\">Op\u0107i uvjeti poslovanja ure\u0111uju rad internet trgovine, prava kupca te poslovni odnos izme\u0111u ponu\u0111a\u010da i kupca. <\/span><\/p>\n<p>&nbsp;<\/p>\n<h4><span style=\"font-weight: 400;\">PODACI O PONU\u0110A\u010cU<\/span><\/h4>\n<p><span style=\"font-weight: 400;\">Naslov: Drugo kolo, Alen Haber sp<\/span><b><br \/>\n<\/b><span style=\"font-weight: 400;\">Adresa: \u0160kocjan 40c, 6000 Koper \u2013 Capodistria<\/span><span style=\"font-weight: 400;\"><br \/>\n<\/span><span style=\"font-weight: 400;\">E-mail:<\/span> <a href=\"mailto:servis@drugi-krog.si\"><b>servis@drugi-krog.si<\/b><b><br \/>\n<\/b><\/a><span style=\"font-weight: 400;\">Identifikacijski br. za PDV: 22350489 <\/span><span style=\"font-weight: 400;\"><br \/>\n<\/span><span style=\"font-weight: 400;\">Dioni\u010dki kapital:<\/span><span style=\"font-weight: 400;\"><br \/>\n<\/span><span style=\"font-weight: 400;\">Banke i poslovni ra\u010duni: SI56 0700 0000 3895319 <\/span><\/p>\n<p>&nbsp;<\/p>\n<h4><span style=\"font-weight: 400;\">NA\u010cIN PLA\u0106ANJA<\/span><\/h4>\n<p><span style=\"font-weight: 400;\">Pla\u0107anje po predra\u010dunu &#8211; Provjerom raspolo\u017eivosti proizvoda \u0161aljemo predra\u010dun sa svim podacima na va\u0161u e-mail adresu. Nakon uplate avansnog ra\u010duna i primitka iznosa kupnje na na\u0161 poslovni ra\u010dun, roba \u0107e biti poslana na Va\u0161u adresu za dostavu. <\/span><span style=\"font-weight: 400;\"><br \/>\n<\/span><span style=\"font-weight: 400;\"><br \/>\n<\/span><span style=\"font-weight: 400;\">Do potpunog pla\u0107anja proizvoda iz pojedina\u010dne narud\u017ebe, naru\u010deni proizvodi ostaju u vlasni\u0161tvu ponu\u0111a\u010da, \u010dak i ako su ve\u0107 isporu\u010deni kupcu. U slu\u010daju nepla\u0107anja odn U slu\u010daju nepotpune uplate, ponu\u0111a\u010d ima i alternativno pravo tra\u017eiti od kupca povrat proizvoda u besprijekornom stanju. <\/span><span style=\"font-weight: 400;\"><br \/>\n<\/span><span style=\"font-weight: 400;\"><br \/>\n<\/span><span style=\"font-weight: 400;\">Pru\u017eatelj izdaje ra\u010dun na trajnom mediju (papiru) koji je uz jamstveni list va\u017ee\u0107i dokaz reklamacije ili servisna intervencija. <\/span><\/p>\n<p>&nbsp;<\/p>\n<h4><span style=\"font-weight: 400;\">CIJENE U ONLINE TRGOVINI<\/span><\/h4>\n<p><span style=\"font-weight: 400;\">Sve cijene su u EUR. Cijene uklju\u010duju PDV. Zadr\u017eavamo pravo promjene cijena, osim ako nije druga\u010dije navedeno (primjerice akcije i posebni popusti). Cijene vrijede u trenutku slanja narud\u017ebe i vrijede do otkazivanja. Cijene vrijede u slu\u010daju pla\u0107anja gore navedenim na\u010dinima pla\u0107anja, pod gore navedenim uvjetima. Navedene cijene vrijede samo za kupnju u web trgovini i mogu se razlikovati od maloprodajnih cijena. <\/span><span style=\"font-weight: 400;\"><br \/>\n<\/span><span style=\"font-weight: 400;\"><br \/>\n<\/span><span style=\"font-weight: 400;\">Unato\u010d na\u0161im naporima da pru\u017eimo naja\u017eurnije i najto\u010dnije podatke, mo\u017ee se dogoditi da podaci o cijeni budu neto\u010dni. U tom slu\u010daju ili u slu\u010daju da se cijena proizvoda promijeni tijekom obrade narud\u017ebe, ponu\u0111a\u010d \u0107e kupcu omogu\u0107iti odustanak od kupnje, a ujedno \u0107e ponu\u0111a\u010d kupcu ponuditi rje\u0161enje koje \u0107e obostrano zadovoljavaju\u0107e. <\/span><\/p>\n<p>&nbsp;<\/p>\n<h4><span style=\"font-weight: 400;\">PRAVO NA ODUSTAJANJE KUPNJE I POVRAT ROBE<\/span><\/h4>\n<p><span style=\"font-weight: 400;\">Potro\u0161a\u010d ima pravo pisanim putem obavijestiti tvrtku o odustajanju od ugovora u roku od 15 dana od dana isporuke robe, na kontakt e-mail adresu<\/span> <a href=\"mailto:servis@drugi-krog.si\"><b>servis@drugi-krog.si<\/b><\/a><span style=\"font-weight: 400;\">. Potro\u0161nik mora nato blago vrniti podjetju v 15 dneh po pisnem sporo\u010dilu, pri \u010demer sam krije neposredne stro\u0161ke vra\u010dila. Izdelki morajo biti nerabljeni, nepo\u0161kodovani in v originalni embala\u017ei. Prilo\u017eena mora biti kopija ra\u010duna. Stro\u0161ke vra\u010dila blaga krije kupec. Ponudnik vrne celotno kupnino takoj ko je mogo\u010de, najkasneje pa v roku 15 dni od prejetja sporo\u010dila o odstopu od pogodbe in vra\u010dilu izdelka. Kupec mora blago vrniti na naslov: <\/span><span style=\"font-weight: 400;\"><br \/>\n<\/span><span style=\"font-weight: 400;\">Drugi krog, Alen Haber sp<\/span><span style=\"font-weight: 400;\"><br \/>\n<\/span><a href=\"https:\/\/www.google.com\/maps\/place\/%C5%A0kocjan+40c,+6000+Koper+-+Capodistria\/@45.5329748,13.767807,3a,75y,280.03h,77.6t\/data=!3m7!1e1!3m5!1s1hIeVosgnf4wuSZqfQOXtA!2e0!6shttps:%2F%2Fstreetviewpixels-pa.googleapis.com%2Fv1%2Fthumbnail%3Fpanoid%3D1hIeVosgnf4wuSZqfQOXtA%26cb_client%3Dsearch.gws-prod.gps%26w%3D86%26h%3D86%26yaw%3D348.29587%26pitch%3D0%26thumbfov%3D100!7i13312!8i6656!4m9!1m2!2m1!1s%C5%A0kocjan+40+C!3m5!1s0x477b687379fbd1db:0xa4d27b3b471411ca!8m2!3d45.5331737!4d13.7677518!15sCg3FoGtvY2phbiA0MCBDkgEQZ2VvY29kZWRfYWRkcmVzcw\"><span style=\"font-weight: 400;\">\u0160kocjan 40C<\/span><\/a> <span style=\"font-weight: 400;\">,<\/span><span style=\"font-weight: 400;\"><br \/>\n<\/span><span style=\"font-weight: 400;\">6000 Kopar \u2013 Capodistria<\/span><\/p>\n<p>&nbsp;<\/p>\n<h4><span style=\"font-weight: 400;\">JAMSTVO<\/span><\/h4>\n<p><span style=\"font-weight: 400;\">Svi proizvodi u prodaji u internetskoj trgovini imaju jamstvo uvoznika ili proizvo\u0111a\u010da, ako ga samo potonji daje i ono je obvezno po zakonu, kao i zajam\u010deni servis i rezervne dijelove u Sloveniji. Za pravo na jamstvo i servisno odr\u017eavanje mo\u017eete se obratiti najbli\u017eem ovla\u0161tenom servisu. Prilikom ostvarivanja jamstva vrijede uvjeti jamstva navedeni na jamstvenom listu prilo\u017eenom uz proizvod. Jamstvo se u pravilu ne odnosi na potro\u0161ni materijal, baterije i sl. Jamstvo se ostvaruje uz kopiju ra\u010duna i jamstvenog lista. Sve tvorni\u010dke nedostatke i nedostatke koji se pojave tijekom jamstvenog roka besplatno \u0107emo popraviti u servisu. Servis za proizvode izvan jamstva osigurava se u trajanju od 5 godina, osim ako zakonom nije druga\u010dije odre\u0111eno. <\/span><span style=\"font-weight: 400;\"><br \/>\n<\/span><span style=\"font-weight: 400;\"><br \/>\n<\/span><strong>Jamstvo prestaje kada: <\/strong><\/p>\n<ul>\n<li style=\"font-weight: 400;\" aria-level=\"1\"><span style=\"font-weight: 400;\">nepridr\u017eavanje uputa za uporabu,<\/span><\/li>\n<\/ul>\n<ul>\n<li style=\"font-weight: 400;\" aria-level=\"1\"><span style=\"font-weight: 400;\">popravke koje je izvr\u0161ila neovla\u0161tena osoba,<\/span><\/li>\n<\/ul>\n<ul>\n<li style=\"font-weight: 400;\" aria-level=\"1\"><span style=\"font-weight: 400;\">ugradnja neoriginalnih komponenti proizvoda,<\/span><\/li>\n<\/ul>\n<ul>\n<li style=\"font-weight: 400;\" aria-level=\"1\"><span style=\"font-weight: 400;\">nemarno rukovanje proizvodom,<\/span><\/li>\n<\/ul>\n<ul>\n<li style=\"font-weight: 400;\" aria-level=\"1\"><span style=\"font-weight: 400;\">ozljede uzrokovane mehani\u010dkim udarcima krivnjom kupca ili tre\u0107e osobe,<\/span><\/li>\n<\/ul>\n<ul>\n<li style=\"font-weight: 400;\" aria-level=\"1\"><span style=\"font-weight: 400;\">nepravilna instalacija.<\/span><\/li>\n<\/ul>\n<p><span style=\"font-weight: 400;\"><br \/>\n<\/span><span style=\"font-weight: 400;\">Za dodatne informacije o jamstvu i ovla\u0161tenim servisima mo\u017eete se obratiti na info@nova-sport.si. <\/span><\/p>\n<p>&nbsp;<\/p>\n<h4><span style=\"font-weight: 400;\">VRIJEME ISPORUKE<\/span><\/h4>\n<p><span style=\"font-weight: 400;\">Internet trgovina \u017eeli u najve\u0107oj mogu\u0107oj mjeri iza\u0107i u susret \u017eeljama svih na\u0161ih kupaca, stoga vam pakiranje i dostavu kupljene robe na podru\u010dju Republike Slovenije napla\u0107ujemo prema cjeniku Po\u0161te Slovenije. Po\u0161tarina za po\u0161iljke u inozemstvu napla\u0107uje se prema cjeniku Po\u0161te Slovenije. Bicikle ne \u0161aljemo putem dostavne slu\u017ebe. Sastavljene i servisirane bicikle mo\u017eete naru\u010diti putem internet trgovine, ali samo osobno preuzimanje ili po dogovoru. <\/span><span style=\"font-weight: 400;\"><br \/>\n<\/span> <span style=\"font-weight: 400;\"><br \/>\n<\/span><span style=\"font-weight: 400;\">Dostava se vr\u0161i putem dostavne slu\u017ebe od ponedjeljka do petka. Nema dostave subotom, nedjeljom i praznicima. <\/span><span style=\"font-weight: 400;\"><br \/>\n<\/span><span style=\"font-weight: 400;\"><br \/>\n<\/span><span style=\"font-weight: 400;\">Ukoliko je proizvod na zalihi, rok isporuke je maksimalno dva radna dana od primitka uplate na na\u0161 transakcijski ra\u010dun. Ukoliko proizvoda nema na zalihi, kupac \u0107e biti obavije\u0161ten e-mailom unutar jednog radnog dana. <\/span><\/p>\n<p>&nbsp;<\/p>\n<h4><span style=\"font-weight: 400;\">SIGURNOST<\/span><\/h4>\n<p><span style=\"font-weight: 400;\">Ponuditelj koristi odgovaraju\u0107a tehnolo\u0161ka i organizacijska sredstva za za\u0161titu prijenosa i pohrane osobnih podataka, narud\u017ebi i pla\u0107anja.<\/span><span style=\"font-weight: 400;\"><br \/>\n<\/span><span style=\"font-weight: 400;\"><br \/>\n<\/span><span style=\"font-weight: 400;\">Kupac je odgovoran za pristup svom sustavu te \u0107e osigurati sigurnost svojih korisni\u010dkih podataka i lozinki. Kupac jam\u010di za to\u010dnost i istinitost svih danih podataka te odgovara davatelju za \u0161tetu nastalu neto\u010dnim ili neistinitim podacima. <\/span><\/p>\n<p>&nbsp;<\/p>\n<h4><span style=\"font-weight: 400;\">PRAVO NA PRIVATNOST<\/span><\/h4>\n<p><span style=\"font-weight: 400;\">Pru\u017eatelj se obvezuje trajno \u010duvati sve osobne podatke u skladu sa Zakonom o za\u0161titi osobnih podataka (Slu\u017ebeni glasnik RS br. 86\/2004). Svi podaci dobiveni putem web stranice nova-sport.si koristit \u0107e se isklju\u010divo za slanje informativnog materijala, ponuda, ra\u010duna i ostale potrebne komunikacije. Kupoprodajni ugovor odn predra\u010dun \u0107e davatelj \u010duvati u elektroni\u010dkom obliku dvije godine nakon izdavanja. Kupac mo\u017ee zatra\u017eiti kopiju ra\u010duna putem e-maila <\/span><a href=\"mailto:servis@drugi-krog.si\"><b>servis@drugi-krog.si<\/b><\/a><\/p>\n<p>&nbsp;<\/p>\n<h4><span style=\"font-weight: 400;\">KOMUNIKACIJA<\/span><\/h4>\n<p><span style=\"font-weight: 400;\">Obavijesti o mjese\u010dnim akcijama i reklamne e-mail poruke moraju biti jasno i nedvosmisleno ozna\u010dene kao reklamne poruke. Po\u0161iljatelj mora biti jasno vidljiv. Davatelj \u0107e bezuvjetno uva\u017eiti \u017eelju korisnika da ne prima oglasne poruke i obavijesti o mjese\u010dnim promocijama. <\/span><\/p>\n<p>&nbsp;<\/p>\n<h4><span style=\"font-weight: 400;\">ODRICANJE OD ODGOVORNOSTI<\/span><\/h4>\n<p><span style=\"font-weight: 400;\">Ponuditelj se trudi osigurati dosljednost i a\u017eurnost podataka objavljenih na svojim web stranicama. Unato\u010d tome, karakteristike proizvoda, njihova zaliha i cijena mogu se promijeniti tako brzo da ponu\u0111a\u010d ne uspije na vrijeme ispraviti podatke na web stranici. U tom slu\u010daju ponu\u0111a\u010d \u0107e kupca obavijestiti o promjenama te mu omogu\u0107iti otkazivanje narud\u017ebe ili zamjenu naru\u010denog artikla. Sve fotografije proizvoda su simboli\u010dne i ne jam\u010de karakteristike proizvoda. <\/span><\/p>\n<p>&nbsp;<\/p>\n<h4><span style=\"font-weight: 400;\">PRIGOVORI I SPOROVI<\/span><\/h4>\n<p><span style=\"font-weight: 400;\">Ponuditelj se pridr\u017eava va\u017ee\u0107ih zakona o za\u0161titi potro\u0161a\u010da. Pritu\u017ebe i reklamacije mo\u017eete poslati e-mailom <\/span><a href=\"mailto:servis@drugi-krog.si\"><b>servis@drugi-krog.si<\/b><\/a> <span style=\"font-weight: 400;\">ili po\u0161tom na adresu:<\/span> <span style=\"font-weight: 400;\"><br \/>\n<\/span><span style=\"font-weight: 400;\">Drugi krog, Alen Haber sp<\/span><span style=\"font-weight: 400;\"><br \/>\n<\/span><a href=\"https:\/\/www.google.com\/maps\/place\/%C5%A0kocjan+40c,+6000+Koper+-+Capodistria\/@45.5329748,13.767807,3a,75y,280.03h,77.6t\/data=!3m7!1e1!3m5!1s1hIeVosgnf4wuSZqfQOXtA!2e0!6shttps:%2F%2Fstreetviewpixels-pa.googleapis.com%2Fv1%2Fthumbnail%3Fpanoid%3D1hIeVosgnf4wuSZqfQOXtA%26cb_client%3Dsearch.gws-prod.gps%26w%3D86%26h%3D86%26yaw%3D348.29587%26pitch%3D0%26thumbfov%3D100!7i13312!8i6656!4m9!1m2!2m1!1s%C5%A0kocjan+40+C!3m5!1s0x477b687379fbd1db:0xa4d27b3b471411ca!8m2!3d45.5331737!4d13.7677518!15sCg3FoGtvY2phbiA0MCBDkgEQZ2VvY29kZWRfYWRkcmVzcw\"><span style=\"font-weight: 400;\">\u0160kocjan 40C<\/span><span style=\"font-weight: 400;\"><br \/>\n<\/span><\/a> <span style=\"font-weight: 400;\">6000 Kopar \u2013 Capodistria<\/span><\/p>\n<p><span style=\"font-weight: 400;\"><br \/>\n<\/span><span style=\"font-weight: 400;\">Ponuditelj mora u roku od pet radnih dana potvrditi da je primio prigovor, obavijestiti korisnika odn kupcu, koliko \u0107e vremena trajati njegova obrada, te da ga u svakom trenutku informiramo o tijeku procesa. Davatelj \u0107e se potruditi da se eventualni sporovi rije\u0161e mirnim putem. <\/span><\/p>\n<p>\n<\/div><\/div><\/div><\/div><\/div><\/div><div class=\"bt_bb_row bt_bb_row_width_boxed_1200 bt_bb_row_width_boxed \"  data-bt-override-class=\"{}\"><div class=\"bt_bb_row_holder\" ><\/div><\/div><\/div><!-- cell_inner --><\/div><!-- cell --><\/div><!-- port --><\/section>\n","protected":false},"excerpt":{"rendered":"","protected":false},"author":1,"featured_media":0,"parent":0,"menu_order":0,"comment_status":"closed","ping_status":"closed","template":"","meta":{"_acf_changed":false,"inline_featured_image":false,"_monsterinsights_skip_tracking":false,"_monsterinsights_sitenote_active":false,"_monsterinsights_sitenote_note":"","_monsterinsights_sitenote_category":0,"footnotes":""},"class_list":["post-14920","page","type-page","status-publish","hentry"],"acf":[],"yoast_head":"<!-- This site is optimized with the Yoast SEO plugin v27.5 - https:\/\/yoast.com\/product\/yoast-seo-wordpress\/ -->\n<title>Uvjeti poslovanja - Drugi krog<\/title>\n<meta name=\"robots\" content=\"index, follow, max-snippet:-1, max-image-preview:large, max-video-preview:-1\" \/>\n<link rel=\"canonical\" href=\"https:\/\/drugi-krog.si\/hr\/uvjeti-poslovanja\/\" \/>\n<meta property=\"og:locale\" content=\"hr_HR\" \/>\n<meta property=\"og:type\" content=\"article\" \/>\n<meta property=\"og:title\" content=\"Uvjeti poslovanja - Drugi krog\" \/>\n<meta property=\"og:url\" content=\"https:\/\/drugi-krog.si\/hr\/uvjeti-poslovanja\/\" \/>\n<meta property=\"og:site_name\" content=\"Drugi krog\" \/>\n<meta property=\"article:publisher\" content=\"https:\/\/www.facebook.com\/ServisKolesDrugiKrog\/\" \/>\n<meta property=\"article:modified_time\" content=\"2025-01-14T10:48:51+00:00\" \/>\n<meta name=\"twitter:card\" content=\"summary_large_image\" \/>\n<meta name=\"twitter:label1\" content=\"Procijenjeno vrijeme \u010ditanja\" \/>\n\t<meta name=\"twitter:data1\" content=\"8 minuta\" \/>\n<script type=\"application\/ld+json\" class=\"yoast-schema-graph\">{\"@context\":\"https:\\\/\\\/schema.org\",\"@graph\":[{\"@type\":\"WebPage\",\"@id\":\"https:\\\/\\\/drugi-krog.si\\\/hr\\\/uvjeti-poslovanja\\\/\",\"url\":\"https:\\\/\\\/drugi-krog.si\\\/hr\\\/uvjeti-poslovanja\\\/\",\"name\":\"Uvjeti poslovanja - Drugi krog\",\"isPartOf\":{\"@id\":\"https:\\\/\\\/drugi-krog.si\\\/hr\\\/#website\"},\"datePublished\":\"2024-12-20T10:07:59+00:00\",\"dateModified\":\"2025-01-14T10:48:51+00:00\",\"breadcrumb\":{\"@id\":\"https:\\\/\\\/drugi-krog.si\\\/hr\\\/uvjeti-poslovanja\\\/#breadcrumb\"},\"inLanguage\":\"hr\",\"potentialAction\":[{\"@type\":\"ReadAction\",\"target\":[\"https:\\\/\\\/drugi-krog.si\\\/hr\\\/uvjeti-poslovanja\\\/\"]}]},{\"@type\":\"BreadcrumbList\",\"@id\":\"https:\\\/\\\/drugi-krog.si\\\/hr\\\/uvjeti-poslovanja\\\/#breadcrumb\",\"itemListElement\":[{\"@type\":\"ListItem\",\"position\":1,\"name\":\"Domov\",\"item\":\"https:\\\/\\\/drugi-krog.si\\\/hr\\\/\"},{\"@type\":\"ListItem\",\"position\":2,\"name\":\"Uvjeti poslovanja\"}]},{\"@type\":\"WebSite\",\"@id\":\"https:\\\/\\\/drugi-krog.si\\\/hr\\\/#website\",\"url\":\"https:\\\/\\\/drugi-krog.si\\\/hr\\\/\",\"name\":\"Drugi krog\",\"description\":\"Popravila za vse vrste koles\",\"publisher\":{\"@id\":\"https:\\\/\\\/drugi-krog.si\\\/hr\\\/#organization\"},\"potentialAction\":[{\"@type\":\"SearchAction\",\"target\":{\"@type\":\"EntryPoint\",\"urlTemplate\":\"https:\\\/\\\/drugi-krog.si\\\/hr\\\/?s={search_term_string}\"},\"query-input\":{\"@type\":\"PropertyValueSpecification\",\"valueRequired\":true,\"valueName\":\"search_term_string\"}}],\"inLanguage\":\"hr\"},{\"@type\":\"Organization\",\"@id\":\"https:\\\/\\\/drugi-krog.si\\\/hr\\\/#organization\",\"name\":\"Drugi krog\",\"url\":\"https:\\\/\\\/drugi-krog.si\\\/hr\\\/\",\"logo\":{\"@type\":\"ImageObject\",\"inLanguage\":\"hr\",\"@id\":\"https:\\\/\\\/drugi-krog.si\\\/hr\\\/#\\\/schema\\\/logo\\\/image\\\/\",\"url\":\"https:\\\/\\\/drugi-krog.si\\\/wp-content\\\/uploads\\\/2022\\\/01\\\/logo.svg\",\"contentUrl\":\"https:\\\/\\\/drugi-krog.si\\\/wp-content\\\/uploads\\\/2022\\\/01\\\/logo.svg\",\"caption\":\"Drugi krog\"},\"image\":{\"@id\":\"https:\\\/\\\/drugi-krog.si\\\/hr\\\/#\\\/schema\\\/logo\\\/image\\\/\"},\"sameAs\":[\"https:\\\/\\\/www.facebook.com\\\/ServisKolesDrugiKrog\\\/\"]}]}<\/script>\n<!-- \/ Yoast SEO plugin. -->","yoast_head_json":{"title":"Uvjeti poslovanja - Drugi krog","robots":{"index":"index","follow":"follow","max-snippet":"max-snippet:-1","max-image-preview":"max-image-preview:large","max-video-preview":"max-video-preview:-1"},"canonical":"https:\/\/drugi-krog.si\/hr\/uvjeti-poslovanja\/","og_locale":"hr_HR","og_type":"article","og_title":"Uvjeti poslovanja - Drugi krog","og_url":"https:\/\/drugi-krog.si\/hr\/uvjeti-poslovanja\/","og_site_name":"Drugi krog","article_publisher":"https:\/\/www.facebook.com\/ServisKolesDrugiKrog\/","article_modified_time":"2025-01-14T10:48:51+00:00","twitter_card":"summary_large_image","twitter_misc":{"Procijenjeno vrijeme \u010ditanja":"8 minuta"},"schema":{"@context":"https:\/\/schema.org","@graph":[{"@type":"WebPage","@id":"https:\/\/drugi-krog.si\/hr\/uvjeti-poslovanja\/","url":"https:\/\/drugi-krog.si\/hr\/uvjeti-poslovanja\/","name":"Uvjeti poslovanja - Drugi krog","isPartOf":{"@id":"https:\/\/drugi-krog.si\/hr\/#website"},"datePublished":"2024-12-20T10:07:59+00:00","dateModified":"2025-01-14T10:48:51+00:00","breadcrumb":{"@id":"https:\/\/drugi-krog.si\/hr\/uvjeti-poslovanja\/#breadcrumb"},"inLanguage":"hr","potentialAction":[{"@type":"ReadAction","target":["https:\/\/drugi-krog.si\/hr\/uvjeti-poslovanja\/"]}]},{"@type":"BreadcrumbList","@id":"https:\/\/drugi-krog.si\/hr\/uvjeti-poslovanja\/#breadcrumb","itemListElement":[{"@type":"ListItem","position":1,"name":"Domov","item":"https:\/\/drugi-krog.si\/hr\/"},{"@type":"ListItem","position":2,"name":"Uvjeti poslovanja"}]},{"@type":"WebSite","@id":"https:\/\/drugi-krog.si\/hr\/#website","url":"https:\/\/drugi-krog.si\/hr\/","name":"Drugi krog","description":"Popravila za vse vrste koles","publisher":{"@id":"https:\/\/drugi-krog.si\/hr\/#organization"},"potentialAction":[{"@type":"SearchAction","target":{"@type":"EntryPoint","urlTemplate":"https:\/\/drugi-krog.si\/hr\/?s={search_term_string}"},"query-input":{"@type":"PropertyValueSpecification","valueRequired":true,"valueName":"search_term_string"}}],"inLanguage":"hr"},{"@type":"Organization","@id":"https:\/\/drugi-krog.si\/hr\/#organization","name":"Drugi krog","url":"https:\/\/drugi-krog.si\/hr\/","logo":{"@type":"ImageObject","inLanguage":"hr","@id":"https:\/\/drugi-krog.si\/hr\/#\/schema\/logo\/image\/","url":"https:\/\/drugi-krog.si\/wp-content\/uploads\/2022\/01\/logo.svg","contentUrl":"https:\/\/drugi-krog.si\/wp-content\/uploads\/2022\/01\/logo.svg","caption":"Drugi krog"},"image":{"@id":"https:\/\/drugi-krog.si\/hr\/#\/schema\/logo\/image\/"},"sameAs":["https:\/\/www.facebook.com\/ServisKolesDrugiKrog\/"]}]}},"_links":{"self":[{"href":"https:\/\/drugi-krog.si\/hr\/wp-json\/wp\/v2\/pages\/14920","targetHints":{"allow":["GET"]}}],"collection":[{"href":"https:\/\/drugi-krog.si\/hr\/wp-json\/wp\/v2\/pages"}],"about":[{"href":"https:\/\/drugi-krog.si\/hr\/wp-json\/wp\/v2\/types\/page"}],"author":[{"embeddable":true,"href":"https:\/\/drugi-krog.si\/hr\/wp-json\/wp\/v2\/users\/1"}],"replies":[{"embeddable":true,"href":"https:\/\/drugi-krog.si\/hr\/wp-json\/wp\/v2\/comments?post=14920"}],"version-history":[{"count":0,"href":"https:\/\/drugi-krog.si\/hr\/wp-json\/wp\/v2\/pages\/14920\/revisions"}],"wp:attachment":[{"href":"https:\/\/drugi-krog.si\/hr\/wp-json\/wp\/v2\/media?parent=14920"}],"curies":[{"name":"wp","href":"https:\/\/api.w.org\/{rel}","templated":true}]}}