{"id":4264,"date":"2022-02-16T11:58:01","date_gmt":"2022-02-16T10:58:01","guid":{"rendered":"https:\/\/drugi-krog.si\/politika-privatnosti\/"},"modified":"2024-11-08T13:51:15","modified_gmt":"2024-11-08T12:51:15","slug":"politika-privatnosti","status":"publish","type":"page","link":"https:\/\/drugi-krog.si\/hr\/politika-privatnosti\/","title":{"rendered":"Politika privatnosti"},"content":{"rendered":"<p><section id=\"bt_bb_section69f205bac0147\" class=\"bt_bb_section bt_bb_color_scheme_1 bt_bb_layout_boxed_1200 bt_bb_vertical_align_middle bt_bb_bottom_section_coverage_image bt_bb_section_with_bottom_coverage_image bt_bb_top_spacing_large bt_bb_bottom_spacing_\" style=\"; --section-primary-color:#ffffff; --section-secondary-color:#1d1e21;;background-color:rgb(168,194,163);\" data-bt-override-class=\"{&quot;bt_bb_top_spacing_&quot;:{&quot;current_class&quot;:&quot;bt_bb_top_spacing_large&quot;,&quot;def&quot;:&quot;large&quot;,&quot;xl&quot;:&quot;large&quot;},&quot;bt_bb_bottom_spacing_&quot;:{&quot;current_class&quot;:&quot;bt_bb_bottom_spacing_&quot;,&quot;def&quot;:&quot;&quot;,&quot;xl&quot;:&quot;&quot;}}\"><div class=\"bt_bb_port\"><div class=\"bt_bb_cell\"><div class=\"bt_bb_cell_inner\"><div class=\"bt_bb_row \"  data-bt-override-class=\"{}\"><div class=\"bt_bb_row_holder\" ><div  class=\"bt_bb_column col-xxl-12 col-xl-12 col-xs-12 col-sm-12 col-md-12 col-lg-12 bt_bb_vertical_align_middle bt_bb_align_center bt_bb_padding_normal bt_bb_animation_fade_in animate\" style=\"; --column-width:12;\" data-width=\"12\" data-bt-override-class=\"{&quot;bt_bb_align_&quot;:{&quot;current_class&quot;:&quot;bt_bb_align_center&quot;,&quot;def&quot;:&quot;center&quot;,&quot;xl&quot;:&quot;center&quot;}}\"><div class=\"bt_bb_column_content\"><div class=\"bt_bb_column_content_inner\"><div class=\"bt_bb_separator bt_bb_border_style_none bt_bb_bottom_spacing_medium\" data-bt-override-class=\"null\"><\/div><\/div><\/div><\/div><\/div><\/div><\/div><!-- cell_inner --><\/div><!-- cell --><\/div><!-- port --><div class=\"bt_bb_section_bottom_section_coverage_image\"><img decoding=\"async\" src=\"https:\/\/drugi-krog.si\/wp-content\/uploads\/2021\/04\/white_bottom_wave_02.png\" alt=\"bt_bb_section_bottom_section_coverage_image\" \/><\/div><\/section><section id=\"bt_bb_section69f205bac047c\" class=\"bt_bb_section bt_bb_layout_boxed_1200\"  data-bt-override-class=\"null\"><div class=\"bt_bb_port\"><div class=\"bt_bb_cell\"><div class=\"bt_bb_cell_inner\"><div class=\"bt_bb_row \"  data-bt-override-class=\"{}\"><div class=\"bt_bb_row_holder\" ><div  class=\"bt_bb_column col-xxl-12 col-xl-12 col-xs-12 col-sm-12 col-md-12 col-lg-12 bt_bb_vertical_align_top bt_bb_align_left bt_bb_padding_normal\" style=\"; --column-width:12;\" data-width=\"12\" data-bt-override-class=\"{}\"><div class=\"bt_bb_column_content\"><div class=\"bt_bb_column_content_inner\"><div class=\"bt_bb_separator bt_bb_border_style_none bt_bb_bottom_spacing_medium\" data-bt-override-class=\"null\"><\/div><\/div><\/div><\/div><\/div><\/div><\/div><!-- cell_inner --><\/div><!-- cell --><\/div><!-- port --><\/section><section id=\"bt_bb_section69f205bac0679\" class=\"bt_bb_section bt_bb_layout_boxed_1200\"  data-bt-override-class=\"null\"><div class=\"bt_bb_port\"><div class=\"bt_bb_cell\"><div class=\"bt_bb_cell_inner\"><div class=\"bt_bb_row \"  data-bt-override-class=\"{}\"><div class=\"bt_bb_row_holder\" ><div  class=\"bt_bb_column col-xxl-12 col-xl-12 col-xs-12 col-sm-12 col-md-12 col-lg-12 bt_bb_vertical_align_top bt_bb_align_left bt_bb_padding_normal\" style=\"; --column-width:12;\" data-width=\"12\" data-bt-override-class=\"{}\"><div class=\"bt_bb_column_content\"><div class=\"bt_bb_column_content_inner\"><div  class=\"bt_bb_text\" ><\/p>\n<h2><strong>ZA\u0160TITA OSOBNIH PODATAKA<\/strong><\/h2>\n<p>Po\u0161tujemo Va\u0161u privatnost i obvezujemo se pa\u017eljivo \u010duvati osobne podatke dobivene putem online informacijskog sustava te ih bez Va\u0161eg pristanka ne\u0107emo proslje\u0111ivati \u200b\u200btre\u0107im stranama niti koristiti u druge svrhe. Budu\u0107i da u online informacijskom sustavu postoje odre\u0111ene poveznice na druge, vanjske web stranice koje nisu povezane s nama, ne preuzimamo nikakvu odgovornost za za\u0161titu podataka na tim web stranicama. Istodobno se obvezujemo \u0161tititi podatke i privatnost posjetitelja web stranice koliko god mo\u017eemo. Kako bismo sprije\u010dili neovla\u0161teni pristup dobivenim podacima ili njihovo otkrivanje, odr\u017eali to\u010dnost osobnih podataka i osigurali njihovu primjerenu upotrebu, koristimo se odgovaraju\u0107im tehni\u010dkim i organizacijskim postupcima za za\u0161titu podataka koje prikupljamo. <\/p>\n<h3><strong>1. Tko je prikuplja\u010d osobnih podataka?<\/strong><\/h3>\n<p>To je sakuplja\u010d osobnih podataka  <strong>Drugi krug, Alen Haber sp, \u0160kocjan 40 C, 6000 Koper-Capodistria (u daljnjem tekstu voditelj obrade).<\/strong><\/p>\n<h3><strong>2. Koje podatke prikupljamo?<\/strong><\/h3>\n<p>Za potrebe pru\u017eanja usluga koje nudi, Voditelj podataka prikuplja, upravlja, obra\u0111uje i pohranjuje sljede\u0107e korisni\u010dke podatke:<\/p>\n<ul>\n<li>ime i prezime;<\/li>\n<li>kontakt adrese;<\/li>\n<li>email adresa (korisni\u010dko ime);<\/li>\n<li>va\u0161 IP broj;<\/li>\n<li>kontakt broj telefona;<\/li>\n<li>druge podatke koje korisnik dobrovoljno upisuje u obrasce;<\/li>\n<\/ul>\n<p>Voditelj obrade ne odgovara za to\u010dnost, potpunost i a\u017eurnost podataka koje korisnici unose.<\/p>\n<h3><strong>3. U koje svrhe prikupljamo osobne podatke?<\/strong><\/h3>\n<p>U skladu s propisima koji ure\u0111uju za\u0161titu osobnih podataka, voditelj obrade je du\u017ean \u0161tititi osobne podatke korisnika svoje web stranice. Upravitelj podataka ni pod kojim uvjetima ne\u0107e proslijediti osobne ili druge korisni\u010dke podatke tre\u0107oj strani ili ne\u0107e dopustiti tre\u0107oj strani uvid u osobne ili druge podatke korisnika, osim ako to ne zatra\u017ee dr\u017eavna tijela, ako je takva obveza propisana zakonom, ili u dobroj vjeri da je takvo postupanje potrebno radi vo\u0111enja postupka pred sudovima ili drugim tijelima dr\u017eavne vlasti te radi za\u0161tite i ostvarivanja legitimnih interesa korisnika. voditelj obrade podataka. Svi osobni i drugi podaci koje korisnik dostavi bit \u0107e za\u0161ti\u0107eni sukladno propisima koji ure\u0111uju za\u0161titu osobnih podataka. Voditelj podataka ne\u0107e koristiti ove podatke u svrhu koja bi na bilo koji na\u010din \u0161tetila korisniku ili drugoj uklju\u010denoj osobi. Voditelj obrade podataka ne\u0107e koristiti podatke korisnika za slanje promotivne e-po\u0161te ili drugog ne\u017eeljenog promotivnog materijala, osim za slanje onih promotivnih obavijesti na koje \u0107e se korisnik pretplatiti ili s kojim \u0107e se on slo\u017eiti. Voditelj podataka mo\u017ee koristiti podatke u anonimiziranom sumarnom obliku za potrebe statisti\u010dke analize. Tajnost osobnih i drugih podataka korisnika ne\u0107e biti povrije\u0111ena ni u kojem obliku. <strong>Komunikacija putem online kontakt forme<\/strong><br \/>\n Na web stranici nas je mogu\u0107e kontaktirati putem online obrasca kako biste zatra\u017eili usluge ili poslali bilo kakva pitanja na e-mail adresu. Tako\u0111er je mogu\u0107e s nama stupiti u kontakt izravno putem e-maila ili obi\u010dne po\u0161te ili uz pomo\u0107 telekomunikacijskih izvora. Prilikom ispunjavanja zahtjeva, komentara ili pitanja u na\u0161oj online formi, obavezno je ispuniti sljede\u0107a polja: &#8220;ime i prezime&#8221;, &#8220;e-mail adresa&#8221; i &#8220;poruka&#8221;. Tako\u0111er je potrebno izri\u010dito potvrditi da ste suglasni i upoznati s \u010dinjenicom da ste nam slanjem upita, komentara ili pitanja putem kontakt obrasca i unosom svojih podataka iskazali suglasnost i svijest da su va\u0161i podaci (ime i prezime, e- mail adresa i broj telefona) u svrhu vo\u0111enja evidencije o kupcima i osiguravanja korektne komunikacije, \u010duvamo u na\u0161oj bazi 2 godine nakon \u0161to ste podnijeli obrazac za kontakt te da ste upoznati da u svakom trenutku mo\u017eete zatra\u017eiti brisanje Va\u0161ih podataka. Brisanje podataka mo\u017eete zatra\u017eiti putem kontakt forme ovdje. Ukoliko ne ozna\u010dite da se sla\u017eete s politikom privatnosti, va\u0161 upit ne\u0107e biti uspje\u0161no proslije\u0111en na e-mail adresu. Va\u0161i osobni podaci potrebni su nam kako bismo mogli odgovoriti na va\u0161 upit ili pitanje vezano uz na\u0161e usluge. Podatke koje unesete u online obrazac obra\u0111ujemo samo ako su nu\u017eni za na\u0161e poslovanje i pohranu (arhiviranje). Voditelj obrade \u0107e osobne podatke korisnika \u010duvati u zbirci osobnih podataka samo onoliko dugo koliko je prijeko potrebno za postizanje svrhe za koju se osobni podaci prikupljaju i upravljaju.    <\/p>\n<h3><strong>4. Provedba politike privatnosti<\/strong><\/h3>\n<p>Sukladno Zakonu o za\u0161titi osobnih podataka, voditelj obrade ima za\u0161titu osobnih podataka ure\u0111enu Pravilnikom o za\u0161titi osobnih podataka. Sve osobe zaposlene na puno ili nepuno radno vrijeme kod voditelja obrade koje imaju pristup osobnim i drugim podacima korisnika upoznate su s odredbama Pravilnika o za\u0161titi osobnih podataka i du\u017eno\u0161\u0107u za\u0161tite osobnih i drugih podataka te su du\u017ene pridr\u017eavati se ovih odredbi o za\u0161titi povjerljivosti osobnih podataka i privatnosti korisnika internetske trgovine. Du\u017enost za\u0161tite osobnih i drugih podataka vrijedi na neodre\u0111eno vrijeme, \u010dak i nakon prestanka odnosa s Voditeljem obrade.<\/p>\n<h3><strong>5. Va\u0161a prava<\/strong><\/h3>\n<p>Imamo obvezu obra\u0111ivati \u200b\u200bosobne podatke samo u svrhe za koje smo ih prikupili. Imate pravo kontrolirati nas u tom pogledu. U svakom trenutku od nas mo\u017eete zatra\u017eiti pregled Va\u0161ih osobnih podataka koje obra\u0111ujemo, informaciju (presliku, ispis) o obradi Va\u0161ih osobnih podataka ili zatra\u017eiti ispravak, zabranu obrade ili brisanje Va\u0161ih osobnih podataka. . Ispravak, zabranu obrade ili brisanje Va\u0161ih osobnih podataka mo\u017eete zatra\u017eiti putem kontakt forme. Sva pitanja ili zahtjeve po\u0161aljite na na\u0161u e-mail adresu ili nas nazovite. U slu\u010daju da niste zadovoljni na\u0161im odgovorom vezanim uz zahtjev za pristup, ispravak, zabranu obrade ili brisanje podataka ili smatrate da su vam povrije\u0111ena prava na za\u0161titu osobnih podataka, mo\u017eete se \u017ealiti nacionalno nadzorno tijelo, na adresu: Republika Slovenija, Predstavnik za informacije, Zalo\u0161ka 59, 1000 Ljubljana.    <\/p>\n<h3><strong>6. Dodatna obja\u0161njenja<\/strong><\/h3>\n<p>Ako imate pitanja, problema ili komentara u vezi s ovom politikom privatnosti, tako\u0111er nam mo\u017eete poslati e-poruku na:  <a title=\"servis@drugi-krog.si\" href=\"mailto:drugi-krog.si\" target=\"_self\" rel=\"noopener\">servis@drugi-krog.si<\/a><span id=\"eeb-704739\"><\/span><\/p>\n<p>\n<\/div><\/div><\/div><\/div><\/div><\/div><\/div><!-- cell_inner --><\/div><!-- cell --><\/div><!-- port --><\/section><section id=\"bt_bb_section69f205bac0b89\" class=\"bt_bb_section bt_bb_layout_boxed_1200\"  data-bt-override-class=\"null\"><div class=\"bt_bb_port\"><div class=\"bt_bb_cell\"><div class=\"bt_bb_cell_inner\"><div class=\"bt_bb_row \"  data-bt-override-class=\"{}\"><div class=\"bt_bb_row_holder\" ><div  class=\"bt_bb_column col-xxl-12 col-xl-12 col-xs-12 col-sm-12 col-md-12 col-lg-12 bt_bb_vertical_align_top bt_bb_align_left bt_bb_padding_normal\" style=\"; --column-width:12;\" data-width=\"12\" data-bt-override-class=\"{}\"><div class=\"bt_bb_column_content\"><div class=\"bt_bb_column_content_inner\"><div class=\"bt_bb_separator bt_bb_border_style_none bt_bb_bottom_spacing_medium\" data-bt-override-class=\"null\"><\/div><\/div><\/div><\/div><\/div><\/div><\/div><!-- cell_inner --><\/div><!-- cell --><\/div><!-- port --><\/section><\/p>\n","protected":false},"excerpt":{"rendered":"","protected":false},"author":1,"featured_media":0,"parent":0,"menu_order":0,"comment_status":"closed","ping_status":"closed","template":"","meta":{"_acf_changed":false,"inline_featured_image":false,"_monsterinsights_skip_tracking":false,"_monsterinsights_sitenote_active":false,"_monsterinsights_sitenote_note":"","_monsterinsights_sitenote_category":0,"footnotes":""},"class_list":["post-4264","page","type-page","status-publish","hentry"],"acf":[],"yoast_head":"<!-- This site is optimized with the Yoast SEO plugin v27.5 - https:\/\/yoast.com\/product\/yoast-seo-wordpress\/ -->\n<title>Politika privatnosti - Drugi krog<\/title>\n<meta name=\"robots\" content=\"index, follow, max-snippet:-1, max-image-preview:large, max-video-preview:-1\" \/>\n<link rel=\"canonical\" href=\"https:\/\/drugi-krog.si\/hr\/politika-privatnosti\/\" \/>\n<meta property=\"og:locale\" content=\"hr_HR\" \/>\n<meta property=\"og:type\" content=\"article\" \/>\n<meta property=\"og:title\" content=\"Politika privatnosti - Drugi krog\" \/>\n<meta property=\"og:url\" content=\"https:\/\/drugi-krog.si\/hr\/politika-privatnosti\/\" \/>\n<meta property=\"og:site_name\" content=\"Drugi krog\" \/>\n<meta property=\"article:publisher\" content=\"https:\/\/www.facebook.com\/ServisKolesDrugiKrog\/\" \/>\n<meta property=\"article:modified_time\" content=\"2024-11-08T12:51:15+00:00\" \/>\n<meta name=\"twitter:card\" content=\"summary_large_image\" \/>\n<meta name=\"twitter:label1\" content=\"Procijenjeno vrijeme \u010ditanja\" \/>\n\t<meta name=\"twitter:data1\" content=\"7 minuta\" \/>\n<script type=\"application\/ld+json\" class=\"yoast-schema-graph\">{\"@context\":\"https:\\\/\\\/schema.org\",\"@graph\":[{\"@type\":\"WebPage\",\"@id\":\"https:\\\/\\\/drugi-krog.si\\\/hr\\\/politika-privatnosti\\\/\",\"url\":\"https:\\\/\\\/drugi-krog.si\\\/hr\\\/politika-privatnosti\\\/\",\"name\":\"Politika privatnosti - Drugi krog\",\"isPartOf\":{\"@id\":\"https:\\\/\\\/drugi-krog.si\\\/hr\\\/#website\"},\"datePublished\":\"2022-02-16T10:58:01+00:00\",\"dateModified\":\"2024-11-08T12:51:15+00:00\",\"breadcrumb\":{\"@id\":\"https:\\\/\\\/drugi-krog.si\\\/hr\\\/politika-privatnosti\\\/#breadcrumb\"},\"inLanguage\":\"hr\",\"potentialAction\":[{\"@type\":\"ReadAction\",\"target\":[\"https:\\\/\\\/drugi-krog.si\\\/hr\\\/politika-privatnosti\\\/\"]}]},{\"@type\":\"BreadcrumbList\",\"@id\":\"https:\\\/\\\/drugi-krog.si\\\/hr\\\/politika-privatnosti\\\/#breadcrumb\",\"itemListElement\":[{\"@type\":\"ListItem\",\"position\":1,\"name\":\"Domov\",\"item\":\"https:\\\/\\\/drugi-krog.si\\\/hr\\\/\"},{\"@type\":\"ListItem\",\"position\":2,\"name\":\"Politika privatnosti\"}]},{\"@type\":\"WebSite\",\"@id\":\"https:\\\/\\\/drugi-krog.si\\\/hr\\\/#website\",\"url\":\"https:\\\/\\\/drugi-krog.si\\\/hr\\\/\",\"name\":\"Drugi krog\",\"description\":\"Popravila za vse vrste koles\",\"publisher\":{\"@id\":\"https:\\\/\\\/drugi-krog.si\\\/hr\\\/#organization\"},\"potentialAction\":[{\"@type\":\"SearchAction\",\"target\":{\"@type\":\"EntryPoint\",\"urlTemplate\":\"https:\\\/\\\/drugi-krog.si\\\/hr\\\/?s={search_term_string}\"},\"query-input\":{\"@type\":\"PropertyValueSpecification\",\"valueRequired\":true,\"valueName\":\"search_term_string\"}}],\"inLanguage\":\"hr\"},{\"@type\":\"Organization\",\"@id\":\"https:\\\/\\\/drugi-krog.si\\\/hr\\\/#organization\",\"name\":\"Drugi krog\",\"url\":\"https:\\\/\\\/drugi-krog.si\\\/hr\\\/\",\"logo\":{\"@type\":\"ImageObject\",\"inLanguage\":\"hr\",\"@id\":\"https:\\\/\\\/drugi-krog.si\\\/hr\\\/#\\\/schema\\\/logo\\\/image\\\/\",\"url\":\"https:\\\/\\\/drugi-krog.si\\\/wp-content\\\/uploads\\\/2022\\\/01\\\/logo.svg\",\"contentUrl\":\"https:\\\/\\\/drugi-krog.si\\\/wp-content\\\/uploads\\\/2022\\\/01\\\/logo.svg\",\"caption\":\"Drugi krog\"},\"image\":{\"@id\":\"https:\\\/\\\/drugi-krog.si\\\/hr\\\/#\\\/schema\\\/logo\\\/image\\\/\"},\"sameAs\":[\"https:\\\/\\\/www.facebook.com\\\/ServisKolesDrugiKrog\\\/\"]}]}<\/script>\n<!-- \/ Yoast SEO plugin. -->","yoast_head_json":{"title":"Politika privatnosti - Drugi krog","robots":{"index":"index","follow":"follow","max-snippet":"max-snippet:-1","max-image-preview":"max-image-preview:large","max-video-preview":"max-video-preview:-1"},"canonical":"https:\/\/drugi-krog.si\/hr\/politika-privatnosti\/","og_locale":"hr_HR","og_type":"article","og_title":"Politika privatnosti - Drugi krog","og_url":"https:\/\/drugi-krog.si\/hr\/politika-privatnosti\/","og_site_name":"Drugi krog","article_publisher":"https:\/\/www.facebook.com\/ServisKolesDrugiKrog\/","article_modified_time":"2024-11-08T12:51:15+00:00","twitter_card":"summary_large_image","twitter_misc":{"Procijenjeno vrijeme \u010ditanja":"7 minuta"},"schema":{"@context":"https:\/\/schema.org","@graph":[{"@type":"WebPage","@id":"https:\/\/drugi-krog.si\/hr\/politika-privatnosti\/","url":"https:\/\/drugi-krog.si\/hr\/politika-privatnosti\/","name":"Politika privatnosti - Drugi krog","isPartOf":{"@id":"https:\/\/drugi-krog.si\/hr\/#website"},"datePublished":"2022-02-16T10:58:01+00:00","dateModified":"2024-11-08T12:51:15+00:00","breadcrumb":{"@id":"https:\/\/drugi-krog.si\/hr\/politika-privatnosti\/#breadcrumb"},"inLanguage":"hr","potentialAction":[{"@type":"ReadAction","target":["https:\/\/drugi-krog.si\/hr\/politika-privatnosti\/"]}]},{"@type":"BreadcrumbList","@id":"https:\/\/drugi-krog.si\/hr\/politika-privatnosti\/#breadcrumb","itemListElement":[{"@type":"ListItem","position":1,"name":"Domov","item":"https:\/\/drugi-krog.si\/hr\/"},{"@type":"ListItem","position":2,"name":"Politika privatnosti"}]},{"@type":"WebSite","@id":"https:\/\/drugi-krog.si\/hr\/#website","url":"https:\/\/drugi-krog.si\/hr\/","name":"Drugi krog","description":"Popravila za vse vrste koles","publisher":{"@id":"https:\/\/drugi-krog.si\/hr\/#organization"},"potentialAction":[{"@type":"SearchAction","target":{"@type":"EntryPoint","urlTemplate":"https:\/\/drugi-krog.si\/hr\/?s={search_term_string}"},"query-input":{"@type":"PropertyValueSpecification","valueRequired":true,"valueName":"search_term_string"}}],"inLanguage":"hr"},{"@type":"Organization","@id":"https:\/\/drugi-krog.si\/hr\/#organization","name":"Drugi krog","url":"https:\/\/drugi-krog.si\/hr\/","logo":{"@type":"ImageObject","inLanguage":"hr","@id":"https:\/\/drugi-krog.si\/hr\/#\/schema\/logo\/image\/","url":"https:\/\/drugi-krog.si\/wp-content\/uploads\/2022\/01\/logo.svg","contentUrl":"https:\/\/drugi-krog.si\/wp-content\/uploads\/2022\/01\/logo.svg","caption":"Drugi krog"},"image":{"@id":"https:\/\/drugi-krog.si\/hr\/#\/schema\/logo\/image\/"},"sameAs":["https:\/\/www.facebook.com\/ServisKolesDrugiKrog\/"]}]}},"_links":{"self":[{"href":"https:\/\/drugi-krog.si\/hr\/wp-json\/wp\/v2\/pages\/4264","targetHints":{"allow":["GET"]}}],"collection":[{"href":"https:\/\/drugi-krog.si\/hr\/wp-json\/wp\/v2\/pages"}],"about":[{"href":"https:\/\/drugi-krog.si\/hr\/wp-json\/wp\/v2\/types\/page"}],"author":[{"embeddable":true,"href":"https:\/\/drugi-krog.si\/hr\/wp-json\/wp\/v2\/users\/1"}],"replies":[{"embeddable":true,"href":"https:\/\/drugi-krog.si\/hr\/wp-json\/wp\/v2\/comments?post=4264"}],"version-history":[{"count":0,"href":"https:\/\/drugi-krog.si\/hr\/wp-json\/wp\/v2\/pages\/4264\/revisions"}],"wp:attachment":[{"href":"https:\/\/drugi-krog.si\/hr\/wp-json\/wp\/v2\/media?parent=4264"}],"curies":[{"name":"wp","href":"https:\/\/api.w.org\/{rel}","templated":true}]}}