{"id":14198,"date":"2024-12-13T11:12:36","date_gmt":"2024-12-13T10:12:36","guid":{"rendered":"https:\/\/drugi-krog.si\/izdelek\/universal-hbm-35-mm-handlebar-mount\/"},"modified":"2024-12-16T17:04:22","modified_gmt":"2024-12-16T16:04:22","slug":"universal-hbm-35-mm-handlebar-mount","status":"publish","type":"product","link":"https:\/\/drugi-krog.si\/hr\/izdelek\/universal-hbm-35-mm-handlebar-mount\/","title":{"rendered":"Univerzalni nosa\u010d upravlja\u010da HBM 35 mm"},"content":{"rendered":"<p>Mo\u017ee se otvoriti za ugradnju<br \/> Monta\u017ea na lijevu ili desnu stranu<br \/> Nije prikladno za Airstream i HBM varijante<\/p>\n<p>Sa svojom inovativnom razdvojenom osovinskom stezaljkom mo\u017ee se postaviti na obje strane ru\u010dicu bez uklanjanja ru\u010dke, mjenja\u010da ili ru\u010dica ko\u010dnice.<\/p>\n<p>Sva svjetla Supernova bez integriranog nosa\u010da upravlja\u010da mogu se idealno postaviti ispred ru\u010dice s univerzalnim HBM-om. <\/p>\n<p> Maksimalna \u0161irina dr\u0161ke: 44 mm<br \/> Potreban slobodan prostor za stezanje: 8 mm<br \/> Supernova broj artikla: R-UHM35-BLK<\/p>\n<p><strong>Opseg isporuke <br \/><\/strong>1 univerzalni nosa\u010d upravlja\u010da HBM 35 mm<\/p>\n","protected":false},"excerpt":{"rendered":"<p>Mo\u017ee se otvoriti za ugradnju Monta\u017ea na lijevu ili desnu stranu Nije prikladno za Airstream i HBM varijante Sa svojom inovativnom razdvojenom osovinskom stezaljkom mo\u017ee se postaviti na obje strane ru\u010dicu bez uklanjanja ru\u010dke, mjenja\u010da ili ru\u010dica ko\u010dnice. Sva svjetla Supernova bez integriranog nosa\u010da upravlja\u010da mogu se idealno postaviti ispred ru\u010dice s univerzalnim HBM-om. Maksimalna&#8230;<\/p>\n","protected":false},"featured_media":9322,"comment_status":"closed","ping_status":"open","template":"","meta":{"_acf_changed":false,"inline_featured_image":false,"_monsterinsights_skip_tracking":false,"_monsterinsights_sitenote_active":false,"_monsterinsights_sitenote_note":"","_monsterinsights_sitenote_category":0},"product_brand":[],"product_cat":[2691],"product_tag":[],"class_list":{"0":"post-14198","1":"product","2":"type-product","3":"status-publish","4":"has-post-thumbnail","6":"product_cat-mounts-hr","7":"pa_country-of-origin-tajvan-hr","8":"pa_manufacture-name-supernova-hr","10":"first","11":"instock","12":"taxable","13":"shipping-taxable","14":"purchasable","15":"product-type-simple"},"acf":[],"yoast_head":"<!-- This site is optimized with the Yoast SEO plugin v27.5 - https:\/\/yoast.com\/product\/yoast-seo-wordpress\/ -->\n<title>Univerzalni nosa\u010d upravlja\u010da HBM 35 mm - Drugi krog<\/title>\n<meta name=\"robots\" content=\"index, follow, max-snippet:-1, max-image-preview:large, max-video-preview:-1\" \/>\n<link rel=\"canonical\" href=\"https:\/\/drugi-krog.si\/hr\/izdelek\/universal-hbm-35-mm-handlebar-mount\/\" \/>\n<meta property=\"og:locale\" content=\"hr_HR\" \/>\n<meta property=\"og:type\" content=\"article\" \/>\n<meta property=\"og:title\" content=\"Univerzalni nosa\u010d upravlja\u010da HBM 35 mm - Drugi krog\" \/>\n<meta property=\"og:description\" content=\"Mo\u017ee se otvoriti za ugradnju Monta\u017ea na lijevu ili desnu stranu Nije prikladno za Airstream i HBM varijante Sa svojom inovativnom razdvojenom osovinskom stezaljkom mo\u017ee se postaviti na obje strane ru\u010dicu bez uklanjanja ru\u010dke, mjenja\u010da ili ru\u010dica ko\u010dnice. Sva svjetla Supernova bez integriranog nosa\u010da upravlja\u010da mogu se idealno postaviti ispred ru\u010dice s univerzalnim HBM-om. Maksimalna...\" \/>\n<meta property=\"og:url\" content=\"https:\/\/drugi-krog.si\/hr\/izdelek\/universal-hbm-35-mm-handlebar-mount\/\" \/>\n<meta property=\"og:site_name\" content=\"Drugi krog\" \/>\n<meta property=\"article:publisher\" content=\"https:\/\/www.facebook.com\/ServisKolesDrugiKrog\/\" \/>\n<meta property=\"article:modified_time\" content=\"2024-12-16T16:04:22+00:00\" \/>\n<meta property=\"og:image\" content=\"https:\/\/drugi-krog.si\/wp-content\/uploads\/2024\/12\/2101008.jpg\" \/>\n\t<meta property=\"og:image:width\" content=\"1200\" \/>\n\t<meta property=\"og:image:height\" content=\"1200\" \/>\n\t<meta property=\"og:image:type\" content=\"image\/jpeg\" \/>\n<meta name=\"twitter:card\" content=\"summary_large_image\" \/>\n<script type=\"application\/ld+json\" class=\"yoast-schema-graph\">{\"@context\":\"https:\\\/\\\/schema.org\",\"@graph\":[{\"@type\":\"WebPage\",\"@id\":\"https:\\\/\\\/drugi-krog.si\\\/hr\\\/izdelek\\\/universal-hbm-35-mm-handlebar-mount\\\/\",\"url\":\"https:\\\/\\\/drugi-krog.si\\\/hr\\\/izdelek\\\/universal-hbm-35-mm-handlebar-mount\\\/\",\"name\":\"Univerzalni nosa\u010d upravlja\u010da HBM 35 mm - Drugi krog\",\"isPartOf\":{\"@id\":\"https:\\\/\\\/drugi-krog.si\\\/hr\\\/#website\"},\"primaryImageOfPage\":{\"@id\":\"https:\\\/\\\/drugi-krog.si\\\/hr\\\/izdelek\\\/universal-hbm-35-mm-handlebar-mount\\\/#primaryimage\"},\"image\":{\"@id\":\"https:\\\/\\\/drugi-krog.si\\\/hr\\\/izdelek\\\/universal-hbm-35-mm-handlebar-mount\\\/#primaryimage\"},\"thumbnailUrl\":\"https:\\\/\\\/drugi-krog.si\\\/wp-content\\\/uploads\\\/2024\\\/12\\\/2101008.jpg\",\"datePublished\":\"2024-12-13T10:12:36+00:00\",\"dateModified\":\"2024-12-16T16:04:22+00:00\",\"breadcrumb\":{\"@id\":\"https:\\\/\\\/drugi-krog.si\\\/hr\\\/izdelek\\\/universal-hbm-35-mm-handlebar-mount\\\/#breadcrumb\"},\"inLanguage\":\"hr\",\"potentialAction\":[{\"@type\":\"ReadAction\",\"target\":[\"https:\\\/\\\/drugi-krog.si\\\/hr\\\/izdelek\\\/universal-hbm-35-mm-handlebar-mount\\\/\"]}]},{\"@type\":\"ImageObject\",\"inLanguage\":\"hr\",\"@id\":\"https:\\\/\\\/drugi-krog.si\\\/hr\\\/izdelek\\\/universal-hbm-35-mm-handlebar-mount\\\/#primaryimage\",\"url\":\"https:\\\/\\\/drugi-krog.si\\\/wp-content\\\/uploads\\\/2024\\\/12\\\/2101008.jpg\",\"contentUrl\":\"https:\\\/\\\/drugi-krog.si\\\/wp-content\\\/uploads\\\/2024\\\/12\\\/2101008.jpg\",\"width\":1200,\"height\":1200},{\"@type\":\"BreadcrumbList\",\"@id\":\"https:\\\/\\\/drugi-krog.si\\\/hr\\\/izdelek\\\/universal-hbm-35-mm-handlebar-mount\\\/#breadcrumb\",\"itemListElement\":[{\"@type\":\"ListItem\",\"position\":1,\"name\":\"Domov\",\"item\":\"https:\\\/\\\/drugi-krog.si\\\/hr\\\/\"},{\"@type\":\"ListItem\",\"position\":2,\"name\":\"Du\u0107an\",\"item\":\"https:\\\/\\\/drugi-krog.si\\\/hr\\\/ducan\\\/\"},{\"@type\":\"ListItem\",\"position\":3,\"name\":\"Univerzalni nosa\u010d upravlja\u010da HBM 35 mm\"}]},{\"@type\":\"WebSite\",\"@id\":\"https:\\\/\\\/drugi-krog.si\\\/hr\\\/#website\",\"url\":\"https:\\\/\\\/drugi-krog.si\\\/hr\\\/\",\"name\":\"Drugi krog\",\"description\":\"Popravila za vse vrste koles\",\"publisher\":{\"@id\":\"https:\\\/\\\/drugi-krog.si\\\/hr\\\/#organization\"},\"potentialAction\":[{\"@type\":\"SearchAction\",\"target\":{\"@type\":\"EntryPoint\",\"urlTemplate\":\"https:\\\/\\\/drugi-krog.si\\\/hr\\\/?s={search_term_string}\"},\"query-input\":{\"@type\":\"PropertyValueSpecification\",\"valueRequired\":true,\"valueName\":\"search_term_string\"}}],\"inLanguage\":\"hr\"},{\"@type\":\"Organization\",\"@id\":\"https:\\\/\\\/drugi-krog.si\\\/hr\\\/#organization\",\"name\":\"Drugi krog\",\"url\":\"https:\\\/\\\/drugi-krog.si\\\/hr\\\/\",\"logo\":{\"@type\":\"ImageObject\",\"inLanguage\":\"hr\",\"@id\":\"https:\\\/\\\/drugi-krog.si\\\/hr\\\/#\\\/schema\\\/logo\\\/image\\\/\",\"url\":\"https:\\\/\\\/drugi-krog.si\\\/wp-content\\\/uploads\\\/2022\\\/01\\\/logo.svg\",\"contentUrl\":\"https:\\\/\\\/drugi-krog.si\\\/wp-content\\\/uploads\\\/2022\\\/01\\\/logo.svg\",\"caption\":\"Drugi krog\"},\"image\":{\"@id\":\"https:\\\/\\\/drugi-krog.si\\\/hr\\\/#\\\/schema\\\/logo\\\/image\\\/\"},\"sameAs\":[\"https:\\\/\\\/www.facebook.com\\\/ServisKolesDrugiKrog\\\/\"]}]}<\/script>\n<!-- \/ Yoast SEO plugin. -->","yoast_head_json":{"title":"Univerzalni nosa\u010d upravlja\u010da HBM 35 mm - Drugi krog","robots":{"index":"index","follow":"follow","max-snippet":"max-snippet:-1","max-image-preview":"max-image-preview:large","max-video-preview":"max-video-preview:-1"},"canonical":"https:\/\/drugi-krog.si\/hr\/izdelek\/universal-hbm-35-mm-handlebar-mount\/","og_locale":"hr_HR","og_type":"article","og_title":"Univerzalni nosa\u010d upravlja\u010da HBM 35 mm - Drugi krog","og_description":"Mo\u017ee se otvoriti za ugradnju Monta\u017ea na lijevu ili desnu stranu Nije prikladno za Airstream i HBM varijante Sa svojom inovativnom razdvojenom osovinskom stezaljkom mo\u017ee se postaviti na obje strane ru\u010dicu bez uklanjanja ru\u010dke, mjenja\u010da ili ru\u010dica ko\u010dnice. Sva svjetla Supernova bez integriranog nosa\u010da upravlja\u010da mogu se idealno postaviti ispred ru\u010dice s univerzalnim HBM-om. Maksimalna...","og_url":"https:\/\/drugi-krog.si\/hr\/izdelek\/universal-hbm-35-mm-handlebar-mount\/","og_site_name":"Drugi krog","article_publisher":"https:\/\/www.facebook.com\/ServisKolesDrugiKrog\/","article_modified_time":"2024-12-16T16:04:22+00:00","og_image":[{"width":1200,"height":1200,"url":"https:\/\/drugi-krog.si\/wp-content\/uploads\/2024\/12\/2101008.jpg","type":"image\/jpeg"}],"twitter_card":"summary_large_image","schema":{"@context":"https:\/\/schema.org","@graph":[{"@type":"WebPage","@id":"https:\/\/drugi-krog.si\/hr\/izdelek\/universal-hbm-35-mm-handlebar-mount\/","url":"https:\/\/drugi-krog.si\/hr\/izdelek\/universal-hbm-35-mm-handlebar-mount\/","name":"Univerzalni nosa\u010d upravlja\u010da HBM 35 mm - Drugi krog","isPartOf":{"@id":"https:\/\/drugi-krog.si\/hr\/#website"},"primaryImageOfPage":{"@id":"https:\/\/drugi-krog.si\/hr\/izdelek\/universal-hbm-35-mm-handlebar-mount\/#primaryimage"},"image":{"@id":"https:\/\/drugi-krog.si\/hr\/izdelek\/universal-hbm-35-mm-handlebar-mount\/#primaryimage"},"thumbnailUrl":"https:\/\/drugi-krog.si\/wp-content\/uploads\/2024\/12\/2101008.jpg","datePublished":"2024-12-13T10:12:36+00:00","dateModified":"2024-12-16T16:04:22+00:00","breadcrumb":{"@id":"https:\/\/drugi-krog.si\/hr\/izdelek\/universal-hbm-35-mm-handlebar-mount\/#breadcrumb"},"inLanguage":"hr","potentialAction":[{"@type":"ReadAction","target":["https:\/\/drugi-krog.si\/hr\/izdelek\/universal-hbm-35-mm-handlebar-mount\/"]}]},{"@type":"ImageObject","inLanguage":"hr","@id":"https:\/\/drugi-krog.si\/hr\/izdelek\/universal-hbm-35-mm-handlebar-mount\/#primaryimage","url":"https:\/\/drugi-krog.si\/wp-content\/uploads\/2024\/12\/2101008.jpg","contentUrl":"https:\/\/drugi-krog.si\/wp-content\/uploads\/2024\/12\/2101008.jpg","width":1200,"height":1200},{"@type":"BreadcrumbList","@id":"https:\/\/drugi-krog.si\/hr\/izdelek\/universal-hbm-35-mm-handlebar-mount\/#breadcrumb","itemListElement":[{"@type":"ListItem","position":1,"name":"Domov","item":"https:\/\/drugi-krog.si\/hr\/"},{"@type":"ListItem","position":2,"name":"Du\u0107an","item":"https:\/\/drugi-krog.si\/hr\/ducan\/"},{"@type":"ListItem","position":3,"name":"Univerzalni nosa\u010d upravlja\u010da HBM 35 mm"}]},{"@type":"WebSite","@id":"https:\/\/drugi-krog.si\/hr\/#website","url":"https:\/\/drugi-krog.si\/hr\/","name":"Drugi krog","description":"Popravila za vse vrste koles","publisher":{"@id":"https:\/\/drugi-krog.si\/hr\/#organization"},"potentialAction":[{"@type":"SearchAction","target":{"@type":"EntryPoint","urlTemplate":"https:\/\/drugi-krog.si\/hr\/?s={search_term_string}"},"query-input":{"@type":"PropertyValueSpecification","valueRequired":true,"valueName":"search_term_string"}}],"inLanguage":"hr"},{"@type":"Organization","@id":"https:\/\/drugi-krog.si\/hr\/#organization","name":"Drugi krog","url":"https:\/\/drugi-krog.si\/hr\/","logo":{"@type":"ImageObject","inLanguage":"hr","@id":"https:\/\/drugi-krog.si\/hr\/#\/schema\/logo\/image\/","url":"https:\/\/drugi-krog.si\/wp-content\/uploads\/2022\/01\/logo.svg","contentUrl":"https:\/\/drugi-krog.si\/wp-content\/uploads\/2022\/01\/logo.svg","caption":"Drugi krog"},"image":{"@id":"https:\/\/drugi-krog.si\/hr\/#\/schema\/logo\/image\/"},"sameAs":["https:\/\/www.facebook.com\/ServisKolesDrugiKrog\/"]}]}},"_links":{"self":[{"href":"https:\/\/drugi-krog.si\/hr\/wp-json\/wp\/v2\/product\/14198","targetHints":{"allow":["GET"]}}],"collection":[{"href":"https:\/\/drugi-krog.si\/hr\/wp-json\/wp\/v2\/product"}],"about":[{"href":"https:\/\/drugi-krog.si\/hr\/wp-json\/wp\/v2\/types\/product"}],"replies":[{"embeddable":true,"href":"https:\/\/drugi-krog.si\/hr\/wp-json\/wp\/v2\/comments?post=14198"}],"wp:featuredmedia":[{"embeddable":true,"href":"https:\/\/drugi-krog.si\/hr\/wp-json\/wp\/v2\/media\/9322"}],"wp:attachment":[{"href":"https:\/\/drugi-krog.si\/hr\/wp-json\/wp\/v2\/media?parent=14198"}],"wp:term":[{"taxonomy":"product_brand","embeddable":true,"href":"https:\/\/drugi-krog.si\/hr\/wp-json\/wp\/v2\/product_brand?post=14198"},{"taxonomy":"product_cat","embeddable":true,"href":"https:\/\/drugi-krog.si\/hr\/wp-json\/wp\/v2\/product_cat?post=14198"},{"taxonomy":"product_tag","embeddable":true,"href":"https:\/\/drugi-krog.si\/hr\/wp-json\/wp\/v2\/product_tag?post=14198"}],"curies":[{"name":"wp","href":"https:\/\/api.w.org\/{rel}","templated":true}]}}