{"id":14230,"date":"2024-12-13T11:12:36","date_gmt":"2024-12-13T10:12:36","guid":{"rendered":"https:\/\/drugi-krog.si\/izdelek\/powertube-400-horizontal-bbp282\/"},"modified":"2024-12-16T17:04:24","modified_gmt":"2024-12-16T16:04:24","slug":"powertube-400-horizontal-bbp282","status":"publish","type":"product","link":"https:\/\/drugi-krog.si\/hr\/izdelek\/powertube-400-horizontal-bbp282\/","title":{"rendered":"PowerTube 400 horizontalno (BBP282)"},"content":{"rendered":"<p>Imajte na umu: Zbog stupanja na snagu EU propisa o baterijama, ovaj proizvod je sada dostupan samo kao rezervni dio.<\/p>\n<p><strong><\/p>\n<h4>Va\u017ene informacije o proizvodu<\/h4>\n<p>Nemaju sve PowerTube baterije iste duljine. Kompatibilnost izme\u0111u pojedina\u010dnih PowerTube modela nije uvijek zajam\u010dena.<\/p>\n<p>Pa\u017enja: proizvod nije kompatibilan s DualBat!<\/p>\n<p><\/strong><\/p>\n<p>< p>Obavezno naru\u010dite <strong>ispravnu varijantu<\/strong> ove baterije (vodoravnu ili okomitu). <\/p>\n<p> Punjiva baterija mo\u017ee se integrirati u okvir bicikla<br \/> Jednostavno i sigurno za umetanje i uklanjanje<br \/> Integrirani sustav upravljanja baterijom osigurava veliku kilometra\u017eu i dug radni vijek<br \/> Bez efekta pam\u0107enja i bez samopra\u017enjenja<br \/> Kompatibilno s: BDU2XX, BDU3XX, BDU4XX<\/p>\n<p><strong>Prodaje se zasebno<\/strong><br \/> Monta\u017ene plo\u010de: 1270015630<\/p>\n<p><strong>Opseg isporuke<br \/><\/strong>1x PowerTube 400 horizontalno<br \/> 1x Transportno pakiranje (sukladno sa opasnim robama)<br \/> 1x Upute za uporabu<\/p>\n","protected":false},"excerpt":{"rendered":"<p>Imajte na umu: Zbog stupanja na snagu EU propisa o baterijama, ovaj proizvod je sada dostupan samo kao rezervni dio. Va\u017ene informacije o proizvodu Nemaju sve PowerTube baterije iste duljine. Kompatibilnost izme\u0111u pojedina\u010dnih PowerTube modela nije uvijek zajam\u010dena. Pa\u017enja: proizvod nije kompatibilan s DualBat! < p>Obavezno naru\u010dite ispravnu varijantu ove baterije (vodoravnu ili okomitu). Punjiva&#8230;<\/p>\n","protected":false},"featured_media":9450,"comment_status":"closed","ping_status":"open","template":"","meta":{"_acf_changed":false,"inline_featured_image":false,"_monsterinsights_skip_tracking":false,"_monsterinsights_sitenote_active":false,"_monsterinsights_sitenote_note":"","_monsterinsights_sitenote_category":0},"product_brand":[],"product_cat":[2694,2699,2697],"product_tag":[],"class_list":{"0":"post-14230","1":"product","2":"type-product","3":"status-publish","4":"has-post-thumbnail","6":"product_cat-batteries-hr","7":"product_cat-bosch-ebike-system-2-hr","8":"product_cat-powertube-hr","9":"pa_country-of-origin-poljska-hr","10":"pa_manufacture-name-bosch-hr","12":"first","13":"instock","14":"taxable","15":"shipping-taxable","16":"purchasable","17":"product-type-simple"},"acf":[],"yoast_head":"<!-- This site is optimized with the Yoast SEO plugin v27.4 - https:\/\/yoast.com\/product\/yoast-seo-wordpress\/ -->\n<title>PowerTube 400 horizontalno (BBP282) - Drugi krog<\/title>\n<meta name=\"robots\" content=\"index, follow, max-snippet:-1, max-image-preview:large, max-video-preview:-1\" \/>\n<link rel=\"canonical\" href=\"https:\/\/drugi-krog.si\/hr\/izdelek\/powertube-400-horizontal-bbp282\/\" \/>\n<meta property=\"og:locale\" content=\"hr_HR\" \/>\n<meta property=\"og:type\" content=\"article\" \/>\n<meta property=\"og:title\" content=\"PowerTube 400 horizontalno (BBP282) - Drugi krog\" \/>\n<meta property=\"og:description\" content=\"Imajte na umu: Zbog stupanja na snagu EU propisa o baterijama, ovaj proizvod je sada dostupan samo kao rezervni dio. Va\u017ene informacije o proizvodu Nemaju sve PowerTube baterije iste duljine. Kompatibilnost izme\u0111u pojedina\u010dnih PowerTube modela nije uvijek zajam\u010dena. Pa\u017enja: proizvod nije kompatibilan s DualBat! &lt; p&gt;Obavezno naru\u010dite ispravnu varijantu ove baterije (vodoravnu ili okomitu). Punjiva...\" \/>\n<meta property=\"og:url\" content=\"https:\/\/drugi-krog.si\/hr\/izdelek\/powertube-400-horizontal-bbp282\/\" \/>\n<meta property=\"og:site_name\" content=\"Drugi krog\" \/>\n<meta property=\"article:publisher\" content=\"https:\/\/www.facebook.com\/ServisKolesDrugiKrog\/\" \/>\n<meta property=\"article:modified_time\" content=\"2024-12-16T16:04:24+00:00\" \/>\n<meta property=\"og:image\" content=\"https:\/\/drugi-krog.si\/wp-content\/uploads\/2024\/12\/2123033.jpg\" \/>\n\t<meta property=\"og:image:width\" content=\"1200\" \/>\n\t<meta property=\"og:image:height\" content=\"1200\" \/>\n\t<meta property=\"og:image:type\" content=\"image\/jpeg\" \/>\n<meta name=\"twitter:card\" content=\"summary_large_image\" \/>\n<meta name=\"twitter:label1\" content=\"Procijenjeno vrijeme \u010ditanja\" \/>\n\t<meta name=\"twitter:data1\" content=\"1 minuta\" \/>\n<script type=\"application\/ld+json\" class=\"yoast-schema-graph\">{\"@context\":\"https:\\\/\\\/schema.org\",\"@graph\":[{\"@type\":\"WebPage\",\"@id\":\"https:\\\/\\\/drugi-krog.si\\\/hr\\\/izdelek\\\/powertube-400-horizontal-bbp282\\\/\",\"url\":\"https:\\\/\\\/drugi-krog.si\\\/hr\\\/izdelek\\\/powertube-400-horizontal-bbp282\\\/\",\"name\":\"PowerTube 400 horizontalno (BBP282) - Drugi krog\",\"isPartOf\":{\"@id\":\"https:\\\/\\\/drugi-krog.si\\\/hr\\\/#website\"},\"primaryImageOfPage\":{\"@id\":\"https:\\\/\\\/drugi-krog.si\\\/hr\\\/izdelek\\\/powertube-400-horizontal-bbp282\\\/#primaryimage\"},\"image\":{\"@id\":\"https:\\\/\\\/drugi-krog.si\\\/hr\\\/izdelek\\\/powertube-400-horizontal-bbp282\\\/#primaryimage\"},\"thumbnailUrl\":\"https:\\\/\\\/drugi-krog.si\\\/wp-content\\\/uploads\\\/2024\\\/12\\\/2123033.jpg\",\"datePublished\":\"2024-12-13T10:12:36+00:00\",\"dateModified\":\"2024-12-16T16:04:24+00:00\",\"breadcrumb\":{\"@id\":\"https:\\\/\\\/drugi-krog.si\\\/hr\\\/izdelek\\\/powertube-400-horizontal-bbp282\\\/#breadcrumb\"},\"inLanguage\":\"hr\",\"potentialAction\":[{\"@type\":\"ReadAction\",\"target\":[\"https:\\\/\\\/drugi-krog.si\\\/hr\\\/izdelek\\\/powertube-400-horizontal-bbp282\\\/\"]}]},{\"@type\":\"ImageObject\",\"inLanguage\":\"hr\",\"@id\":\"https:\\\/\\\/drugi-krog.si\\\/hr\\\/izdelek\\\/powertube-400-horizontal-bbp282\\\/#primaryimage\",\"url\":\"https:\\\/\\\/drugi-krog.si\\\/wp-content\\\/uploads\\\/2024\\\/12\\\/2123033.jpg\",\"contentUrl\":\"https:\\\/\\\/drugi-krog.si\\\/wp-content\\\/uploads\\\/2024\\\/12\\\/2123033.jpg\",\"width\":1200,\"height\":1200},{\"@type\":\"BreadcrumbList\",\"@id\":\"https:\\\/\\\/drugi-krog.si\\\/hr\\\/izdelek\\\/powertube-400-horizontal-bbp282\\\/#breadcrumb\",\"itemListElement\":[{\"@type\":\"ListItem\",\"position\":1,\"name\":\"Domov\",\"item\":\"https:\\\/\\\/drugi-krog.si\\\/hr\\\/\"},{\"@type\":\"ListItem\",\"position\":2,\"name\":\"Du\u0107an\",\"item\":\"https:\\\/\\\/drugi-krog.si\\\/hr\\\/ducan\\\/\"},{\"@type\":\"ListItem\",\"position\":3,\"name\":\"PowerTube 400 horizontalno (BBP282)\"}]},{\"@type\":\"WebSite\",\"@id\":\"https:\\\/\\\/drugi-krog.si\\\/hr\\\/#website\",\"url\":\"https:\\\/\\\/drugi-krog.si\\\/hr\\\/\",\"name\":\"Drugi krog\",\"description\":\"Popravila za vse vrste koles\",\"publisher\":{\"@id\":\"https:\\\/\\\/drugi-krog.si\\\/hr\\\/#organization\"},\"potentialAction\":[{\"@type\":\"SearchAction\",\"target\":{\"@type\":\"EntryPoint\",\"urlTemplate\":\"https:\\\/\\\/drugi-krog.si\\\/hr\\\/?s={search_term_string}\"},\"query-input\":{\"@type\":\"PropertyValueSpecification\",\"valueRequired\":true,\"valueName\":\"search_term_string\"}}],\"inLanguage\":\"hr\"},{\"@type\":\"Organization\",\"@id\":\"https:\\\/\\\/drugi-krog.si\\\/hr\\\/#organization\",\"name\":\"Drugi krog\",\"url\":\"https:\\\/\\\/drugi-krog.si\\\/hr\\\/\",\"logo\":{\"@type\":\"ImageObject\",\"inLanguage\":\"hr\",\"@id\":\"https:\\\/\\\/drugi-krog.si\\\/hr\\\/#\\\/schema\\\/logo\\\/image\\\/\",\"url\":\"https:\\\/\\\/drugi-krog.si\\\/wp-content\\\/uploads\\\/2022\\\/01\\\/logo.svg\",\"contentUrl\":\"https:\\\/\\\/drugi-krog.si\\\/wp-content\\\/uploads\\\/2022\\\/01\\\/logo.svg\",\"caption\":\"Drugi krog\"},\"image\":{\"@id\":\"https:\\\/\\\/drugi-krog.si\\\/hr\\\/#\\\/schema\\\/logo\\\/image\\\/\"},\"sameAs\":[\"https:\\\/\\\/www.facebook.com\\\/ServisKolesDrugiKrog\\\/\"]}]}<\/script>\n<!-- \/ Yoast SEO plugin. -->","yoast_head_json":{"title":"PowerTube 400 horizontalno (BBP282) - Drugi krog","robots":{"index":"index","follow":"follow","max-snippet":"max-snippet:-1","max-image-preview":"max-image-preview:large","max-video-preview":"max-video-preview:-1"},"canonical":"https:\/\/drugi-krog.si\/hr\/izdelek\/powertube-400-horizontal-bbp282\/","og_locale":"hr_HR","og_type":"article","og_title":"PowerTube 400 horizontalno (BBP282) - Drugi krog","og_description":"Imajte na umu: Zbog stupanja na snagu EU propisa o baterijama, ovaj proizvod je sada dostupan samo kao rezervni dio. Va\u017ene informacije o proizvodu Nemaju sve PowerTube baterije iste duljine. Kompatibilnost izme\u0111u pojedina\u010dnih PowerTube modela nije uvijek zajam\u010dena. Pa\u017enja: proizvod nije kompatibilan s DualBat! < p>Obavezno naru\u010dite ispravnu varijantu ove baterije (vodoravnu ili okomitu). Punjiva...","og_url":"https:\/\/drugi-krog.si\/hr\/izdelek\/powertube-400-horizontal-bbp282\/","og_site_name":"Drugi krog","article_publisher":"https:\/\/www.facebook.com\/ServisKolesDrugiKrog\/","article_modified_time":"2024-12-16T16:04:24+00:00","og_image":[{"width":1200,"height":1200,"url":"https:\/\/drugi-krog.si\/wp-content\/uploads\/2024\/12\/2123033.jpg","type":"image\/jpeg"}],"twitter_card":"summary_large_image","twitter_misc":{"Procijenjeno vrijeme \u010ditanja":"1 minuta"},"schema":{"@context":"https:\/\/schema.org","@graph":[{"@type":"WebPage","@id":"https:\/\/drugi-krog.si\/hr\/izdelek\/powertube-400-horizontal-bbp282\/","url":"https:\/\/drugi-krog.si\/hr\/izdelek\/powertube-400-horizontal-bbp282\/","name":"PowerTube 400 horizontalno (BBP282) - Drugi krog","isPartOf":{"@id":"https:\/\/drugi-krog.si\/hr\/#website"},"primaryImageOfPage":{"@id":"https:\/\/drugi-krog.si\/hr\/izdelek\/powertube-400-horizontal-bbp282\/#primaryimage"},"image":{"@id":"https:\/\/drugi-krog.si\/hr\/izdelek\/powertube-400-horizontal-bbp282\/#primaryimage"},"thumbnailUrl":"https:\/\/drugi-krog.si\/wp-content\/uploads\/2024\/12\/2123033.jpg","datePublished":"2024-12-13T10:12:36+00:00","dateModified":"2024-12-16T16:04:24+00:00","breadcrumb":{"@id":"https:\/\/drugi-krog.si\/hr\/izdelek\/powertube-400-horizontal-bbp282\/#breadcrumb"},"inLanguage":"hr","potentialAction":[{"@type":"ReadAction","target":["https:\/\/drugi-krog.si\/hr\/izdelek\/powertube-400-horizontal-bbp282\/"]}]},{"@type":"ImageObject","inLanguage":"hr","@id":"https:\/\/drugi-krog.si\/hr\/izdelek\/powertube-400-horizontal-bbp282\/#primaryimage","url":"https:\/\/drugi-krog.si\/wp-content\/uploads\/2024\/12\/2123033.jpg","contentUrl":"https:\/\/drugi-krog.si\/wp-content\/uploads\/2024\/12\/2123033.jpg","width":1200,"height":1200},{"@type":"BreadcrumbList","@id":"https:\/\/drugi-krog.si\/hr\/izdelek\/powertube-400-horizontal-bbp282\/#breadcrumb","itemListElement":[{"@type":"ListItem","position":1,"name":"Domov","item":"https:\/\/drugi-krog.si\/hr\/"},{"@type":"ListItem","position":2,"name":"Du\u0107an","item":"https:\/\/drugi-krog.si\/hr\/ducan\/"},{"@type":"ListItem","position":3,"name":"PowerTube 400 horizontalno (BBP282)"}]},{"@type":"WebSite","@id":"https:\/\/drugi-krog.si\/hr\/#website","url":"https:\/\/drugi-krog.si\/hr\/","name":"Drugi krog","description":"Popravila za vse vrste koles","publisher":{"@id":"https:\/\/drugi-krog.si\/hr\/#organization"},"potentialAction":[{"@type":"SearchAction","target":{"@type":"EntryPoint","urlTemplate":"https:\/\/drugi-krog.si\/hr\/?s={search_term_string}"},"query-input":{"@type":"PropertyValueSpecification","valueRequired":true,"valueName":"search_term_string"}}],"inLanguage":"hr"},{"@type":"Organization","@id":"https:\/\/drugi-krog.si\/hr\/#organization","name":"Drugi krog","url":"https:\/\/drugi-krog.si\/hr\/","logo":{"@type":"ImageObject","inLanguage":"hr","@id":"https:\/\/drugi-krog.si\/hr\/#\/schema\/logo\/image\/","url":"https:\/\/drugi-krog.si\/wp-content\/uploads\/2022\/01\/logo.svg","contentUrl":"https:\/\/drugi-krog.si\/wp-content\/uploads\/2022\/01\/logo.svg","caption":"Drugi krog"},"image":{"@id":"https:\/\/drugi-krog.si\/hr\/#\/schema\/logo\/image\/"},"sameAs":["https:\/\/www.facebook.com\/ServisKolesDrugiKrog\/"]}]}},"_links":{"self":[{"href":"https:\/\/drugi-krog.si\/hr\/wp-json\/wp\/v2\/product\/14230","targetHints":{"allow":["GET"]}}],"collection":[{"href":"https:\/\/drugi-krog.si\/hr\/wp-json\/wp\/v2\/product"}],"about":[{"href":"https:\/\/drugi-krog.si\/hr\/wp-json\/wp\/v2\/types\/product"}],"replies":[{"embeddable":true,"href":"https:\/\/drugi-krog.si\/hr\/wp-json\/wp\/v2\/comments?post=14230"}],"wp:featuredmedia":[{"embeddable":true,"href":"https:\/\/drugi-krog.si\/hr\/wp-json\/wp\/v2\/media\/9450"}],"wp:attachment":[{"href":"https:\/\/drugi-krog.si\/hr\/wp-json\/wp\/v2\/media?parent=14230"}],"wp:term":[{"taxonomy":"product_brand","embeddable":true,"href":"https:\/\/drugi-krog.si\/hr\/wp-json\/wp\/v2\/product_brand?post=14230"},{"taxonomy":"product_cat","embeddable":true,"href":"https:\/\/drugi-krog.si\/hr\/wp-json\/wp\/v2\/product_cat?post=14230"},{"taxonomy":"product_tag","embeddable":true,"href":"https:\/\/drugi-krog.si\/hr\/wp-json\/wp\/v2\/product_tag?post=14230"}],"curies":[{"name":"wp","href":"https:\/\/api.w.org\/{rel}","templated":true}]}}