{"id":14366,"date":"2024-12-13T11:13:09","date_gmt":"2024-12-13T10:13:09","guid":{"rendered":"https:\/\/drugi-krog.si\/izdelek\/fontus-18v-cordless-pressure-cleaner-uk-version\/"},"modified":"2024-12-16T17:04:36","modified_gmt":"2024-12-16T16:04:36","slug":"fontus-18v-cordless-pressure-cleaner-uk-version","status":"publish","type":"product","link":"https:\/\/drugi-krog.si\/hr\/izdelek\/fontus-18v-cordless-pressure-cleaner-uk-version\/","title":{"rendered":"Fontus 18V be\u017ei\u010dni visokotla\u010dni \u010dista\u010d (verzija za UK)"},"content":{"rendered":"<p><strong><\/p>\n<h4>Va\u017ene informacije o proizvodu<\/h4>\n<p>PA\u017dNJA: Verzija za UK (s utika\u010dem za UK)<\/p>\n<p><\/strong><br \/> Briga za ono do \u010dega vam je stalo.<\/p>\n<p><a href=\"https:\/\/s.cliplister.com\/PLXrNIuarm\" target=\"_blank\">Videozapis proizvoda ovdje.<\/a> <\/p>\n<p>< \n\n Be\u017ei\u010dno \u010di\u0161\u0107enje kod ku\u0107e ili u pokretu, bilo spojen na dovod vode ili pomo\u0107u ugra\u0111enog spremnika od 15 l<br \/> Idealno za brigu o va\u0161oj skupoj imovini, od automobila i motocikala do vanjske opreme i bicikala<br \/> Vi\u0161enamjenska upotreba: \u010cetiri uzorka prskanja, podesivi pritisak vode i SmartBrush<br \/> Produljiva ru\u010dka i \u010dvrsti kota\u010di za brzo postavljanje i lako manevriranje<br \/> Spremi\u0161te pribora i pi\u0161tolj za rad dr\u017ea\u010d za ultimativnu prakti\u010dnost<br \/> Syneon tehnologija regulira potro\u0161nju energije za optimalnu u\u010dinkovitost i dulje vrijeme rada<br \/> SNAGA ZA SVE: Jedna baterija za cijeli sustav ku\u0107nih i vrtnih alata <\/p>\n<p><strong>Maks. tlak:<\/strong> 20 bara<\/p>\n<p><strong>Postavke tlaka:<\/strong> niski, srednji i turbo<\/p>\n<p><strong>Napon baterije:<\/strong> 18 V< br \/><br \/><strong>Kapacitet baterije:<\/strong> 2,5 Ah<\/p>\n<p><strong>Vrijeme rada baterije:<\/strong> do 60 minuta<\/p>\n<p><strong> Vrijeme punjenja baterije:<\/strong> 154 min<\/p>\n<p><strong>Veli\u010dina spremnika:<\/strong> 15 l<\/p>\n<p><strong>Duljina crijeva:<\/strong> 4 m<\/p>\n<p><strong> Te\u017eina (bez pribora):<\/strong> 9,5 kg<\/p>\n<p><strong>Dimenzije proizvoda (Vx\u0160xD):<\/strong> 645 x 395 x 320 mm<\/p>\n<p><strong> Ru\u010dka tip:<\/strong> Teleskopsko<\/p>\n<p><strong>Tip crijeva:<\/strong> PVC<\/p>\n<p><strong>Opseg isporuke<br \/><\/strong >Pi\u0161tolj za prskanje<br \/> SmartBrush<br \/> Cijev od 4 m<br \/> Filter za vodu<br \/> 1 paket baterija PBA 18V 2,5Ah WB<br \/> Punja\u010d AL 1810 CV (s EU utika\u010dem)<\/p>\n","protected":false},"excerpt":{"rendered":"<p>Va\u017ene informacije o proizvodu PA\u017dNJA: Verzija za UK (s utika\u010dem za UK) Briga za ono do \u010dega vam je stalo. Videozapis proizvoda ovdje. < Be\u017ei\u010dno \u010di\u0161\u0107enje kod ku\u0107e ili u pokretu, bilo spojen na dovod vode ili pomo\u0107u ugra\u0111enog spremnika od 15 l Idealno za brigu o va\u0161oj skupoj imovini, od automobila i motocikala do...\n<\/p>\n","protected":false},"featured_media":9994,"comment_status":"closed","ping_status":"open","template":"","meta":{"_acf_changed":false,"inline_featured_image":false,"_monsterinsights_skip_tracking":false,"_monsterinsights_sitenote_active":false,"_monsterinsights_sitenote_note":"","_monsterinsights_sitenote_category":0},"product_brand":[],"product_cat":[2744],"product_tag":[],"class_list":{"0":"post-14366","1":"product","2":"type-product","3":"status-publish","4":"has-post-thumbnail","6":"product_cat-all-articles-hr-9","7":"pa_country-of-origin-kina-hr","8":"pa_manufacture-name-bosch-powertools-hr","10":"first","11":"instock","12":"taxable","13":"shipping-taxable","14":"purchasable","15":"product-type-simple"},"acf":[],"yoast_head":"<!-- This site is optimized with the Yoast SEO plugin v27.4 - https:\/\/yoast.com\/product\/yoast-seo-wordpress\/ -->\n<title>Fontus 18V be\u017ei\u010dni visokotla\u010dni \u010dista\u010d (verzija za UK) - Drugi krog<\/title>\n<meta name=\"robots\" content=\"index, follow, max-snippet:-1, max-image-preview:large, max-video-preview:-1\" \/>\n<link rel=\"canonical\" href=\"https:\/\/drugi-krog.si\/hr\/izdelek\/fontus-18v-cordless-pressure-cleaner-uk-version\/\" \/>\n<meta property=\"og:locale\" content=\"hr_HR\" \/>\n<meta property=\"og:type\" content=\"article\" \/>\n<meta property=\"og:title\" content=\"Fontus 18V be\u017ei\u010dni visokotla\u010dni \u010dista\u010d (verzija za UK) - Drugi krog\" \/>\n<meta property=\"og:description\" content=\"Va\u017ene informacije o proizvodu PA\u017dNJA: Verzija za UK (s utika\u010dem za UK) Briga za ono do \u010dega vam je stalo. Videozapis proizvoda ovdje. &lt; Be\u017ei\u010dno \u010di\u0161\u0107enje kod ku\u0107e ili u pokretu, bilo spojen na dovod vode ili pomo\u0107u ugra\u0111enog spremnika od 15 l Idealno za brigu o va\u0161oj skupoj imovini, od automobila i motocikala do...\" \/>\n<meta property=\"og:url\" content=\"https:\/\/drugi-krog.si\/hr\/izdelek\/fontus-18v-cordless-pressure-cleaner-uk-version\/\" \/>\n<meta property=\"og:site_name\" content=\"Drugi krog\" \/>\n<meta property=\"article:publisher\" content=\"https:\/\/www.facebook.com\/ServisKolesDrugiKrog\/\" \/>\n<meta property=\"article:modified_time\" content=\"2024-12-16T16:04:36+00:00\" \/>\n<meta property=\"og:image\" content=\"https:\/\/drugi-krog.si\/wp-content\/uploads\/2024\/12\/2123827.jpg\" \/>\n\t<meta property=\"og:image:width\" content=\"1200\" \/>\n\t<meta property=\"og:image:height\" content=\"1200\" \/>\n\t<meta property=\"og:image:type\" content=\"image\/png\" \/>\n<meta name=\"twitter:card\" content=\"summary_large_image\" \/>\n<meta name=\"twitter:label1\" content=\"Procijenjeno vrijeme \u010ditanja\" \/>\n\t<meta name=\"twitter:data1\" content=\"1 minuta\" \/>\n<script type=\"application\/ld+json\" class=\"yoast-schema-graph\">{\"@context\":\"https:\\\/\\\/schema.org\",\"@graph\":[{\"@type\":\"WebPage\",\"@id\":\"https:\\\/\\\/drugi-krog.si\\\/hr\\\/izdelek\\\/fontus-18v-cordless-pressure-cleaner-uk-version\\\/\",\"url\":\"https:\\\/\\\/drugi-krog.si\\\/hr\\\/izdelek\\\/fontus-18v-cordless-pressure-cleaner-uk-version\\\/\",\"name\":\"Fontus 18V be\u017ei\u010dni visokotla\u010dni \u010dista\u010d (verzija za UK) - Drugi krog\",\"isPartOf\":{\"@id\":\"https:\\\/\\\/drugi-krog.si\\\/hr\\\/#website\"},\"primaryImageOfPage\":{\"@id\":\"https:\\\/\\\/drugi-krog.si\\\/hr\\\/izdelek\\\/fontus-18v-cordless-pressure-cleaner-uk-version\\\/#primaryimage\"},\"image\":{\"@id\":\"https:\\\/\\\/drugi-krog.si\\\/hr\\\/izdelek\\\/fontus-18v-cordless-pressure-cleaner-uk-version\\\/#primaryimage\"},\"thumbnailUrl\":\"https:\\\/\\\/drugi-krog.si\\\/wp-content\\\/uploads\\\/2024\\\/12\\\/2123827.jpg\",\"datePublished\":\"2024-12-13T10:13:09+00:00\",\"dateModified\":\"2024-12-16T16:04:36+00:00\",\"breadcrumb\":{\"@id\":\"https:\\\/\\\/drugi-krog.si\\\/hr\\\/izdelek\\\/fontus-18v-cordless-pressure-cleaner-uk-version\\\/#breadcrumb\"},\"inLanguage\":\"hr\",\"potentialAction\":[{\"@type\":\"ReadAction\",\"target\":[\"https:\\\/\\\/drugi-krog.si\\\/hr\\\/izdelek\\\/fontus-18v-cordless-pressure-cleaner-uk-version\\\/\"]}]},{\"@type\":\"ImageObject\",\"inLanguage\":\"hr\",\"@id\":\"https:\\\/\\\/drugi-krog.si\\\/hr\\\/izdelek\\\/fontus-18v-cordless-pressure-cleaner-uk-version\\\/#primaryimage\",\"url\":\"https:\\\/\\\/drugi-krog.si\\\/wp-content\\\/uploads\\\/2024\\\/12\\\/2123827.jpg\",\"contentUrl\":\"https:\\\/\\\/drugi-krog.si\\\/wp-content\\\/uploads\\\/2024\\\/12\\\/2123827.jpg\",\"width\":1200,\"height\":1200},{\"@type\":\"BreadcrumbList\",\"@id\":\"https:\\\/\\\/drugi-krog.si\\\/hr\\\/izdelek\\\/fontus-18v-cordless-pressure-cleaner-uk-version\\\/#breadcrumb\",\"itemListElement\":[{\"@type\":\"ListItem\",\"position\":1,\"name\":\"Domov\",\"item\":\"https:\\\/\\\/drugi-krog.si\\\/hr\\\/\"},{\"@type\":\"ListItem\",\"position\":2,\"name\":\"Du\u0107an\",\"item\":\"https:\\\/\\\/drugi-krog.si\\\/hr\\\/ducan\\\/\"},{\"@type\":\"ListItem\",\"position\":3,\"name\":\"Fontus 18V be\u017ei\u010dni visokotla\u010dni \u010dista\u010d (verzija za UK)\"}]},{\"@type\":\"WebSite\",\"@id\":\"https:\\\/\\\/drugi-krog.si\\\/hr\\\/#website\",\"url\":\"https:\\\/\\\/drugi-krog.si\\\/hr\\\/\",\"name\":\"Drugi krog\",\"description\":\"Popravila za vse vrste koles\",\"publisher\":{\"@id\":\"https:\\\/\\\/drugi-krog.si\\\/hr\\\/#organization\"},\"potentialAction\":[{\"@type\":\"SearchAction\",\"target\":{\"@type\":\"EntryPoint\",\"urlTemplate\":\"https:\\\/\\\/drugi-krog.si\\\/hr\\\/?s={search_term_string}\"},\"query-input\":{\"@type\":\"PropertyValueSpecification\",\"valueRequired\":true,\"valueName\":\"search_term_string\"}}],\"inLanguage\":\"hr\"},{\"@type\":\"Organization\",\"@id\":\"https:\\\/\\\/drugi-krog.si\\\/hr\\\/#organization\",\"name\":\"Drugi krog\",\"url\":\"https:\\\/\\\/drugi-krog.si\\\/hr\\\/\",\"logo\":{\"@type\":\"ImageObject\",\"inLanguage\":\"hr\",\"@id\":\"https:\\\/\\\/drugi-krog.si\\\/hr\\\/#\\\/schema\\\/logo\\\/image\\\/\",\"url\":\"https:\\\/\\\/drugi-krog.si\\\/wp-content\\\/uploads\\\/2022\\\/01\\\/logo.svg\",\"contentUrl\":\"https:\\\/\\\/drugi-krog.si\\\/wp-content\\\/uploads\\\/2022\\\/01\\\/logo.svg\",\"caption\":\"Drugi krog\"},\"image\":{\"@id\":\"https:\\\/\\\/drugi-krog.si\\\/hr\\\/#\\\/schema\\\/logo\\\/image\\\/\"},\"sameAs\":[\"https:\\\/\\\/www.facebook.com\\\/ServisKolesDrugiKrog\\\/\"]}]}<\/script>\n<!-- \/ Yoast SEO plugin. -->","yoast_head_json":{"title":"Fontus 18V be\u017ei\u010dni visokotla\u010dni \u010dista\u010d (verzija za UK) - Drugi krog","robots":{"index":"index","follow":"follow","max-snippet":"max-snippet:-1","max-image-preview":"max-image-preview:large","max-video-preview":"max-video-preview:-1"},"canonical":"https:\/\/drugi-krog.si\/hr\/izdelek\/fontus-18v-cordless-pressure-cleaner-uk-version\/","og_locale":"hr_HR","og_type":"article","og_title":"Fontus 18V be\u017ei\u010dni visokotla\u010dni \u010dista\u010d (verzija za UK) - Drugi krog","og_description":"Va\u017ene informacije o proizvodu PA\u017dNJA: Verzija za UK (s utika\u010dem za UK) Briga za ono do \u010dega vam je stalo. Videozapis proizvoda ovdje. < Be\u017ei\u010dno \u010di\u0161\u0107enje kod ku\u0107e ili u pokretu, bilo spojen na dovod vode ili pomo\u0107u ugra\u0111enog spremnika od 15 l Idealno za brigu o va\u0161oj skupoj imovini, od automobila i motocikala do...","og_url":"https:\/\/drugi-krog.si\/hr\/izdelek\/fontus-18v-cordless-pressure-cleaner-uk-version\/","og_site_name":"Drugi krog","article_publisher":"https:\/\/www.facebook.com\/ServisKolesDrugiKrog\/","article_modified_time":"2024-12-16T16:04:36+00:00","og_image":[{"width":1200,"height":1200,"url":"https:\/\/drugi-krog.si\/wp-content\/uploads\/2024\/12\/2123827.jpg","type":"image\/png"}],"twitter_card":"summary_large_image","twitter_misc":{"Procijenjeno vrijeme \u010ditanja":"1 minuta"},"schema":{"@context":"https:\/\/schema.org","@graph":[{"@type":"WebPage","@id":"https:\/\/drugi-krog.si\/hr\/izdelek\/fontus-18v-cordless-pressure-cleaner-uk-version\/","url":"https:\/\/drugi-krog.si\/hr\/izdelek\/fontus-18v-cordless-pressure-cleaner-uk-version\/","name":"Fontus 18V be\u017ei\u010dni visokotla\u010dni \u010dista\u010d (verzija za UK) - Drugi krog","isPartOf":{"@id":"https:\/\/drugi-krog.si\/hr\/#website"},"primaryImageOfPage":{"@id":"https:\/\/drugi-krog.si\/hr\/izdelek\/fontus-18v-cordless-pressure-cleaner-uk-version\/#primaryimage"},"image":{"@id":"https:\/\/drugi-krog.si\/hr\/izdelek\/fontus-18v-cordless-pressure-cleaner-uk-version\/#primaryimage"},"thumbnailUrl":"https:\/\/drugi-krog.si\/wp-content\/uploads\/2024\/12\/2123827.jpg","datePublished":"2024-12-13T10:13:09+00:00","dateModified":"2024-12-16T16:04:36+00:00","breadcrumb":{"@id":"https:\/\/drugi-krog.si\/hr\/izdelek\/fontus-18v-cordless-pressure-cleaner-uk-version\/#breadcrumb"},"inLanguage":"hr","potentialAction":[{"@type":"ReadAction","target":["https:\/\/drugi-krog.si\/hr\/izdelek\/fontus-18v-cordless-pressure-cleaner-uk-version\/"]}]},{"@type":"ImageObject","inLanguage":"hr","@id":"https:\/\/drugi-krog.si\/hr\/izdelek\/fontus-18v-cordless-pressure-cleaner-uk-version\/#primaryimage","url":"https:\/\/drugi-krog.si\/wp-content\/uploads\/2024\/12\/2123827.jpg","contentUrl":"https:\/\/drugi-krog.si\/wp-content\/uploads\/2024\/12\/2123827.jpg","width":1200,"height":1200},{"@type":"BreadcrumbList","@id":"https:\/\/drugi-krog.si\/hr\/izdelek\/fontus-18v-cordless-pressure-cleaner-uk-version\/#breadcrumb","itemListElement":[{"@type":"ListItem","position":1,"name":"Domov","item":"https:\/\/drugi-krog.si\/hr\/"},{"@type":"ListItem","position":2,"name":"Du\u0107an","item":"https:\/\/drugi-krog.si\/hr\/ducan\/"},{"@type":"ListItem","position":3,"name":"Fontus 18V be\u017ei\u010dni visokotla\u010dni \u010dista\u010d (verzija za UK)"}]},{"@type":"WebSite","@id":"https:\/\/drugi-krog.si\/hr\/#website","url":"https:\/\/drugi-krog.si\/hr\/","name":"Drugi krog","description":"Popravila za vse vrste koles","publisher":{"@id":"https:\/\/drugi-krog.si\/hr\/#organization"},"potentialAction":[{"@type":"SearchAction","target":{"@type":"EntryPoint","urlTemplate":"https:\/\/drugi-krog.si\/hr\/?s={search_term_string}"},"query-input":{"@type":"PropertyValueSpecification","valueRequired":true,"valueName":"search_term_string"}}],"inLanguage":"hr"},{"@type":"Organization","@id":"https:\/\/drugi-krog.si\/hr\/#organization","name":"Drugi krog","url":"https:\/\/drugi-krog.si\/hr\/","logo":{"@type":"ImageObject","inLanguage":"hr","@id":"https:\/\/drugi-krog.si\/hr\/#\/schema\/logo\/image\/","url":"https:\/\/drugi-krog.si\/wp-content\/uploads\/2022\/01\/logo.svg","contentUrl":"https:\/\/drugi-krog.si\/wp-content\/uploads\/2022\/01\/logo.svg","caption":"Drugi krog"},"image":{"@id":"https:\/\/drugi-krog.si\/hr\/#\/schema\/logo\/image\/"},"sameAs":["https:\/\/www.facebook.com\/ServisKolesDrugiKrog\/"]}]}},"_links":{"self":[{"href":"https:\/\/drugi-krog.si\/hr\/wp-json\/wp\/v2\/product\/14366","targetHints":{"allow":["GET"]}}],"collection":[{"href":"https:\/\/drugi-krog.si\/hr\/wp-json\/wp\/v2\/product"}],"about":[{"href":"https:\/\/drugi-krog.si\/hr\/wp-json\/wp\/v2\/types\/product"}],"replies":[{"embeddable":true,"href":"https:\/\/drugi-krog.si\/hr\/wp-json\/wp\/v2\/comments?post=14366"}],"wp:featuredmedia":[{"embeddable":true,"href":"https:\/\/drugi-krog.si\/hr\/wp-json\/wp\/v2\/media\/9994"}],"wp:attachment":[{"href":"https:\/\/drugi-krog.si\/hr\/wp-json\/wp\/v2\/media?parent=14366"}],"wp:term":[{"taxonomy":"product_brand","embeddable":true,"href":"https:\/\/drugi-krog.si\/hr\/wp-json\/wp\/v2\/product_brand?post=14366"},{"taxonomy":"product_cat","embeddable":true,"href":"https:\/\/drugi-krog.si\/hr\/wp-json\/wp\/v2\/product_cat?post=14366"},{"taxonomy":"product_tag","embeddable":true,"href":"https:\/\/drugi-krog.si\/hr\/wp-json\/wp\/v2\/product_tag?post=14366"}],"curies":[{"name":"wp","href":"https:\/\/api.w.org\/{rel}","templated":true}]}}