{"id":14383,"date":"2024-12-13T11:13:41","date_gmt":"2024-12-13T10:13:41","guid":{"rendered":"https:\/\/drugi-krog.si\/izdelek\/mounting-rail-with-edge-protection-for-powertube-625-vertical-axialbbp376y\/"},"modified":"2024-12-16T17:04:39","modified_gmt":"2024-12-16T16:04:39","slug":"mounting-rail-with-edge-protection-for-powertube-625-vertical-axialbbp376y","status":"publish","type":"product","link":"https:\/\/drugi-krog.si\/hr\/izdelek\/mounting-rail-with-edge-protection-for-powertube-625-vertical-axialbbp376y\/","title":{"rendered":"Monta\u017ena tra\u010dnica sa za\u0161titnim rubom za PowerTube 625 vertikalno, aksijalno (BBP376Y)"},"content":{"rendered":"<p>Za baterije koje se mogu uvla\u010diti (aksijalne)<\/p>\n<p><strong>Opseg isporuke<br \/><\/strong>1x monta\u017ena tra\u010dnica<\/p>\n","protected":false},"excerpt":{"rendered":"<p>Za baterije koje se mogu uvla\u010diti (aksijalne) Opseg isporuke1x monta\u017ena tra\u010dnica<\/p>\n","protected":false},"featured_media":10062,"comment_status":"closed","ping_status":"closed","template":"","meta":{"_acf_changed":false,"inline_featured_image":false,"_monsterinsights_skip_tracking":false,"_monsterinsights_sitenote_active":false,"_monsterinsights_sitenote_note":"","_monsterinsights_sitenote_category":0},"product_brand":[],"product_cat":[2729,2720],"product_tag":[],"class_list":{"0":"post-14383","1":"product","2":"type-product","3":"status-publish","4":"has-post-thumbnail","6":"product_cat-batteries-powertube-hr","7":"product_cat-the-smart-system-hr","8":"pa_country-of-origin-slovacka","9":"pa_manufacture-name-bosch-hr","11":"first","12":"instock","13":"taxable","14":"shipping-taxable","15":"purchasable","16":"product-type-simple"},"acf":[],"yoast_head":"<!-- This site is optimized with the Yoast SEO plugin v27.4 - https:\/\/yoast.com\/product\/yoast-seo-wordpress\/ -->\n<title>Monta\u017ena tra\u010dnica sa za\u0161titnim rubom za PowerTube 625 vertikalno, aksijalno (BBP376Y) - Drugi krog<\/title>\n<meta name=\"robots\" content=\"index, follow, max-snippet:-1, max-image-preview:large, max-video-preview:-1\" \/>\n<link rel=\"canonical\" href=\"https:\/\/drugi-krog.si\/hr\/izdelek\/mounting-rail-with-edge-protection-for-powertube-625-vertical-axialbbp376y\/\" \/>\n<meta property=\"og:locale\" content=\"hr_HR\" \/>\n<meta property=\"og:type\" content=\"article\" \/>\n<meta property=\"og:title\" content=\"Monta\u017ena tra\u010dnica sa za\u0161titnim rubom za PowerTube 625 vertikalno, aksijalno (BBP376Y) - Drugi krog\" \/>\n<meta property=\"og:description\" content=\"Za baterije koje se mogu uvla\u010diti (aksijalne) Opseg isporuke1x monta\u017ena tra\u010dnica\" \/>\n<meta property=\"og:url\" content=\"https:\/\/drugi-krog.si\/hr\/izdelek\/mounting-rail-with-edge-protection-for-powertube-625-vertical-axialbbp376y\/\" \/>\n<meta property=\"og:site_name\" content=\"Drugi krog\" \/>\n<meta property=\"article:publisher\" content=\"https:\/\/www.facebook.com\/ServisKolesDrugiKrog\/\" \/>\n<meta property=\"article:modified_time\" content=\"2024-12-16T16:04:39+00:00\" \/>\n<meta property=\"og:image\" content=\"https:\/\/drugi-krog.si\/wp-content\/uploads\/2024\/12\/2123875.jpg\" \/>\n\t<meta property=\"og:image:width\" content=\"1200\" \/>\n\t<meta property=\"og:image:height\" content=\"1200\" \/>\n\t<meta property=\"og:image:type\" content=\"image\/png\" \/>\n<meta name=\"twitter:card\" content=\"summary_large_image\" \/>\n<script type=\"application\/ld+json\" class=\"yoast-schema-graph\">{\"@context\":\"https:\\\/\\\/schema.org\",\"@graph\":[{\"@type\":\"WebPage\",\"@id\":\"https:\\\/\\\/drugi-krog.si\\\/hr\\\/izdelek\\\/mounting-rail-with-edge-protection-for-powertube-625-vertical-axialbbp376y\\\/\",\"url\":\"https:\\\/\\\/drugi-krog.si\\\/hr\\\/izdelek\\\/mounting-rail-with-edge-protection-for-powertube-625-vertical-axialbbp376y\\\/\",\"name\":\"Monta\u017ena tra\u010dnica sa za\u0161titnim rubom za PowerTube 625 vertikalno, aksijalno (BBP376Y) - Drugi krog\",\"isPartOf\":{\"@id\":\"https:\\\/\\\/drugi-krog.si\\\/hr\\\/#website\"},\"primaryImageOfPage\":{\"@id\":\"https:\\\/\\\/drugi-krog.si\\\/hr\\\/izdelek\\\/mounting-rail-with-edge-protection-for-powertube-625-vertical-axialbbp376y\\\/#primaryimage\"},\"image\":{\"@id\":\"https:\\\/\\\/drugi-krog.si\\\/hr\\\/izdelek\\\/mounting-rail-with-edge-protection-for-powertube-625-vertical-axialbbp376y\\\/#primaryimage\"},\"thumbnailUrl\":\"https:\\\/\\\/drugi-krog.si\\\/wp-content\\\/uploads\\\/2024\\\/12\\\/2123875.jpg\",\"datePublished\":\"2024-12-13T10:13:41+00:00\",\"dateModified\":\"2024-12-16T16:04:39+00:00\",\"breadcrumb\":{\"@id\":\"https:\\\/\\\/drugi-krog.si\\\/hr\\\/izdelek\\\/mounting-rail-with-edge-protection-for-powertube-625-vertical-axialbbp376y\\\/#breadcrumb\"},\"inLanguage\":\"hr\",\"potentialAction\":[{\"@type\":\"ReadAction\",\"target\":[\"https:\\\/\\\/drugi-krog.si\\\/hr\\\/izdelek\\\/mounting-rail-with-edge-protection-for-powertube-625-vertical-axialbbp376y\\\/\"]}]},{\"@type\":\"ImageObject\",\"inLanguage\":\"hr\",\"@id\":\"https:\\\/\\\/drugi-krog.si\\\/hr\\\/izdelek\\\/mounting-rail-with-edge-protection-for-powertube-625-vertical-axialbbp376y\\\/#primaryimage\",\"url\":\"https:\\\/\\\/drugi-krog.si\\\/wp-content\\\/uploads\\\/2024\\\/12\\\/2123875.jpg\",\"contentUrl\":\"https:\\\/\\\/drugi-krog.si\\\/wp-content\\\/uploads\\\/2024\\\/12\\\/2123875.jpg\",\"width\":1200,\"height\":1200},{\"@type\":\"BreadcrumbList\",\"@id\":\"https:\\\/\\\/drugi-krog.si\\\/hr\\\/izdelek\\\/mounting-rail-with-edge-protection-for-powertube-625-vertical-axialbbp376y\\\/#breadcrumb\",\"itemListElement\":[{\"@type\":\"ListItem\",\"position\":1,\"name\":\"Domov\",\"item\":\"https:\\\/\\\/drugi-krog.si\\\/hr\\\/\"},{\"@type\":\"ListItem\",\"position\":2,\"name\":\"Du\u0107an\",\"item\":\"https:\\\/\\\/drugi-krog.si\\\/hr\\\/ducan\\\/\"},{\"@type\":\"ListItem\",\"position\":3,\"name\":\"Monta\u017ena tra\u010dnica sa za\u0161titnim rubom za PowerTube 625 vertikalno, aksijalno (BBP376Y)\"}]},{\"@type\":\"WebSite\",\"@id\":\"https:\\\/\\\/drugi-krog.si\\\/hr\\\/#website\",\"url\":\"https:\\\/\\\/drugi-krog.si\\\/hr\\\/\",\"name\":\"Drugi krog\",\"description\":\"Popravila za vse vrste koles\",\"publisher\":{\"@id\":\"https:\\\/\\\/drugi-krog.si\\\/hr\\\/#organization\"},\"potentialAction\":[{\"@type\":\"SearchAction\",\"target\":{\"@type\":\"EntryPoint\",\"urlTemplate\":\"https:\\\/\\\/drugi-krog.si\\\/hr\\\/?s={search_term_string}\"},\"query-input\":{\"@type\":\"PropertyValueSpecification\",\"valueRequired\":true,\"valueName\":\"search_term_string\"}}],\"inLanguage\":\"hr\"},{\"@type\":\"Organization\",\"@id\":\"https:\\\/\\\/drugi-krog.si\\\/hr\\\/#organization\",\"name\":\"Drugi krog\",\"url\":\"https:\\\/\\\/drugi-krog.si\\\/hr\\\/\",\"logo\":{\"@type\":\"ImageObject\",\"inLanguage\":\"hr\",\"@id\":\"https:\\\/\\\/drugi-krog.si\\\/hr\\\/#\\\/schema\\\/logo\\\/image\\\/\",\"url\":\"https:\\\/\\\/drugi-krog.si\\\/wp-content\\\/uploads\\\/2022\\\/01\\\/logo.svg\",\"contentUrl\":\"https:\\\/\\\/drugi-krog.si\\\/wp-content\\\/uploads\\\/2022\\\/01\\\/logo.svg\",\"caption\":\"Drugi krog\"},\"image\":{\"@id\":\"https:\\\/\\\/drugi-krog.si\\\/hr\\\/#\\\/schema\\\/logo\\\/image\\\/\"},\"sameAs\":[\"https:\\\/\\\/www.facebook.com\\\/ServisKolesDrugiKrog\\\/\"]}]}<\/script>\n<!-- \/ Yoast SEO plugin. -->","yoast_head_json":{"title":"Monta\u017ena tra\u010dnica sa za\u0161titnim rubom za PowerTube 625 vertikalno, aksijalno (BBP376Y) - Drugi krog","robots":{"index":"index","follow":"follow","max-snippet":"max-snippet:-1","max-image-preview":"max-image-preview:large","max-video-preview":"max-video-preview:-1"},"canonical":"https:\/\/drugi-krog.si\/hr\/izdelek\/mounting-rail-with-edge-protection-for-powertube-625-vertical-axialbbp376y\/","og_locale":"hr_HR","og_type":"article","og_title":"Monta\u017ena tra\u010dnica sa za\u0161titnim rubom za PowerTube 625 vertikalno, aksijalno (BBP376Y) - Drugi krog","og_description":"Za baterije koje se mogu uvla\u010diti (aksijalne) Opseg isporuke1x monta\u017ena tra\u010dnica","og_url":"https:\/\/drugi-krog.si\/hr\/izdelek\/mounting-rail-with-edge-protection-for-powertube-625-vertical-axialbbp376y\/","og_site_name":"Drugi krog","article_publisher":"https:\/\/www.facebook.com\/ServisKolesDrugiKrog\/","article_modified_time":"2024-12-16T16:04:39+00:00","og_image":[{"width":1200,"height":1200,"url":"https:\/\/drugi-krog.si\/wp-content\/uploads\/2024\/12\/2123875.jpg","type":"image\/png"}],"twitter_card":"summary_large_image","schema":{"@context":"https:\/\/schema.org","@graph":[{"@type":"WebPage","@id":"https:\/\/drugi-krog.si\/hr\/izdelek\/mounting-rail-with-edge-protection-for-powertube-625-vertical-axialbbp376y\/","url":"https:\/\/drugi-krog.si\/hr\/izdelek\/mounting-rail-with-edge-protection-for-powertube-625-vertical-axialbbp376y\/","name":"Monta\u017ena tra\u010dnica sa za\u0161titnim rubom za PowerTube 625 vertikalno, aksijalno (BBP376Y) - Drugi krog","isPartOf":{"@id":"https:\/\/drugi-krog.si\/hr\/#website"},"primaryImageOfPage":{"@id":"https:\/\/drugi-krog.si\/hr\/izdelek\/mounting-rail-with-edge-protection-for-powertube-625-vertical-axialbbp376y\/#primaryimage"},"image":{"@id":"https:\/\/drugi-krog.si\/hr\/izdelek\/mounting-rail-with-edge-protection-for-powertube-625-vertical-axialbbp376y\/#primaryimage"},"thumbnailUrl":"https:\/\/drugi-krog.si\/wp-content\/uploads\/2024\/12\/2123875.jpg","datePublished":"2024-12-13T10:13:41+00:00","dateModified":"2024-12-16T16:04:39+00:00","breadcrumb":{"@id":"https:\/\/drugi-krog.si\/hr\/izdelek\/mounting-rail-with-edge-protection-for-powertube-625-vertical-axialbbp376y\/#breadcrumb"},"inLanguage":"hr","potentialAction":[{"@type":"ReadAction","target":["https:\/\/drugi-krog.si\/hr\/izdelek\/mounting-rail-with-edge-protection-for-powertube-625-vertical-axialbbp376y\/"]}]},{"@type":"ImageObject","inLanguage":"hr","@id":"https:\/\/drugi-krog.si\/hr\/izdelek\/mounting-rail-with-edge-protection-for-powertube-625-vertical-axialbbp376y\/#primaryimage","url":"https:\/\/drugi-krog.si\/wp-content\/uploads\/2024\/12\/2123875.jpg","contentUrl":"https:\/\/drugi-krog.si\/wp-content\/uploads\/2024\/12\/2123875.jpg","width":1200,"height":1200},{"@type":"BreadcrumbList","@id":"https:\/\/drugi-krog.si\/hr\/izdelek\/mounting-rail-with-edge-protection-for-powertube-625-vertical-axialbbp376y\/#breadcrumb","itemListElement":[{"@type":"ListItem","position":1,"name":"Domov","item":"https:\/\/drugi-krog.si\/hr\/"},{"@type":"ListItem","position":2,"name":"Du\u0107an","item":"https:\/\/drugi-krog.si\/hr\/ducan\/"},{"@type":"ListItem","position":3,"name":"Monta\u017ena tra\u010dnica sa za\u0161titnim rubom za PowerTube 625 vertikalno, aksijalno (BBP376Y)"}]},{"@type":"WebSite","@id":"https:\/\/drugi-krog.si\/hr\/#website","url":"https:\/\/drugi-krog.si\/hr\/","name":"Drugi krog","description":"Popravila za vse vrste koles","publisher":{"@id":"https:\/\/drugi-krog.si\/hr\/#organization"},"potentialAction":[{"@type":"SearchAction","target":{"@type":"EntryPoint","urlTemplate":"https:\/\/drugi-krog.si\/hr\/?s={search_term_string}"},"query-input":{"@type":"PropertyValueSpecification","valueRequired":true,"valueName":"search_term_string"}}],"inLanguage":"hr"},{"@type":"Organization","@id":"https:\/\/drugi-krog.si\/hr\/#organization","name":"Drugi krog","url":"https:\/\/drugi-krog.si\/hr\/","logo":{"@type":"ImageObject","inLanguage":"hr","@id":"https:\/\/drugi-krog.si\/hr\/#\/schema\/logo\/image\/","url":"https:\/\/drugi-krog.si\/wp-content\/uploads\/2022\/01\/logo.svg","contentUrl":"https:\/\/drugi-krog.si\/wp-content\/uploads\/2022\/01\/logo.svg","caption":"Drugi krog"},"image":{"@id":"https:\/\/drugi-krog.si\/hr\/#\/schema\/logo\/image\/"},"sameAs":["https:\/\/www.facebook.com\/ServisKolesDrugiKrog\/"]}]}},"_links":{"self":[{"href":"https:\/\/drugi-krog.si\/hr\/wp-json\/wp\/v2\/product\/14383","targetHints":{"allow":["GET"]}}],"collection":[{"href":"https:\/\/drugi-krog.si\/hr\/wp-json\/wp\/v2\/product"}],"about":[{"href":"https:\/\/drugi-krog.si\/hr\/wp-json\/wp\/v2\/types\/product"}],"replies":[{"embeddable":true,"href":"https:\/\/drugi-krog.si\/hr\/wp-json\/wp\/v2\/comments?post=14383"}],"wp:featuredmedia":[{"embeddable":true,"href":"https:\/\/drugi-krog.si\/hr\/wp-json\/wp\/v2\/media\/10062"}],"wp:attachment":[{"href":"https:\/\/drugi-krog.si\/hr\/wp-json\/wp\/v2\/media?parent=14383"}],"wp:term":[{"taxonomy":"product_brand","embeddable":true,"href":"https:\/\/drugi-krog.si\/hr\/wp-json\/wp\/v2\/product_brand?post=14383"},{"taxonomy":"product_cat","embeddable":true,"href":"https:\/\/drugi-krog.si\/hr\/wp-json\/wp\/v2\/product_cat?post=14383"},{"taxonomy":"product_tag","embeddable":true,"href":"https:\/\/drugi-krog.si\/hr\/wp-json\/wp\/v2\/product_tag?post=14383"}],"curies":[{"name":"wp","href":"https:\/\/api.w.org\/{rel}","templated":true}]}}