{"id":14443,"date":"2024-12-13T11:13:41","date_gmt":"2024-12-13T10:13:41","guid":{"rendered":"https:\/\/drugi-krog.si\/izdelek\/intuvia-100-retrofit-kit-318-mm-bhu3200\/"},"modified":"2024-12-16T17:04:42","modified_gmt":"2024-12-16T16:04:42","slug":"intuvia-100-retrofit-kit-318-mm-bhu3200","status":"publish","type":"product","link":"https:\/\/drugi-krog.si\/hr\/izdelek\/intuvia-100-retrofit-kit-318-mm-bhu3200\/","title":{"rendered":"Intuvia 100 komplet za naknadnu ugradnju, 31,8 mm (BHU3200)"},"content":{"rendered":"<p><strong>Dostupno zasebno<\/strong><br \/> Kabel<\/p>\n<p><strong>Opseg isporuke<br \/><\/strong>1x Intuvia 100 zaslon<br \/> 1x Dr\u017ea\u010d 31,8 mm<br > 1x Monta\u017ena plo\u010da<br \/> 1x Odstojnik 31,8 mm<br \/> 1x Vijak M3x22 (monta\u017ena plo\u010da)<br \/> 1x Naborana podlo\u0161ka (monta\u017ea plo\u010da)<br \/> 1x vijak M2x7 (blokada za uklanjanje)<br \/> 1x upute za rad i monta\u017eu<\/p>\n","protected":false},"excerpt":{"rendered":"<p>Dostupno zasebno Kabel Opseg isporuke1x Intuvia 100 zaslon 1x Dr\u017ea\u010d 31,8 mm 1x Monta\u017ena plo\u010da 1x Odstojnik 31,8 mm 1x Vijak M3x22 (monta\u017ena plo\u010da) 1x Naborana podlo\u0161ka (monta\u017ea plo\u010da) 1x vijak M2x7 (blokada za uklanjanje) 1x upute za rad i monta\u017eu<\/p>\n","protected":false},"featured_media":10302,"comment_status":"closed","ping_status":"open","template":"","meta":{"_acf_changed":false,"inline_featured_image":false,"_monsterinsights_skip_tracking":false,"_monsterinsights_sitenote_active":false,"_monsterinsights_sitenote_note":"","_monsterinsights_sitenote_category":0},"product_brand":[],"product_cat":[2720],"product_tag":[],"class_list":{"0":"post-14443","1":"product","2":"type-product","3":"status-publish","4":"has-post-thumbnail","6":"product_cat-the-smart-system-hr","7":"pa_country-of-origin-kina-hr","8":"pa_manufacture-name-bosch-hr","10":"first","11":"instock","12":"taxable","13":"shipping-taxable","14":"purchasable","15":"product-type-simple"},"acf":[],"yoast_head":"<!-- This site is optimized with the Yoast SEO plugin v27.4 - https:\/\/yoast.com\/product\/yoast-seo-wordpress\/ -->\n<title>Intuvia 100 komplet za naknadnu ugradnju, 31,8 mm (BHU3200) - Drugi krog<\/title>\n<meta name=\"robots\" content=\"index, follow, max-snippet:-1, max-image-preview:large, max-video-preview:-1\" \/>\n<link rel=\"canonical\" href=\"https:\/\/drugi-krog.si\/hr\/izdelek\/intuvia-100-retrofit-kit-318-mm-bhu3200\/\" \/>\n<meta property=\"og:locale\" content=\"hr_HR\" \/>\n<meta property=\"og:type\" content=\"article\" \/>\n<meta property=\"og:title\" content=\"Intuvia 100 komplet za naknadnu ugradnju, 31,8 mm (BHU3200) - Drugi krog\" \/>\n<meta property=\"og:description\" content=\"Dostupno zasebno Kabel Opseg isporuke1x Intuvia 100 zaslon 1x Dr\u017ea\u010d 31,8 mm 1x Monta\u017ena plo\u010da 1x Odstojnik 31,8 mm 1x Vijak M3x22 (monta\u017ena plo\u010da) 1x Naborana podlo\u0161ka (monta\u017ea plo\u010da) 1x vijak M2x7 (blokada za uklanjanje) 1x upute za rad i monta\u017eu\" \/>\n<meta property=\"og:url\" content=\"https:\/\/drugi-krog.si\/hr\/izdelek\/intuvia-100-retrofit-kit-318-mm-bhu3200\/\" \/>\n<meta property=\"og:site_name\" content=\"Drugi krog\" \/>\n<meta property=\"article:publisher\" content=\"https:\/\/www.facebook.com\/ServisKolesDrugiKrog\/\" \/>\n<meta property=\"article:modified_time\" content=\"2024-12-16T16:04:42+00:00\" \/>\n<meta property=\"og:image\" content=\"https:\/\/drugi-krog.si\/wp-content\/uploads\/2024\/12\/2123947.jpg\" \/>\n\t<meta property=\"og:image:width\" content=\"1200\" \/>\n\t<meta property=\"og:image:height\" content=\"1200\" \/>\n\t<meta property=\"og:image:type\" content=\"image\/png\" \/>\n<meta name=\"twitter:card\" content=\"summary_large_image\" \/>\n<script type=\"application\/ld+json\" class=\"yoast-schema-graph\">{\"@context\":\"https:\\\/\\\/schema.org\",\"@graph\":[{\"@type\":\"WebPage\",\"@id\":\"https:\\\/\\\/drugi-krog.si\\\/hr\\\/izdelek\\\/intuvia-100-retrofit-kit-318-mm-bhu3200\\\/\",\"url\":\"https:\\\/\\\/drugi-krog.si\\\/hr\\\/izdelek\\\/intuvia-100-retrofit-kit-318-mm-bhu3200\\\/\",\"name\":\"Intuvia 100 komplet za naknadnu ugradnju, 31,8 mm (BHU3200) - Drugi krog\",\"isPartOf\":{\"@id\":\"https:\\\/\\\/drugi-krog.si\\\/hr\\\/#website\"},\"primaryImageOfPage\":{\"@id\":\"https:\\\/\\\/drugi-krog.si\\\/hr\\\/izdelek\\\/intuvia-100-retrofit-kit-318-mm-bhu3200\\\/#primaryimage\"},\"image\":{\"@id\":\"https:\\\/\\\/drugi-krog.si\\\/hr\\\/izdelek\\\/intuvia-100-retrofit-kit-318-mm-bhu3200\\\/#primaryimage\"},\"thumbnailUrl\":\"https:\\\/\\\/drugi-krog.si\\\/wp-content\\\/uploads\\\/2024\\\/12\\\/2123947.jpg\",\"datePublished\":\"2024-12-13T10:13:41+00:00\",\"dateModified\":\"2024-12-16T16:04:42+00:00\",\"breadcrumb\":{\"@id\":\"https:\\\/\\\/drugi-krog.si\\\/hr\\\/izdelek\\\/intuvia-100-retrofit-kit-318-mm-bhu3200\\\/#breadcrumb\"},\"inLanguage\":\"hr\",\"potentialAction\":[{\"@type\":\"ReadAction\",\"target\":[\"https:\\\/\\\/drugi-krog.si\\\/hr\\\/izdelek\\\/intuvia-100-retrofit-kit-318-mm-bhu3200\\\/\"]}]},{\"@type\":\"ImageObject\",\"inLanguage\":\"hr\",\"@id\":\"https:\\\/\\\/drugi-krog.si\\\/hr\\\/izdelek\\\/intuvia-100-retrofit-kit-318-mm-bhu3200\\\/#primaryimage\",\"url\":\"https:\\\/\\\/drugi-krog.si\\\/wp-content\\\/uploads\\\/2024\\\/12\\\/2123947.jpg\",\"contentUrl\":\"https:\\\/\\\/drugi-krog.si\\\/wp-content\\\/uploads\\\/2024\\\/12\\\/2123947.jpg\",\"width\":1200,\"height\":1200},{\"@type\":\"BreadcrumbList\",\"@id\":\"https:\\\/\\\/drugi-krog.si\\\/hr\\\/izdelek\\\/intuvia-100-retrofit-kit-318-mm-bhu3200\\\/#breadcrumb\",\"itemListElement\":[{\"@type\":\"ListItem\",\"position\":1,\"name\":\"Domov\",\"item\":\"https:\\\/\\\/drugi-krog.si\\\/hr\\\/\"},{\"@type\":\"ListItem\",\"position\":2,\"name\":\"Du\u0107an\",\"item\":\"https:\\\/\\\/drugi-krog.si\\\/hr\\\/ducan\\\/\"},{\"@type\":\"ListItem\",\"position\":3,\"name\":\"Intuvia 100 komplet za naknadnu ugradnju, 31,8 mm (BHU3200)\"}]},{\"@type\":\"WebSite\",\"@id\":\"https:\\\/\\\/drugi-krog.si\\\/hr\\\/#website\",\"url\":\"https:\\\/\\\/drugi-krog.si\\\/hr\\\/\",\"name\":\"Drugi krog\",\"description\":\"Popravila za vse vrste koles\",\"publisher\":{\"@id\":\"https:\\\/\\\/drugi-krog.si\\\/hr\\\/#organization\"},\"potentialAction\":[{\"@type\":\"SearchAction\",\"target\":{\"@type\":\"EntryPoint\",\"urlTemplate\":\"https:\\\/\\\/drugi-krog.si\\\/hr\\\/?s={search_term_string}\"},\"query-input\":{\"@type\":\"PropertyValueSpecification\",\"valueRequired\":true,\"valueName\":\"search_term_string\"}}],\"inLanguage\":\"hr\"},{\"@type\":\"Organization\",\"@id\":\"https:\\\/\\\/drugi-krog.si\\\/hr\\\/#organization\",\"name\":\"Drugi krog\",\"url\":\"https:\\\/\\\/drugi-krog.si\\\/hr\\\/\",\"logo\":{\"@type\":\"ImageObject\",\"inLanguage\":\"hr\",\"@id\":\"https:\\\/\\\/drugi-krog.si\\\/hr\\\/#\\\/schema\\\/logo\\\/image\\\/\",\"url\":\"https:\\\/\\\/drugi-krog.si\\\/wp-content\\\/uploads\\\/2022\\\/01\\\/logo.svg\",\"contentUrl\":\"https:\\\/\\\/drugi-krog.si\\\/wp-content\\\/uploads\\\/2022\\\/01\\\/logo.svg\",\"caption\":\"Drugi krog\"},\"image\":{\"@id\":\"https:\\\/\\\/drugi-krog.si\\\/hr\\\/#\\\/schema\\\/logo\\\/image\\\/\"},\"sameAs\":[\"https:\\\/\\\/www.facebook.com\\\/ServisKolesDrugiKrog\\\/\"]}]}<\/script>\n<!-- \/ Yoast SEO plugin. -->","yoast_head_json":{"title":"Intuvia 100 komplet za naknadnu ugradnju, 31,8 mm (BHU3200) - Drugi krog","robots":{"index":"index","follow":"follow","max-snippet":"max-snippet:-1","max-image-preview":"max-image-preview:large","max-video-preview":"max-video-preview:-1"},"canonical":"https:\/\/drugi-krog.si\/hr\/izdelek\/intuvia-100-retrofit-kit-318-mm-bhu3200\/","og_locale":"hr_HR","og_type":"article","og_title":"Intuvia 100 komplet za naknadnu ugradnju, 31,8 mm (BHU3200) - Drugi krog","og_description":"Dostupno zasebno Kabel Opseg isporuke1x Intuvia 100 zaslon 1x Dr\u017ea\u010d 31,8 mm 1x Monta\u017ena plo\u010da 1x Odstojnik 31,8 mm 1x Vijak M3x22 (monta\u017ena plo\u010da) 1x Naborana podlo\u0161ka (monta\u017ea plo\u010da) 1x vijak M2x7 (blokada za uklanjanje) 1x upute za rad i monta\u017eu","og_url":"https:\/\/drugi-krog.si\/hr\/izdelek\/intuvia-100-retrofit-kit-318-mm-bhu3200\/","og_site_name":"Drugi krog","article_publisher":"https:\/\/www.facebook.com\/ServisKolesDrugiKrog\/","article_modified_time":"2024-12-16T16:04:42+00:00","og_image":[{"width":1200,"height":1200,"url":"https:\/\/drugi-krog.si\/wp-content\/uploads\/2024\/12\/2123947.jpg","type":"image\/png"}],"twitter_card":"summary_large_image","schema":{"@context":"https:\/\/schema.org","@graph":[{"@type":"WebPage","@id":"https:\/\/drugi-krog.si\/hr\/izdelek\/intuvia-100-retrofit-kit-318-mm-bhu3200\/","url":"https:\/\/drugi-krog.si\/hr\/izdelek\/intuvia-100-retrofit-kit-318-mm-bhu3200\/","name":"Intuvia 100 komplet za naknadnu ugradnju, 31,8 mm (BHU3200) - Drugi krog","isPartOf":{"@id":"https:\/\/drugi-krog.si\/hr\/#website"},"primaryImageOfPage":{"@id":"https:\/\/drugi-krog.si\/hr\/izdelek\/intuvia-100-retrofit-kit-318-mm-bhu3200\/#primaryimage"},"image":{"@id":"https:\/\/drugi-krog.si\/hr\/izdelek\/intuvia-100-retrofit-kit-318-mm-bhu3200\/#primaryimage"},"thumbnailUrl":"https:\/\/drugi-krog.si\/wp-content\/uploads\/2024\/12\/2123947.jpg","datePublished":"2024-12-13T10:13:41+00:00","dateModified":"2024-12-16T16:04:42+00:00","breadcrumb":{"@id":"https:\/\/drugi-krog.si\/hr\/izdelek\/intuvia-100-retrofit-kit-318-mm-bhu3200\/#breadcrumb"},"inLanguage":"hr","potentialAction":[{"@type":"ReadAction","target":["https:\/\/drugi-krog.si\/hr\/izdelek\/intuvia-100-retrofit-kit-318-mm-bhu3200\/"]}]},{"@type":"ImageObject","inLanguage":"hr","@id":"https:\/\/drugi-krog.si\/hr\/izdelek\/intuvia-100-retrofit-kit-318-mm-bhu3200\/#primaryimage","url":"https:\/\/drugi-krog.si\/wp-content\/uploads\/2024\/12\/2123947.jpg","contentUrl":"https:\/\/drugi-krog.si\/wp-content\/uploads\/2024\/12\/2123947.jpg","width":1200,"height":1200},{"@type":"BreadcrumbList","@id":"https:\/\/drugi-krog.si\/hr\/izdelek\/intuvia-100-retrofit-kit-318-mm-bhu3200\/#breadcrumb","itemListElement":[{"@type":"ListItem","position":1,"name":"Domov","item":"https:\/\/drugi-krog.si\/hr\/"},{"@type":"ListItem","position":2,"name":"Du\u0107an","item":"https:\/\/drugi-krog.si\/hr\/ducan\/"},{"@type":"ListItem","position":3,"name":"Intuvia 100 komplet za naknadnu ugradnju, 31,8 mm (BHU3200)"}]},{"@type":"WebSite","@id":"https:\/\/drugi-krog.si\/hr\/#website","url":"https:\/\/drugi-krog.si\/hr\/","name":"Drugi krog","description":"Popravila za vse vrste koles","publisher":{"@id":"https:\/\/drugi-krog.si\/hr\/#organization"},"potentialAction":[{"@type":"SearchAction","target":{"@type":"EntryPoint","urlTemplate":"https:\/\/drugi-krog.si\/hr\/?s={search_term_string}"},"query-input":{"@type":"PropertyValueSpecification","valueRequired":true,"valueName":"search_term_string"}}],"inLanguage":"hr"},{"@type":"Organization","@id":"https:\/\/drugi-krog.si\/hr\/#organization","name":"Drugi krog","url":"https:\/\/drugi-krog.si\/hr\/","logo":{"@type":"ImageObject","inLanguage":"hr","@id":"https:\/\/drugi-krog.si\/hr\/#\/schema\/logo\/image\/","url":"https:\/\/drugi-krog.si\/wp-content\/uploads\/2022\/01\/logo.svg","contentUrl":"https:\/\/drugi-krog.si\/wp-content\/uploads\/2022\/01\/logo.svg","caption":"Drugi krog"},"image":{"@id":"https:\/\/drugi-krog.si\/hr\/#\/schema\/logo\/image\/"},"sameAs":["https:\/\/www.facebook.com\/ServisKolesDrugiKrog\/"]}]}},"_links":{"self":[{"href":"https:\/\/drugi-krog.si\/hr\/wp-json\/wp\/v2\/product\/14443","targetHints":{"allow":["GET"]}}],"collection":[{"href":"https:\/\/drugi-krog.si\/hr\/wp-json\/wp\/v2\/product"}],"about":[{"href":"https:\/\/drugi-krog.si\/hr\/wp-json\/wp\/v2\/types\/product"}],"replies":[{"embeddable":true,"href":"https:\/\/drugi-krog.si\/hr\/wp-json\/wp\/v2\/comments?post=14443"}],"wp:featuredmedia":[{"embeddable":true,"href":"https:\/\/drugi-krog.si\/hr\/wp-json\/wp\/v2\/media\/10302"}],"wp:attachment":[{"href":"https:\/\/drugi-krog.si\/hr\/wp-json\/wp\/v2\/media?parent=14443"}],"wp:term":[{"taxonomy":"product_brand","embeddable":true,"href":"https:\/\/drugi-krog.si\/hr\/wp-json\/wp\/v2\/product_brand?post=14443"},{"taxonomy":"product_cat","embeddable":true,"href":"https:\/\/drugi-krog.si\/hr\/wp-json\/wp\/v2\/product_cat?post=14443"},{"taxonomy":"product_tag","embeddable":true,"href":"https:\/\/drugi-krog.si\/hr\/wp-json\/wp\/v2\/product_tag?post=14443"}],"curies":[{"name":"wp","href":"https:\/\/api.w.org\/{rel}","templated":true}]}}