{"id":14490,"date":"2024-12-13T11:14:13","date_gmt":"2024-12-13T10:14:13","guid":{"rendered":"https:\/\/drugi-krog.si\/izdelek\/holder-intuvia-100-350-mm\/"},"modified":"2024-12-16T17:04:48","modified_gmt":"2024-12-16T16:04:48","slug":"holder-intuvia-100-350-mm","status":"publish","type":"product","link":"https:\/\/drugi-krog.si\/hr\/izdelek\/holder-intuvia-100-350-mm\/","title":{"rendered":"Dr\u017ea\u010d Intuvia 100, 35,0 mm"},"content":{"rendered":"<p><strong>Opseg isporuke<br \/><\/strong>1x monta\u017ena ruka EB1390000N<br \/> 1x monta\u017ena plo\u010da EB1310000N<br \/> 1x gumena podlo\u0161ka EB1390000S<br \/> 1x vijak za monta\u017enu plo\u010du EB1390000W<br \/> 1x sigurnosni vijak EB1390000Y<\/p>\n","protected":false},"excerpt":{"rendered":"<p>Opseg isporuke1x monta\u017ena ruka EB1390000N 1x monta\u017ena plo\u010da EB1310000N 1x gumena podlo\u0161ka EB1390000S 1x vijak za monta\u017enu plo\u010du EB1390000W 1x sigurnosni vijak EB1390000Y<\/p>\n","protected":false},"featured_media":10490,"comment_status":"closed","ping_status":"open","template":"","meta":{"_acf_changed":false,"inline_featured_image":false,"_monsterinsights_skip_tracking":false,"_monsterinsights_sitenote_active":false,"_monsterinsights_sitenote_note":"","_monsterinsights_sitenote_category":0},"product_brand":[],"product_cat":[2732],"product_tag":[],"class_list":{"0":"post-14490","1":"product","2":"type-product","3":"status-publish","4":"has-post-thumbnail","6":"product_cat-all-articles-hr-8","7":"pa_country-of-origin-kina-hr","8":"pa_manufacture-name-bosch-hr","10":"first","11":"instock","12":"taxable","13":"shipping-taxable","14":"purchasable","15":"product-type-simple"},"acf":[],"yoast_head":"<!-- This site is optimized with the Yoast SEO plugin v27.4 - https:\/\/yoast.com\/product\/yoast-seo-wordpress\/ -->\n<title>Dr\u017ea\u010d Intuvia 100, 35,0 mm - Drugi krog<\/title>\n<meta name=\"robots\" content=\"index, follow, max-snippet:-1, max-image-preview:large, max-video-preview:-1\" \/>\n<link rel=\"canonical\" href=\"https:\/\/drugi-krog.si\/hr\/izdelek\/holder-intuvia-100-350-mm\/\" \/>\n<meta property=\"og:locale\" content=\"hr_HR\" \/>\n<meta property=\"og:type\" content=\"article\" \/>\n<meta property=\"og:title\" content=\"Dr\u017ea\u010d Intuvia 100, 35,0 mm - Drugi krog\" \/>\n<meta property=\"og:description\" content=\"Opseg isporuke1x monta\u017ena ruka EB1390000N 1x monta\u017ena plo\u010da EB1310000N 1x gumena podlo\u0161ka EB1390000S 1x vijak za monta\u017enu plo\u010du EB1390000W 1x sigurnosni vijak EB1390000Y\" \/>\n<meta property=\"og:url\" content=\"https:\/\/drugi-krog.si\/hr\/izdelek\/holder-intuvia-100-350-mm\/\" \/>\n<meta property=\"og:site_name\" content=\"Drugi krog\" \/>\n<meta property=\"article:publisher\" content=\"https:\/\/www.facebook.com\/ServisKolesDrugiKrog\/\" \/>\n<meta property=\"article:modified_time\" content=\"2024-12-16T16:04:48+00:00\" \/>\n<meta property=\"og:image\" content=\"https:\/\/drugi-krog.si\/wp-content\/uploads\/2024\/12\/2124203.jpg\" \/>\n\t<meta property=\"og:image:width\" content=\"1200\" \/>\n\t<meta property=\"og:image:height\" content=\"1200\" \/>\n\t<meta property=\"og:image:type\" content=\"image\/png\" \/>\n<meta name=\"twitter:card\" content=\"summary_large_image\" \/>\n<script type=\"application\/ld+json\" class=\"yoast-schema-graph\">{\"@context\":\"https:\\\/\\\/schema.org\",\"@graph\":[{\"@type\":\"WebPage\",\"@id\":\"https:\\\/\\\/drugi-krog.si\\\/hr\\\/izdelek\\\/holder-intuvia-100-350-mm\\\/\",\"url\":\"https:\\\/\\\/drugi-krog.si\\\/hr\\\/izdelek\\\/holder-intuvia-100-350-mm\\\/\",\"name\":\"Dr\u017ea\u010d Intuvia 100, 35,0 mm - Drugi krog\",\"isPartOf\":{\"@id\":\"https:\\\/\\\/drugi-krog.si\\\/hr\\\/#website\"},\"primaryImageOfPage\":{\"@id\":\"https:\\\/\\\/drugi-krog.si\\\/hr\\\/izdelek\\\/holder-intuvia-100-350-mm\\\/#primaryimage\"},\"image\":{\"@id\":\"https:\\\/\\\/drugi-krog.si\\\/hr\\\/izdelek\\\/holder-intuvia-100-350-mm\\\/#primaryimage\"},\"thumbnailUrl\":\"https:\\\/\\\/drugi-krog.si\\\/wp-content\\\/uploads\\\/2024\\\/12\\\/2124203.jpg\",\"datePublished\":\"2024-12-13T10:14:13+00:00\",\"dateModified\":\"2024-12-16T16:04:48+00:00\",\"breadcrumb\":{\"@id\":\"https:\\\/\\\/drugi-krog.si\\\/hr\\\/izdelek\\\/holder-intuvia-100-350-mm\\\/#breadcrumb\"},\"inLanguage\":\"hr\",\"potentialAction\":[{\"@type\":\"ReadAction\",\"target\":[\"https:\\\/\\\/drugi-krog.si\\\/hr\\\/izdelek\\\/holder-intuvia-100-350-mm\\\/\"]}]},{\"@type\":\"ImageObject\",\"inLanguage\":\"hr\",\"@id\":\"https:\\\/\\\/drugi-krog.si\\\/hr\\\/izdelek\\\/holder-intuvia-100-350-mm\\\/#primaryimage\",\"url\":\"https:\\\/\\\/drugi-krog.si\\\/wp-content\\\/uploads\\\/2024\\\/12\\\/2124203.jpg\",\"contentUrl\":\"https:\\\/\\\/drugi-krog.si\\\/wp-content\\\/uploads\\\/2024\\\/12\\\/2124203.jpg\",\"width\":1200,\"height\":1200},{\"@type\":\"BreadcrumbList\",\"@id\":\"https:\\\/\\\/drugi-krog.si\\\/hr\\\/izdelek\\\/holder-intuvia-100-350-mm\\\/#breadcrumb\",\"itemListElement\":[{\"@type\":\"ListItem\",\"position\":1,\"name\":\"Domov\",\"item\":\"https:\\\/\\\/drugi-krog.si\\\/hr\\\/\"},{\"@type\":\"ListItem\",\"position\":2,\"name\":\"Du\u0107an\",\"item\":\"https:\\\/\\\/drugi-krog.si\\\/hr\\\/ducan\\\/\"},{\"@type\":\"ListItem\",\"position\":3,\"name\":\"Dr\u017ea\u010d Intuvia 100, 35,0 mm\"}]},{\"@type\":\"WebSite\",\"@id\":\"https:\\\/\\\/drugi-krog.si\\\/hr\\\/#website\",\"url\":\"https:\\\/\\\/drugi-krog.si\\\/hr\\\/\",\"name\":\"Drugi krog\",\"description\":\"Popravila za vse vrste koles\",\"publisher\":{\"@id\":\"https:\\\/\\\/drugi-krog.si\\\/hr\\\/#organization\"},\"potentialAction\":[{\"@type\":\"SearchAction\",\"target\":{\"@type\":\"EntryPoint\",\"urlTemplate\":\"https:\\\/\\\/drugi-krog.si\\\/hr\\\/?s={search_term_string}\"},\"query-input\":{\"@type\":\"PropertyValueSpecification\",\"valueRequired\":true,\"valueName\":\"search_term_string\"}}],\"inLanguage\":\"hr\"},{\"@type\":\"Organization\",\"@id\":\"https:\\\/\\\/drugi-krog.si\\\/hr\\\/#organization\",\"name\":\"Drugi krog\",\"url\":\"https:\\\/\\\/drugi-krog.si\\\/hr\\\/\",\"logo\":{\"@type\":\"ImageObject\",\"inLanguage\":\"hr\",\"@id\":\"https:\\\/\\\/drugi-krog.si\\\/hr\\\/#\\\/schema\\\/logo\\\/image\\\/\",\"url\":\"https:\\\/\\\/drugi-krog.si\\\/wp-content\\\/uploads\\\/2022\\\/01\\\/logo.svg\",\"contentUrl\":\"https:\\\/\\\/drugi-krog.si\\\/wp-content\\\/uploads\\\/2022\\\/01\\\/logo.svg\",\"caption\":\"Drugi krog\"},\"image\":{\"@id\":\"https:\\\/\\\/drugi-krog.si\\\/hr\\\/#\\\/schema\\\/logo\\\/image\\\/\"},\"sameAs\":[\"https:\\\/\\\/www.facebook.com\\\/ServisKolesDrugiKrog\\\/\"]}]}<\/script>\n<!-- \/ Yoast SEO plugin. -->","yoast_head_json":{"title":"Dr\u017ea\u010d Intuvia 100, 35,0 mm - Drugi krog","robots":{"index":"index","follow":"follow","max-snippet":"max-snippet:-1","max-image-preview":"max-image-preview:large","max-video-preview":"max-video-preview:-1"},"canonical":"https:\/\/drugi-krog.si\/hr\/izdelek\/holder-intuvia-100-350-mm\/","og_locale":"hr_HR","og_type":"article","og_title":"Dr\u017ea\u010d Intuvia 100, 35,0 mm - Drugi krog","og_description":"Opseg isporuke1x monta\u017ena ruka EB1390000N 1x monta\u017ena plo\u010da EB1310000N 1x gumena podlo\u0161ka EB1390000S 1x vijak za monta\u017enu plo\u010du EB1390000W 1x sigurnosni vijak EB1390000Y","og_url":"https:\/\/drugi-krog.si\/hr\/izdelek\/holder-intuvia-100-350-mm\/","og_site_name":"Drugi krog","article_publisher":"https:\/\/www.facebook.com\/ServisKolesDrugiKrog\/","article_modified_time":"2024-12-16T16:04:48+00:00","og_image":[{"width":1200,"height":1200,"url":"https:\/\/drugi-krog.si\/wp-content\/uploads\/2024\/12\/2124203.jpg","type":"image\/png"}],"twitter_card":"summary_large_image","schema":{"@context":"https:\/\/schema.org","@graph":[{"@type":"WebPage","@id":"https:\/\/drugi-krog.si\/hr\/izdelek\/holder-intuvia-100-350-mm\/","url":"https:\/\/drugi-krog.si\/hr\/izdelek\/holder-intuvia-100-350-mm\/","name":"Dr\u017ea\u010d Intuvia 100, 35,0 mm - Drugi krog","isPartOf":{"@id":"https:\/\/drugi-krog.si\/hr\/#website"},"primaryImageOfPage":{"@id":"https:\/\/drugi-krog.si\/hr\/izdelek\/holder-intuvia-100-350-mm\/#primaryimage"},"image":{"@id":"https:\/\/drugi-krog.si\/hr\/izdelek\/holder-intuvia-100-350-mm\/#primaryimage"},"thumbnailUrl":"https:\/\/drugi-krog.si\/wp-content\/uploads\/2024\/12\/2124203.jpg","datePublished":"2024-12-13T10:14:13+00:00","dateModified":"2024-12-16T16:04:48+00:00","breadcrumb":{"@id":"https:\/\/drugi-krog.si\/hr\/izdelek\/holder-intuvia-100-350-mm\/#breadcrumb"},"inLanguage":"hr","potentialAction":[{"@type":"ReadAction","target":["https:\/\/drugi-krog.si\/hr\/izdelek\/holder-intuvia-100-350-mm\/"]}]},{"@type":"ImageObject","inLanguage":"hr","@id":"https:\/\/drugi-krog.si\/hr\/izdelek\/holder-intuvia-100-350-mm\/#primaryimage","url":"https:\/\/drugi-krog.si\/wp-content\/uploads\/2024\/12\/2124203.jpg","contentUrl":"https:\/\/drugi-krog.si\/wp-content\/uploads\/2024\/12\/2124203.jpg","width":1200,"height":1200},{"@type":"BreadcrumbList","@id":"https:\/\/drugi-krog.si\/hr\/izdelek\/holder-intuvia-100-350-mm\/#breadcrumb","itemListElement":[{"@type":"ListItem","position":1,"name":"Domov","item":"https:\/\/drugi-krog.si\/hr\/"},{"@type":"ListItem","position":2,"name":"Du\u0107an","item":"https:\/\/drugi-krog.si\/hr\/ducan\/"},{"@type":"ListItem","position":3,"name":"Dr\u017ea\u010d Intuvia 100, 35,0 mm"}]},{"@type":"WebSite","@id":"https:\/\/drugi-krog.si\/hr\/#website","url":"https:\/\/drugi-krog.si\/hr\/","name":"Drugi krog","description":"Popravila za vse vrste koles","publisher":{"@id":"https:\/\/drugi-krog.si\/hr\/#organization"},"potentialAction":[{"@type":"SearchAction","target":{"@type":"EntryPoint","urlTemplate":"https:\/\/drugi-krog.si\/hr\/?s={search_term_string}"},"query-input":{"@type":"PropertyValueSpecification","valueRequired":true,"valueName":"search_term_string"}}],"inLanguage":"hr"},{"@type":"Organization","@id":"https:\/\/drugi-krog.si\/hr\/#organization","name":"Drugi krog","url":"https:\/\/drugi-krog.si\/hr\/","logo":{"@type":"ImageObject","inLanguage":"hr","@id":"https:\/\/drugi-krog.si\/hr\/#\/schema\/logo\/image\/","url":"https:\/\/drugi-krog.si\/wp-content\/uploads\/2022\/01\/logo.svg","contentUrl":"https:\/\/drugi-krog.si\/wp-content\/uploads\/2022\/01\/logo.svg","caption":"Drugi krog"},"image":{"@id":"https:\/\/drugi-krog.si\/hr\/#\/schema\/logo\/image\/"},"sameAs":["https:\/\/www.facebook.com\/ServisKolesDrugiKrog\/"]}]}},"_links":{"self":[{"href":"https:\/\/drugi-krog.si\/hr\/wp-json\/wp\/v2\/product\/14490","targetHints":{"allow":["GET"]}}],"collection":[{"href":"https:\/\/drugi-krog.si\/hr\/wp-json\/wp\/v2\/product"}],"about":[{"href":"https:\/\/drugi-krog.si\/hr\/wp-json\/wp\/v2\/types\/product"}],"replies":[{"embeddable":true,"href":"https:\/\/drugi-krog.si\/hr\/wp-json\/wp\/v2\/comments?post=14490"}],"wp:featuredmedia":[{"embeddable":true,"href":"https:\/\/drugi-krog.si\/hr\/wp-json\/wp\/v2\/media\/10490"}],"wp:attachment":[{"href":"https:\/\/drugi-krog.si\/hr\/wp-json\/wp\/v2\/media?parent=14490"}],"wp:term":[{"taxonomy":"product_brand","embeddable":true,"href":"https:\/\/drugi-krog.si\/hr\/wp-json\/wp\/v2\/product_brand?post=14490"},{"taxonomy":"product_cat","embeddable":true,"href":"https:\/\/drugi-krog.si\/hr\/wp-json\/wp\/v2\/product_cat?post=14490"},{"taxonomy":"product_tag","embeddable":true,"href":"https:\/\/drugi-krog.si\/hr\/wp-json\/wp\/v2\/product_tag?post=14490"}],"curies":[{"name":"wp","href":"https:\/\/api.w.org\/{rel}","templated":true}]}}