{"id":14538,"date":"2024-12-13T11:14:13","date_gmt":"2024-12-13T10:14:13","guid":{"rendered":"https:\/\/drugi-krog.si\/izdelek\/b54-max-battery-light\/"},"modified":"2024-12-16T17:04:51","modified_gmt":"2024-12-16T16:04:51","slug":"b54-max-battery-light","status":"publish","type":"product","link":"https:\/\/drugi-krog.si\/hr\/izdelek\/b54-max-battery-light\/","title":{"rendered":"B54 Svjetlo maksimalne baterije"},"content":{"rendered":"<p>Vodootporan uti\u010dni spoj s navojnim rastere\u0107enjem zatezanja.<br \/> Mo\u017ee se upravljati putem aplikacije Supernova.<br \/> Najva\u017enijim funkcijama tako\u0111er se mo\u017ee upravljati bez aplikacije.<br \/> Besplatne dodatne zna\u010dajke putem a\u017euriranja softvera \u010dak pobolj\u0161avaju sustav rasvjete nakon kupnje.<\/p>\n<p><strong><\/p>\n<h4>Va\u017ene informacije o proizvodu<\/h4>\n<p>Kompatibilno s Garmin 530, 830 i Serija 1030\/1040<\/p>\n<p><\/strong><\/p>\n<p>S B54 MAX, SUPERNOVA je postavila novi rekord s dugim svjetlom do 3000 lumena. <\/p>\n<p>Trenutno je jedno od najsvjetlijih prednjih svjetala za bicikle s njema\u010dkim odobrenjem za ceste (StVZO). Snaga 30 LED dioda visokih performansi u dva odvojena opti\u010dka sustava osigurava savr\u0161eno osvjetljenje. <\/p>\n<p>Dnevno svjetlo na baterije ima najnoviju tehnologiju i osigurava maksimalnu sigurnost tijekom dana. Logo Supernova s \u200b\u200bpozadinskim osvjetljenjem postaje vidljiv kako se pribli\u017eava sumrak. <\/p>\n<p>Vrlo u\u010dinkovita kratka svjetla sa samo 5 W potro\u0161nje dobrodo\u0161la su podr\u0161ka na cestama s nadolaze\u0107im prometom. <\/p>\n<p>Jedinstvena zna\u010dajka ovog novog razvoja je da mo\u017eete slobodno pode\u0161avati sve razine svjetline kratkog i dugog svjetla unutar zakonski odre\u0111enih granica. <\/p>\n<p>To zna\u010di da se prednje svjetlo mo\u017ee prilagoditi za te\u0161ku svakodnevnu upotrebu na putovanjima na posao, pa \u010dak i za prelazak kontinenta. <\/p>\n<p>Baterija je savr\u0161eno za\u0161ti\u0107ena u potpuno uglji\u010dnom ku\u0107i\u0161tu i dolazi s jamstvom od pet godina kada se koristi dugotrajni na\u010din rada.<\/p>\n<p>TO\u010cNO DO MINUTE <\/p>\n<p>Precizan kontroler upravljanja baterijom integriran u bateriju omogu\u0107uje prikaz preostalog svjetla s precizno\u0161\u0107u u minuti za sve razine svjetline u aplikaciji Supernova, neovisno o temperaturi. Status se prikazuje na samoj bateriji s RGB LED-om. <\/p>\n<p>REZERVNO SVJETLO<\/p>\n<p>Nikad vi\u0161e nemojte stajati u mraku: Dva sata ECO kratkih svjetala uvijek su vam automatski dostupna nakon \u0161to istekne normalno vrijeme osvjetljenja. Ovaj je na\u010din rada jo\u0161 uvijek znatno svjetliji od mnogih drugih prednjih svjetala na tr\u017ei\u0161tu.<\/p>\n<p>NA\u010cIN DOLAZKA KU\u0106I<\/p>\n<p>Kada do\u0111ete ku\u0107i, mo\u017eete jednostavno ostaviti upaljeno prednje svjetlo. Integrirani senzor vibracija detektira kraj vo\u017enje i sam gasi svjetlo nakon nekoliko minuta, tako da va\u0161 izlaz iz mra\u010dnog podruma za bicikle i dalje ostaje osvijetljen. <\/p>\n<p>SENZOR SVJETLA<\/p>\n<p>Senzor svjetla u bateriji omogu\u0107uje inteligentno aktiviranje kratkih svjetala kada padne mrak ili do\u0111e do nagle promjene svjetla, npr. prolaze\u0107i kroz tunel.<\/p>\n<p>GRIJANJE BATERIJE<\/p>\n<p>Optimalna temperatura punjenja baterije je oko 20\u00b0C. Stoga u na\u0161oj visokotehnolo\u0161koj bateriji, kao u modernom elektri\u010dnom automobilu, integrirani grija\u010d baterije osigurava optimalnu temperaturu punjenja kada je prehladno. Ako temperatura prije\u0111e 40\u00b0C, punjenje se automatski sprje\u010dava dok temperatura ponovno ne padne.<\/p>\n<p>NA\u010cIN HIBERNACIJE<\/p>\n<p>Ako ne koristite bateriju neko vrijeme du\u017ee vrijeme, mo\u017eete ga jednostavno staviti u stanje hibernacije. Zatim se odr\u017eava na optimalnom naponu na punja\u010du. Time se gotovo potpuno zaustavlja kemijsko starenje baterije. Duboko pra\u017enjenje je sprije\u010deno.<\/p>\n<p>DUGO\u017dIVJE\u010cNI NA\u010cIN rada<\/p>\n<p>Dugotrajni na\u010din rada osigurava posebno dug vijek trajanja baterijskih \u0107elija. U ovom na\u010dinu rada, svako pregrijavanje \u0107elija tijekom procesa punjenja sprije\u010deno je posebnim punjenjem koje kontrolira procesor. Baterija se u ovom na\u010dinu rada puni samo do 85%, \u0161to produljuje radni vijek. <\/p>\n<p>5 GODINA JAMSTVA<\/p>\n<p>Sve \u0161to trebate u\u010diniti je aktivirati potpuno automatski na\u010din rada Longlife vi\u0161e od 50% vremena i osigurati da baterija nije ostavljena potpuno napunjena u vru\u0107em automobilu dulje vrijeme, na primjer. \u010cak i bez kori\u0161tenja Longlife moda, jo\u0161 uvijek dajemo iznimno 3-godi\u0161nje jamstvo.<\/p>\n<p> Dimenzije ku\u0107i\u0161ta prednjeg svjetla: 42 x 85 x 52 mm<br \/> Dimenzije ku\u0107i\u0161ta baterije: 97,6 x 46 x 50 mm<br \/> Supernova broj artikla: W-B54MAX-MBLK<\/p>\n<p><strong>Opseg isporuke<br \/><\/strong>1x prednja strana svjetlo<br \/> 1x B54 baterija<br \/> 1x Univerzalni HBM 31,8 mm nosa\u010d za upravlja\u010d<br \/> 1x Magnetski prekida\u010d za duga svjetla s Micro Gold konektorom<br \/> 1x USH22-32: Universelle Tasterhalterung (\u00f8 22 &#8211; 32 mm)<br \/> 1x stezni prsten mali<br \/> 1x stezni prsten veliki<br \/> 1x B54-2A Punja\u010d: brzi punja\u010d upravljan procesorom, s EU utika\u010dem<br \/> 1x nazubljeni vijak za Universal HBM, s malim pri\u010dvrsnim O-prstenom<br \/> 1x Velcro traka<br \/> 1x Samoljepljiva pjenasta podloga za prekida\u010d za duga svjetla<br >U ovom na\u010dinu rada, svako pregrijavanje \u0107elija tijekom procesa punjenja sprije\u010deno je posebnim punjenjem koje kontrolira procesor. Baterija se u ovom na\u010dinu rada puni samo do 85%, \u0161to produljuje radni vijek. <\/p>\n<p>5 GODINA JAMSTVA<\/p>\n<p>Sve \u0161to trebate u\u010diniti je aktivirati potpuno automatski na\u010din rada Longlife vi\u0161e od 50% vremena i osigurati da baterija nije ostavljena potpuno napunjena u vru\u0107em automobilu dulje vrijeme, na primjer. \u010cak i bez kori\u0161tenja Longlife moda, jo\u0161 uvijek dajemo iznimno 3-godi\u0161nje jamstvo.<\/p>\n<p> Dimenzije ku\u0107i\u0161ta prednjeg svjetla: 42 x 85 x 52 mm<br \/> Dimenzije ku\u0107i\u0161ta baterije: 97,6 x 46 x 50 mm<br \/> Supernova broj artikla: W-B54MAX-MBLK<\/p>\n<p><strong>Opseg isporuke<br \/><\/strong>1x prednja strana svjetlo<br \/> 1x B54 baterija<br \/> 1x Univerzalni HBM 31,8 mm nosa\u010d za upravlja\u010d<br \/> 1x Magnetski prekida\u010d za duga svjetla s Micro Gold konektorom<br \/> 1x USH22-32: Universelle Tasterhalterung (\u00f8 22 &#8211; 32 mm)<br \/> 1x stezni prsten mali<br \/> 1x stezni prsten veliki<br \/> 1x B54-2A Punja\u010d: brzi punja\u010d upravljan procesorom, s EU utika\u010dem<br \/> 1x nazubljeni vijak za Universal HBM, s malim pri\u010dvrsnim O-prstenom<br \/> 1x Velcro traka<br \/> 1x Samoljepljiva pjenasta podloga za prekida\u010d za duga svjetla<br >U ovom na\u010dinu rada, svako pregrijavanje \u0107elija tijekom procesa punjenja sprije\u010deno je posebnim punjenjem koje kontrolira procesor. Baterija se u ovom na\u010dinu rada puni samo do 85%, \u0161to produljuje radni vijek. <\/p>\n<p>5 GODINA JAMSTVA<\/p>\n<p>Sve \u0161to trebate u\u010diniti je aktivirati potpuno automatski na\u010din rada Longlife vi\u0161e od 50% vremena i osigurati da baterija nije ostavljena potpuno napunjena u vru\u0107em automobilu dulje vrijeme, na primjer. \u010cak i bez kori\u0161tenja Longlife moda, jo\u0161 uvijek dajemo iznimno 3-godi\u0161nje jamstvo.<\/p>\n<p> Dimenzije ku\u0107i\u0161ta prednjeg svjetla: 42 x 85 x 52 mm<br \/> Dimenzije ku\u0107i\u0161ta baterije: 97,6 x 46 x 50 mm<br \/> Supernova broj artikla: W-B54MAX-MBLK<\/p>\n<p><strong>Opseg isporuke<br \/><\/strong>1x prednja strana svjetlo<br \/> 1x B54 baterija<br \/> 1x Univerzalni HBM 31,8 mm nosa\u010d za upravlja\u010d<br \/> 1x Magnetski prekida\u010d za duga svjetla s Micro Gold konektorom<br \/> 1x USH22-32: Universelle Tasterhalterung (\u00f8 22 &#8211; 32 mm)<br \/> 1x stezni prsten mali<br \/> 1x stezni prsten veliki<br \/> 1x B54-2A Punja\u010d: brzi punja\u010d upravljan procesorom, s EU utika\u010dem<br \/> 1x nazubljeni vijak za Universal HBM, s malim pri\u010dvrsnim O-prstenom<br \/> 1x Velcro traka<br \/> 1x Samoljepljiva pjenasta podloga za prekida\u010d za duga svjetla<br ><\/p>\n","protected":false},"excerpt":{"rendered":"<p>Vodootporan uti\u010dni spoj s navojnim rastere\u0107enjem zatezanja. Mo\u017ee se upravljati putem aplikacije Supernova. Najva\u017enijim funkcijama tako\u0111er se mo\u017ee upravljati bez aplikacije. Besplatne dodatne zna\u010dajke putem a\u017euriranja softvera \u010dak pobolj\u0161avaju sustav rasvjete nakon kupnje. Va\u017ene informacije o proizvodu Kompatibilno s Garmin 530, 830 i Serija 1030\/1040 S B54 MAX, SUPERNOVA je postavila novi rekord s dugim&#8230;<\/p>\n","protected":false},"featured_media":10682,"comment_status":"closed","ping_status":"open","template":"","meta":{"_acf_changed":false,"inline_featured_image":false,"_monsterinsights_skip_tracking":false,"_monsterinsights_sitenote_active":false,"_monsterinsights_sitenote_note":"","_monsterinsights_sitenote_category":0},"product_brand":[],"product_cat":[2686],"product_tag":[],"class_list":{"0":"post-14538","1":"product","2":"type-product","3":"status-publish","4":"has-post-thumbnail","6":"product_cat-battery-front-lights-hr","7":"pa_country-of-origin-njemacka-hr","8":"pa_manufacture-name-supernova-hr","10":"first","11":"instock","12":"taxable","13":"shipping-taxable","14":"purchasable","15":"product-type-simple"},"acf":[],"yoast_head":"<!-- This site is optimized with the Yoast SEO plugin v27.4 - https:\/\/yoast.com\/product\/yoast-seo-wordpress\/ -->\n<title>B54 Svjetlo maksimalne baterije - Drugi krog<\/title>\n<meta name=\"robots\" content=\"index, follow, max-snippet:-1, max-image-preview:large, max-video-preview:-1\" \/>\n<link rel=\"canonical\" href=\"https:\/\/drugi-krog.si\/hr\/izdelek\/b54-max-battery-light\/\" \/>\n<meta property=\"og:locale\" content=\"hr_HR\" \/>\n<meta property=\"og:type\" content=\"article\" \/>\n<meta property=\"og:title\" content=\"B54 Svjetlo maksimalne baterije - Drugi krog\" \/>\n<meta property=\"og:description\" content=\"Vodootporan uti\u010dni spoj s navojnim rastere\u0107enjem zatezanja. Mo\u017ee se upravljati putem aplikacije Supernova. Najva\u017enijim funkcijama tako\u0111er se mo\u017ee upravljati bez aplikacije. Besplatne dodatne zna\u010dajke putem a\u017euriranja softvera \u010dak pobolj\u0161avaju sustav rasvjete nakon kupnje. Va\u017ene informacije o proizvodu Kompatibilno s Garmin 530, 830 i Serija 1030\/1040 S B54 MAX, SUPERNOVA je postavila novi rekord s dugim...\" \/>\n<meta property=\"og:url\" content=\"https:\/\/drugi-krog.si\/hr\/izdelek\/b54-max-battery-light\/\" \/>\n<meta property=\"og:site_name\" content=\"Drugi krog\" \/>\n<meta property=\"article:publisher\" content=\"https:\/\/www.facebook.com\/ServisKolesDrugiKrog\/\" \/>\n<meta property=\"article:modified_time\" content=\"2024-12-16T16:04:51+00:00\" \/>\n<meta property=\"og:image\" content=\"https:\/\/drugi-krog.si\/wp-content\/uploads\/2024\/12\/2124346.jpg\" \/>\n\t<meta property=\"og:image:width\" content=\"1200\" \/>\n\t<meta property=\"og:image:height\" content=\"1200\" \/>\n\t<meta property=\"og:image:type\" content=\"image\/png\" \/>\n<meta name=\"twitter:card\" content=\"summary_large_image\" \/>\n<meta name=\"twitter:label1\" content=\"Procijenjeno vrijeme \u010ditanja\" \/>\n\t<meta name=\"twitter:data1\" content=\"5 minuta\" \/>\n<script type=\"application\/ld+json\" class=\"yoast-schema-graph\">{\"@context\":\"https:\\\/\\\/schema.org\",\"@graph\":[{\"@type\":\"WebPage\",\"@id\":\"https:\\\/\\\/drugi-krog.si\\\/hr\\\/izdelek\\\/b54-max-battery-light\\\/\",\"url\":\"https:\\\/\\\/drugi-krog.si\\\/hr\\\/izdelek\\\/b54-max-battery-light\\\/\",\"name\":\"B54 Svjetlo maksimalne baterije - Drugi krog\",\"isPartOf\":{\"@id\":\"https:\\\/\\\/drugi-krog.si\\\/hr\\\/#website\"},\"primaryImageOfPage\":{\"@id\":\"https:\\\/\\\/drugi-krog.si\\\/hr\\\/izdelek\\\/b54-max-battery-light\\\/#primaryimage\"},\"image\":{\"@id\":\"https:\\\/\\\/drugi-krog.si\\\/hr\\\/izdelek\\\/b54-max-battery-light\\\/#primaryimage\"},\"thumbnailUrl\":\"https:\\\/\\\/drugi-krog.si\\\/wp-content\\\/uploads\\\/2024\\\/12\\\/2124346.jpg\",\"datePublished\":\"2024-12-13T10:14:13+00:00\",\"dateModified\":\"2024-12-16T16:04:51+00:00\",\"breadcrumb\":{\"@id\":\"https:\\\/\\\/drugi-krog.si\\\/hr\\\/izdelek\\\/b54-max-battery-light\\\/#breadcrumb\"},\"inLanguage\":\"hr\",\"potentialAction\":[{\"@type\":\"ReadAction\",\"target\":[\"https:\\\/\\\/drugi-krog.si\\\/hr\\\/izdelek\\\/b54-max-battery-light\\\/\"]}]},{\"@type\":\"ImageObject\",\"inLanguage\":\"hr\",\"@id\":\"https:\\\/\\\/drugi-krog.si\\\/hr\\\/izdelek\\\/b54-max-battery-light\\\/#primaryimage\",\"url\":\"https:\\\/\\\/drugi-krog.si\\\/wp-content\\\/uploads\\\/2024\\\/12\\\/2124346.jpg\",\"contentUrl\":\"https:\\\/\\\/drugi-krog.si\\\/wp-content\\\/uploads\\\/2024\\\/12\\\/2124346.jpg\",\"width\":1200,\"height\":1200},{\"@type\":\"BreadcrumbList\",\"@id\":\"https:\\\/\\\/drugi-krog.si\\\/hr\\\/izdelek\\\/b54-max-battery-light\\\/#breadcrumb\",\"itemListElement\":[{\"@type\":\"ListItem\",\"position\":1,\"name\":\"Domov\",\"item\":\"https:\\\/\\\/drugi-krog.si\\\/hr\\\/\"},{\"@type\":\"ListItem\",\"position\":2,\"name\":\"Du\u0107an\",\"item\":\"https:\\\/\\\/drugi-krog.si\\\/hr\\\/ducan\\\/\"},{\"@type\":\"ListItem\",\"position\":3,\"name\":\"B54 Svjetlo maksimalne baterije\"}]},{\"@type\":\"WebSite\",\"@id\":\"https:\\\/\\\/drugi-krog.si\\\/hr\\\/#website\",\"url\":\"https:\\\/\\\/drugi-krog.si\\\/hr\\\/\",\"name\":\"Drugi krog\",\"description\":\"Popravila za vse vrste koles\",\"publisher\":{\"@id\":\"https:\\\/\\\/drugi-krog.si\\\/hr\\\/#organization\"},\"potentialAction\":[{\"@type\":\"SearchAction\",\"target\":{\"@type\":\"EntryPoint\",\"urlTemplate\":\"https:\\\/\\\/drugi-krog.si\\\/hr\\\/?s={search_term_string}\"},\"query-input\":{\"@type\":\"PropertyValueSpecification\",\"valueRequired\":true,\"valueName\":\"search_term_string\"}}],\"inLanguage\":\"hr\"},{\"@type\":\"Organization\",\"@id\":\"https:\\\/\\\/drugi-krog.si\\\/hr\\\/#organization\",\"name\":\"Drugi krog\",\"url\":\"https:\\\/\\\/drugi-krog.si\\\/hr\\\/\",\"logo\":{\"@type\":\"ImageObject\",\"inLanguage\":\"hr\",\"@id\":\"https:\\\/\\\/drugi-krog.si\\\/hr\\\/#\\\/schema\\\/logo\\\/image\\\/\",\"url\":\"https:\\\/\\\/drugi-krog.si\\\/wp-content\\\/uploads\\\/2022\\\/01\\\/logo.svg\",\"contentUrl\":\"https:\\\/\\\/drugi-krog.si\\\/wp-content\\\/uploads\\\/2022\\\/01\\\/logo.svg\",\"caption\":\"Drugi krog\"},\"image\":{\"@id\":\"https:\\\/\\\/drugi-krog.si\\\/hr\\\/#\\\/schema\\\/logo\\\/image\\\/\"},\"sameAs\":[\"https:\\\/\\\/www.facebook.com\\\/ServisKolesDrugiKrog\\\/\"]}]}<\/script>\n<!-- \/ Yoast SEO plugin. -->","yoast_head_json":{"title":"B54 Svjetlo maksimalne baterije - Drugi krog","robots":{"index":"index","follow":"follow","max-snippet":"max-snippet:-1","max-image-preview":"max-image-preview:large","max-video-preview":"max-video-preview:-1"},"canonical":"https:\/\/drugi-krog.si\/hr\/izdelek\/b54-max-battery-light\/","og_locale":"hr_HR","og_type":"article","og_title":"B54 Svjetlo maksimalne baterije - Drugi krog","og_description":"Vodootporan uti\u010dni spoj s navojnim rastere\u0107enjem zatezanja. Mo\u017ee se upravljati putem aplikacije Supernova. Najva\u017enijim funkcijama tako\u0111er se mo\u017ee upravljati bez aplikacije. Besplatne dodatne zna\u010dajke putem a\u017euriranja softvera \u010dak pobolj\u0161avaju sustav rasvjete nakon kupnje. Va\u017ene informacije o proizvodu Kompatibilno s Garmin 530, 830 i Serija 1030\/1040 S B54 MAX, SUPERNOVA je postavila novi rekord s dugim...","og_url":"https:\/\/drugi-krog.si\/hr\/izdelek\/b54-max-battery-light\/","og_site_name":"Drugi krog","article_publisher":"https:\/\/www.facebook.com\/ServisKolesDrugiKrog\/","article_modified_time":"2024-12-16T16:04:51+00:00","og_image":[{"width":1200,"height":1200,"url":"https:\/\/drugi-krog.si\/wp-content\/uploads\/2024\/12\/2124346.jpg","type":"image\/png"}],"twitter_card":"summary_large_image","twitter_misc":{"Procijenjeno vrijeme \u010ditanja":"5 minuta"},"schema":{"@context":"https:\/\/schema.org","@graph":[{"@type":"WebPage","@id":"https:\/\/drugi-krog.si\/hr\/izdelek\/b54-max-battery-light\/","url":"https:\/\/drugi-krog.si\/hr\/izdelek\/b54-max-battery-light\/","name":"B54 Svjetlo maksimalne baterije - Drugi krog","isPartOf":{"@id":"https:\/\/drugi-krog.si\/hr\/#website"},"primaryImageOfPage":{"@id":"https:\/\/drugi-krog.si\/hr\/izdelek\/b54-max-battery-light\/#primaryimage"},"image":{"@id":"https:\/\/drugi-krog.si\/hr\/izdelek\/b54-max-battery-light\/#primaryimage"},"thumbnailUrl":"https:\/\/drugi-krog.si\/wp-content\/uploads\/2024\/12\/2124346.jpg","datePublished":"2024-12-13T10:14:13+00:00","dateModified":"2024-12-16T16:04:51+00:00","breadcrumb":{"@id":"https:\/\/drugi-krog.si\/hr\/izdelek\/b54-max-battery-light\/#breadcrumb"},"inLanguage":"hr","potentialAction":[{"@type":"ReadAction","target":["https:\/\/drugi-krog.si\/hr\/izdelek\/b54-max-battery-light\/"]}]},{"@type":"ImageObject","inLanguage":"hr","@id":"https:\/\/drugi-krog.si\/hr\/izdelek\/b54-max-battery-light\/#primaryimage","url":"https:\/\/drugi-krog.si\/wp-content\/uploads\/2024\/12\/2124346.jpg","contentUrl":"https:\/\/drugi-krog.si\/wp-content\/uploads\/2024\/12\/2124346.jpg","width":1200,"height":1200},{"@type":"BreadcrumbList","@id":"https:\/\/drugi-krog.si\/hr\/izdelek\/b54-max-battery-light\/#breadcrumb","itemListElement":[{"@type":"ListItem","position":1,"name":"Domov","item":"https:\/\/drugi-krog.si\/hr\/"},{"@type":"ListItem","position":2,"name":"Du\u0107an","item":"https:\/\/drugi-krog.si\/hr\/ducan\/"},{"@type":"ListItem","position":3,"name":"B54 Svjetlo maksimalne baterije"}]},{"@type":"WebSite","@id":"https:\/\/drugi-krog.si\/hr\/#website","url":"https:\/\/drugi-krog.si\/hr\/","name":"Drugi krog","description":"Popravila za vse vrste koles","publisher":{"@id":"https:\/\/drugi-krog.si\/hr\/#organization"},"potentialAction":[{"@type":"SearchAction","target":{"@type":"EntryPoint","urlTemplate":"https:\/\/drugi-krog.si\/hr\/?s={search_term_string}"},"query-input":{"@type":"PropertyValueSpecification","valueRequired":true,"valueName":"search_term_string"}}],"inLanguage":"hr"},{"@type":"Organization","@id":"https:\/\/drugi-krog.si\/hr\/#organization","name":"Drugi krog","url":"https:\/\/drugi-krog.si\/hr\/","logo":{"@type":"ImageObject","inLanguage":"hr","@id":"https:\/\/drugi-krog.si\/hr\/#\/schema\/logo\/image\/","url":"https:\/\/drugi-krog.si\/wp-content\/uploads\/2022\/01\/logo.svg","contentUrl":"https:\/\/drugi-krog.si\/wp-content\/uploads\/2022\/01\/logo.svg","caption":"Drugi krog"},"image":{"@id":"https:\/\/drugi-krog.si\/hr\/#\/schema\/logo\/image\/"},"sameAs":["https:\/\/www.facebook.com\/ServisKolesDrugiKrog\/"]}]}},"_links":{"self":[{"href":"https:\/\/drugi-krog.si\/hr\/wp-json\/wp\/v2\/product\/14538","targetHints":{"allow":["GET"]}}],"collection":[{"href":"https:\/\/drugi-krog.si\/hr\/wp-json\/wp\/v2\/product"}],"about":[{"href":"https:\/\/drugi-krog.si\/hr\/wp-json\/wp\/v2\/types\/product"}],"replies":[{"embeddable":true,"href":"https:\/\/drugi-krog.si\/hr\/wp-json\/wp\/v2\/comments?post=14538"}],"wp:featuredmedia":[{"embeddable":true,"href":"https:\/\/drugi-krog.si\/hr\/wp-json\/wp\/v2\/media\/10682"}],"wp:attachment":[{"href":"https:\/\/drugi-krog.si\/hr\/wp-json\/wp\/v2\/media?parent=14538"}],"wp:term":[{"taxonomy":"product_brand","embeddable":true,"href":"https:\/\/drugi-krog.si\/hr\/wp-json\/wp\/v2\/product_brand?post=14538"},{"taxonomy":"product_cat","embeddable":true,"href":"https:\/\/drugi-krog.si\/hr\/wp-json\/wp\/v2\/product_cat?post=14538"},{"taxonomy":"product_tag","embeddable":true,"href":"https:\/\/drugi-krog.si\/hr\/wp-json\/wp\/v2\/product_tag?post=14538"}],"curies":[{"name":"wp","href":"https:\/\/api.w.org\/{rel}","templated":true}]}}