{"id":14602,"date":"2024-12-13T11:14:45","date_gmt":"2024-12-13T10:14:45","guid":{"rendered":"https:\/\/drugi-krog.si\/izdelek\/mt8-sl-fm-1-finger-hc-carbon-lever-blade\/"},"modified":"2024-12-16T17:04:57","modified_gmt":"2024-12-16T16:04:57","slug":"mt8-sl-fm-1-finger-hc-carbon-lever-blade","status":"publish","type":"product","link":"https:\/\/drugi-krog.si\/hr\/izdelek\/mt8-sl-fm-1-finger-hc-carbon-lever-blade\/","title":{"rendered":"MT8 SL FM, jednoprsta HC-Carbon o\u0161trica poluge"},"content":{"rendered":"<p>Preporu\u010deni ko\u010dioni diskovi:<br \/> Storm SL.2 + HC 160 &#8211; 180 mm<br \/> MDR-C + CL 160 &#8211; 180 mm<br \/> Lagana izvedba sa standardom za ravnu monta\u017eu<\/p>\n<p>S MT8 SL FM, ambiciozni voza\u010di cross-country mogu zako\u010diti kad \u017eele \u2013 u posljednjem trenutku.<\/p>\n<p>The MT8 SL FM ima <strong>ko\u010dione diskove do 180 mm<\/strong>, \u0161to ga \u010dini jednako sna\u017enim i otpornim na habanje kao i MT8 SL, na kojem se temelji. <\/p>\n<p> HC karbonska poluga s jednim prstom ergonomski je optimizirana i prikladna je i za voza\u010de s manjim rukama.<br \/> Promijenjena geometrija omogu\u0107uje da se vozi bli\u017ee upravlja\u010du za ve\u0107u udobnost na duge nizbrdice i pove\u0107anu kontrolu.<\/p>\n<p><strong>5 GODINA JAMSTVA<\/strong> <\/p>\n<p>MAGURA nudi petogodi\u0161nje jamstvo na nepropusnost za sve MAGURA glavne ko\u010dnice i ko\u010dione \u010deljusti\/cilindri, pod uvjetom da su opremljeni isklju\u010divo originalnim MAGURA rezervnim dijelovima.<\/p>\n<p><strong>Opseg isporuke<br \/><\/strong>Jedna ko\u010dnica<br > Priru\u010dnik<br \/> Vre\u0107ica za male dijelove<\/p>\n","protected":false},"excerpt":{"rendered":"<p>Preporu\u010deni ko\u010dioni diskovi: Storm SL.2 + HC 160 &#8211; 180 mm MDR-C + CL 160 &#8211; 180 mm Lagana izvedba sa standardom za ravnu monta\u017eu S MT8 SL FM, ambiciozni voza\u010di cross-country mogu zako\u010diti kad \u017eele \u2013 u posljednjem trenutku. The MT8 SL FM ima ko\u010dione diskove do 180 mm, \u0161to ga \u010dini jednako sna\u017enim&#8230;<\/p>\n","protected":false},"featured_media":10938,"comment_status":"closed","ping_status":"closed","template":"","meta":{"_acf_changed":false,"inline_featured_image":false,"_monsterinsights_skip_tracking":false,"_monsterinsights_sitenote_active":false,"_monsterinsights_sitenote_note":"","_monsterinsights_sitenote_category":0},"product_brand":[],"product_cat":[2738],"product_tag":[],"class_list":{"0":"post-14602","1":"product","2":"type-product","3":"status-publish","4":"has-post-thumbnail","6":"product_cat-disc-brakes-hr","7":"pa_country-of-origin-tajvan-hr","8":"pa_manufacture-name-magura-hr","10":"first","11":"instock","12":"taxable","13":"shipping-taxable","14":"purchasable","15":"product-type-simple"},"acf":[],"yoast_head":"<!-- This site is optimized with the Yoast SEO plugin v27.4 - https:\/\/yoast.com\/product\/yoast-seo-wordpress\/ -->\n<title>MT8 SL FM, jednoprsta HC-Carbon o\u0161trica poluge - Drugi krog<\/title>\n<meta name=\"robots\" content=\"index, follow, max-snippet:-1, max-image-preview:large, max-video-preview:-1\" \/>\n<link rel=\"canonical\" href=\"https:\/\/drugi-krog.si\/hr\/izdelek\/mt8-sl-fm-1-finger-hc-carbon-lever-blade\/\" \/>\n<meta property=\"og:locale\" content=\"hr_HR\" \/>\n<meta property=\"og:type\" content=\"article\" \/>\n<meta property=\"og:title\" content=\"MT8 SL FM, jednoprsta HC-Carbon o\u0161trica poluge - Drugi krog\" \/>\n<meta property=\"og:description\" content=\"Preporu\u010deni ko\u010dioni diskovi: Storm SL.2 + HC 160 &#8211; 180 mm MDR-C + CL 160 &#8211; 180 mm Lagana izvedba sa standardom za ravnu monta\u017eu S MT8 SL FM, ambiciozni voza\u010di cross-country mogu zako\u010diti kad \u017eele \u2013 u posljednjem trenutku. The MT8 SL FM ima ko\u010dione diskove do 180 mm, \u0161to ga \u010dini jednako sna\u017enim...\" \/>\n<meta property=\"og:url\" content=\"https:\/\/drugi-krog.si\/hr\/izdelek\/mt8-sl-fm-1-finger-hc-carbon-lever-blade\/\" \/>\n<meta property=\"og:site_name\" content=\"Drugi krog\" \/>\n<meta property=\"article:publisher\" content=\"https:\/\/www.facebook.com\/ServisKolesDrugiKrog\/\" \/>\n<meta property=\"article:modified_time\" content=\"2024-12-16T16:04:57+00:00\" \/>\n<meta property=\"og:image\" content=\"https:\/\/drugi-krog.si\/wp-content\/uploads\/2024\/12\/2701632.jpg\" \/>\n\t<meta property=\"og:image:width\" content=\"1200\" \/>\n\t<meta property=\"og:image:height\" content=\"1200\" \/>\n\t<meta property=\"og:image:type\" content=\"image\/png\" \/>\n<meta name=\"twitter:card\" content=\"summary_large_image\" \/>\n<meta name=\"twitter:label1\" content=\"Procijenjeno vrijeme \u010ditanja\" \/>\n\t<meta name=\"twitter:data1\" content=\"1 minuta\" \/>\n<script type=\"application\/ld+json\" class=\"yoast-schema-graph\">{\"@context\":\"https:\\\/\\\/schema.org\",\"@graph\":[{\"@type\":\"WebPage\",\"@id\":\"https:\\\/\\\/drugi-krog.si\\\/hr\\\/izdelek\\\/mt8-sl-fm-1-finger-hc-carbon-lever-blade\\\/\",\"url\":\"https:\\\/\\\/drugi-krog.si\\\/hr\\\/izdelek\\\/mt8-sl-fm-1-finger-hc-carbon-lever-blade\\\/\",\"name\":\"MT8 SL FM, jednoprsta HC-Carbon o\u0161trica poluge - Drugi krog\",\"isPartOf\":{\"@id\":\"https:\\\/\\\/drugi-krog.si\\\/hr\\\/#website\"},\"primaryImageOfPage\":{\"@id\":\"https:\\\/\\\/drugi-krog.si\\\/hr\\\/izdelek\\\/mt8-sl-fm-1-finger-hc-carbon-lever-blade\\\/#primaryimage\"},\"image\":{\"@id\":\"https:\\\/\\\/drugi-krog.si\\\/hr\\\/izdelek\\\/mt8-sl-fm-1-finger-hc-carbon-lever-blade\\\/#primaryimage\"},\"thumbnailUrl\":\"https:\\\/\\\/drugi-krog.si\\\/wp-content\\\/uploads\\\/2024\\\/12\\\/2701632.jpg\",\"datePublished\":\"2024-12-13T10:14:45+00:00\",\"dateModified\":\"2024-12-16T16:04:57+00:00\",\"breadcrumb\":{\"@id\":\"https:\\\/\\\/drugi-krog.si\\\/hr\\\/izdelek\\\/mt8-sl-fm-1-finger-hc-carbon-lever-blade\\\/#breadcrumb\"},\"inLanguage\":\"hr\",\"potentialAction\":[{\"@type\":\"ReadAction\",\"target\":[\"https:\\\/\\\/drugi-krog.si\\\/hr\\\/izdelek\\\/mt8-sl-fm-1-finger-hc-carbon-lever-blade\\\/\"]}]},{\"@type\":\"ImageObject\",\"inLanguage\":\"hr\",\"@id\":\"https:\\\/\\\/drugi-krog.si\\\/hr\\\/izdelek\\\/mt8-sl-fm-1-finger-hc-carbon-lever-blade\\\/#primaryimage\",\"url\":\"https:\\\/\\\/drugi-krog.si\\\/wp-content\\\/uploads\\\/2024\\\/12\\\/2701632.jpg\",\"contentUrl\":\"https:\\\/\\\/drugi-krog.si\\\/wp-content\\\/uploads\\\/2024\\\/12\\\/2701632.jpg\",\"width\":1200,\"height\":1200},{\"@type\":\"BreadcrumbList\",\"@id\":\"https:\\\/\\\/drugi-krog.si\\\/hr\\\/izdelek\\\/mt8-sl-fm-1-finger-hc-carbon-lever-blade\\\/#breadcrumb\",\"itemListElement\":[{\"@type\":\"ListItem\",\"position\":1,\"name\":\"Domov\",\"item\":\"https:\\\/\\\/drugi-krog.si\\\/hr\\\/\"},{\"@type\":\"ListItem\",\"position\":2,\"name\":\"Du\u0107an\",\"item\":\"https:\\\/\\\/drugi-krog.si\\\/hr\\\/ducan\\\/\"},{\"@type\":\"ListItem\",\"position\":3,\"name\":\"MT8 SL FM, jednoprsta HC-Carbon o\u0161trica poluge\"}]},{\"@type\":\"WebSite\",\"@id\":\"https:\\\/\\\/drugi-krog.si\\\/hr\\\/#website\",\"url\":\"https:\\\/\\\/drugi-krog.si\\\/hr\\\/\",\"name\":\"Drugi krog\",\"description\":\"Popravila za vse vrste koles\",\"publisher\":{\"@id\":\"https:\\\/\\\/drugi-krog.si\\\/hr\\\/#organization\"},\"potentialAction\":[{\"@type\":\"SearchAction\",\"target\":{\"@type\":\"EntryPoint\",\"urlTemplate\":\"https:\\\/\\\/drugi-krog.si\\\/hr\\\/?s={search_term_string}\"},\"query-input\":{\"@type\":\"PropertyValueSpecification\",\"valueRequired\":true,\"valueName\":\"search_term_string\"}}],\"inLanguage\":\"hr\"},{\"@type\":\"Organization\",\"@id\":\"https:\\\/\\\/drugi-krog.si\\\/hr\\\/#organization\",\"name\":\"Drugi krog\",\"url\":\"https:\\\/\\\/drugi-krog.si\\\/hr\\\/\",\"logo\":{\"@type\":\"ImageObject\",\"inLanguage\":\"hr\",\"@id\":\"https:\\\/\\\/drugi-krog.si\\\/hr\\\/#\\\/schema\\\/logo\\\/image\\\/\",\"url\":\"https:\\\/\\\/drugi-krog.si\\\/wp-content\\\/uploads\\\/2022\\\/01\\\/logo.svg\",\"contentUrl\":\"https:\\\/\\\/drugi-krog.si\\\/wp-content\\\/uploads\\\/2022\\\/01\\\/logo.svg\",\"caption\":\"Drugi krog\"},\"image\":{\"@id\":\"https:\\\/\\\/drugi-krog.si\\\/hr\\\/#\\\/schema\\\/logo\\\/image\\\/\"},\"sameAs\":[\"https:\\\/\\\/www.facebook.com\\\/ServisKolesDrugiKrog\\\/\"]}]}<\/script>\n<!-- \/ Yoast SEO plugin. -->","yoast_head_json":{"title":"MT8 SL FM, jednoprsta HC-Carbon o\u0161trica poluge - Drugi krog","robots":{"index":"index","follow":"follow","max-snippet":"max-snippet:-1","max-image-preview":"max-image-preview:large","max-video-preview":"max-video-preview:-1"},"canonical":"https:\/\/drugi-krog.si\/hr\/izdelek\/mt8-sl-fm-1-finger-hc-carbon-lever-blade\/","og_locale":"hr_HR","og_type":"article","og_title":"MT8 SL FM, jednoprsta HC-Carbon o\u0161trica poluge - Drugi krog","og_description":"Preporu\u010deni ko\u010dioni diskovi: Storm SL.2 + HC 160 &#8211; 180 mm MDR-C + CL 160 &#8211; 180 mm Lagana izvedba sa standardom za ravnu monta\u017eu S MT8 SL FM, ambiciozni voza\u010di cross-country mogu zako\u010diti kad \u017eele \u2013 u posljednjem trenutku. The MT8 SL FM ima ko\u010dione diskove do 180 mm, \u0161to ga \u010dini jednako sna\u017enim...","og_url":"https:\/\/drugi-krog.si\/hr\/izdelek\/mt8-sl-fm-1-finger-hc-carbon-lever-blade\/","og_site_name":"Drugi krog","article_publisher":"https:\/\/www.facebook.com\/ServisKolesDrugiKrog\/","article_modified_time":"2024-12-16T16:04:57+00:00","og_image":[{"width":1200,"height":1200,"url":"https:\/\/drugi-krog.si\/wp-content\/uploads\/2024\/12\/2701632.jpg","type":"image\/png"}],"twitter_card":"summary_large_image","twitter_misc":{"Procijenjeno vrijeme \u010ditanja":"1 minuta"},"schema":{"@context":"https:\/\/schema.org","@graph":[{"@type":"WebPage","@id":"https:\/\/drugi-krog.si\/hr\/izdelek\/mt8-sl-fm-1-finger-hc-carbon-lever-blade\/","url":"https:\/\/drugi-krog.si\/hr\/izdelek\/mt8-sl-fm-1-finger-hc-carbon-lever-blade\/","name":"MT8 SL FM, jednoprsta HC-Carbon o\u0161trica poluge - Drugi krog","isPartOf":{"@id":"https:\/\/drugi-krog.si\/hr\/#website"},"primaryImageOfPage":{"@id":"https:\/\/drugi-krog.si\/hr\/izdelek\/mt8-sl-fm-1-finger-hc-carbon-lever-blade\/#primaryimage"},"image":{"@id":"https:\/\/drugi-krog.si\/hr\/izdelek\/mt8-sl-fm-1-finger-hc-carbon-lever-blade\/#primaryimage"},"thumbnailUrl":"https:\/\/drugi-krog.si\/wp-content\/uploads\/2024\/12\/2701632.jpg","datePublished":"2024-12-13T10:14:45+00:00","dateModified":"2024-12-16T16:04:57+00:00","breadcrumb":{"@id":"https:\/\/drugi-krog.si\/hr\/izdelek\/mt8-sl-fm-1-finger-hc-carbon-lever-blade\/#breadcrumb"},"inLanguage":"hr","potentialAction":[{"@type":"ReadAction","target":["https:\/\/drugi-krog.si\/hr\/izdelek\/mt8-sl-fm-1-finger-hc-carbon-lever-blade\/"]}]},{"@type":"ImageObject","inLanguage":"hr","@id":"https:\/\/drugi-krog.si\/hr\/izdelek\/mt8-sl-fm-1-finger-hc-carbon-lever-blade\/#primaryimage","url":"https:\/\/drugi-krog.si\/wp-content\/uploads\/2024\/12\/2701632.jpg","contentUrl":"https:\/\/drugi-krog.si\/wp-content\/uploads\/2024\/12\/2701632.jpg","width":1200,"height":1200},{"@type":"BreadcrumbList","@id":"https:\/\/drugi-krog.si\/hr\/izdelek\/mt8-sl-fm-1-finger-hc-carbon-lever-blade\/#breadcrumb","itemListElement":[{"@type":"ListItem","position":1,"name":"Domov","item":"https:\/\/drugi-krog.si\/hr\/"},{"@type":"ListItem","position":2,"name":"Du\u0107an","item":"https:\/\/drugi-krog.si\/hr\/ducan\/"},{"@type":"ListItem","position":3,"name":"MT8 SL FM, jednoprsta HC-Carbon o\u0161trica poluge"}]},{"@type":"WebSite","@id":"https:\/\/drugi-krog.si\/hr\/#website","url":"https:\/\/drugi-krog.si\/hr\/","name":"Drugi krog","description":"Popravila za vse vrste koles","publisher":{"@id":"https:\/\/drugi-krog.si\/hr\/#organization"},"potentialAction":[{"@type":"SearchAction","target":{"@type":"EntryPoint","urlTemplate":"https:\/\/drugi-krog.si\/hr\/?s={search_term_string}"},"query-input":{"@type":"PropertyValueSpecification","valueRequired":true,"valueName":"search_term_string"}}],"inLanguage":"hr"},{"@type":"Organization","@id":"https:\/\/drugi-krog.si\/hr\/#organization","name":"Drugi krog","url":"https:\/\/drugi-krog.si\/hr\/","logo":{"@type":"ImageObject","inLanguage":"hr","@id":"https:\/\/drugi-krog.si\/hr\/#\/schema\/logo\/image\/","url":"https:\/\/drugi-krog.si\/wp-content\/uploads\/2022\/01\/logo.svg","contentUrl":"https:\/\/drugi-krog.si\/wp-content\/uploads\/2022\/01\/logo.svg","caption":"Drugi krog"},"image":{"@id":"https:\/\/drugi-krog.si\/hr\/#\/schema\/logo\/image\/"},"sameAs":["https:\/\/www.facebook.com\/ServisKolesDrugiKrog\/"]}]}},"_links":{"self":[{"href":"https:\/\/drugi-krog.si\/hr\/wp-json\/wp\/v2\/product\/14602","targetHints":{"allow":["GET"]}}],"collection":[{"href":"https:\/\/drugi-krog.si\/hr\/wp-json\/wp\/v2\/product"}],"about":[{"href":"https:\/\/drugi-krog.si\/hr\/wp-json\/wp\/v2\/types\/product"}],"replies":[{"embeddable":true,"href":"https:\/\/drugi-krog.si\/hr\/wp-json\/wp\/v2\/comments?post=14602"}],"wp:featuredmedia":[{"embeddable":true,"href":"https:\/\/drugi-krog.si\/hr\/wp-json\/wp\/v2\/media\/10938"}],"wp:attachment":[{"href":"https:\/\/drugi-krog.si\/hr\/wp-json\/wp\/v2\/media?parent=14602"}],"wp:term":[{"taxonomy":"product_brand","embeddable":true,"href":"https:\/\/drugi-krog.si\/hr\/wp-json\/wp\/v2\/product_brand?post=14602"},{"taxonomy":"product_cat","embeddable":true,"href":"https:\/\/drugi-krog.si\/hr\/wp-json\/wp\/v2\/product_cat?post=14602"},{"taxonomy":"product_tag","embeddable":true,"href":"https:\/\/drugi-krog.si\/hr\/wp-json\/wp\/v2\/product_tag?post=14602"}],"curies":[{"name":"wp","href":"https:\/\/api.w.org\/{rel}","templated":true}]}}